{"id":9658,"date":"2022-11-27T21:02:48","date_gmt":"2022-11-27T19:02:48","guid":{"rendered":"https:\/\/www.barefoot-baltics.ee\/?post_type=product&#038;p=9658"},"modified":"2023-08-29T21:04:37","modified_gmt":"2023-08-29T18:04:37","slug":"hobisadul-barrydale-pro","status":"publish","type":"product","link":"https:\/\/www.barefoot-baltics.ee\/et\/toode\/hobisadul-barrydale-pro\/","title":{"rendered":"\u00dcldsadul &#8220;Barrydale PRO&#8221;"},"content":{"rendered":"<p>Barefoot\u00ae PRO &#8211; veelgi mugavam sadul! Uus PRO iste v\u00f5imaldab s\u00f5itjal istuda kitsamas, p\u00fcstises ja puusas\u00f5bralikumas asendis.<\/p>\n<p>Barefooti \u201cBarrydale\u201d on ergonoomiline, pehmest nubuknahast tehtud koolis\u00f5idu-kalduvustega hobisadul, mida saab suurep\u00e4raselt kasutada ka r\u00e4nnakuteks. Sadula iste on s\u00fcgav ja kindel; see justkui raamistab ratsaniku. \u201cBarrydale\u201d on menukas ka kestvuss\u00f5itjate hulgas, sest see on hobuse seljale kerge ja hoiab ratsaniku jalad vaevata \u00f5iges asendis ka metsas ja k\u00fcnklikul maastikul.<\/p>\n<p>Sadulatrippide V-kujuline paigutus aitab leida sadulav\u00f6\u00f6le \u00f5ige koha ka ebatavalise kerega hobustel. Sarnaselt teiste Barefooti sadulatega saab \u201cBarrydale\u2019il\u201d muuta jaluserihmade kinnituse asukohta. Sadulal on \u00fcheksa D-r\u00f5ngast k\u00f5ige vajaliku riputamiseks. Kiudklaasist sadulakaar (kaasas on suurus: \u201ckeskmine\u201d) on vahetatav, nagu Barefooti sadulatel ikka.<\/p>\n<p>Sadula paigutus hobuse seljal on tavalisest pisut eespool, mis paigutab ratsaniku otse hobuse raskuskeskme peale. T\u00e4nu sellele on hobusel kergem tasakaalus p\u00fcsida. Sadul v\u00f5imaldab ka hobuse lihaste t\u00f6\u00f6d ja selja liikumist h\u00e4sti tunnetada, mis on edasij\u00f5udnud (v\u00f5i oma oskusi parandada soovivatele) ratsanikele kindlasti vajalik.<\/p>\n<ul>\n<li>Painduv igas suunas.<\/li>\n<li>Ratsaniku raskus kandub hobusele \u00fchtlaselt ja hobuse selg areneb terveks ja tugevaks.<\/li>\n<li>Kohandatav jaluserihmade kinnitus.<\/li>\n<li>V-kujuliselt paigutatud sadulatripid.<\/li>\n<li>VPS-s\u00fcsteemiga.<\/li>\n<li>Suured, anatoomilised p\u00f5lvepadjad.<\/li>\n<li>Kaalub ainult 6 kg.<\/li>\n<\/ul>\n","protected":false},"excerpt":{"rendered":"<ul>\n<li>\u00d5hukesed, \u00fchekordsed h\u00f5lmad<\/li>\n<li>Uue PRO-istmega<\/li>\n<li>Mugavad, ergonoomilised p\u00f5lvepadjad<\/li>\n<li>S\u00fcgav ja v\u00e4ga kindel iste<\/li>\n<li>Suurep\u00e4rane ka pikkadeks matkadeks<\/li>\n<\/ul>\n","protected":false},"featured_media":9728,"template":"","meta":[],"product_brand":[],"product_cat":[357],"product_tag":[353,337,2407],"class_list":{"0":"post-9658","1":"product","2":"type-product","3":"status-publish","4":"has-post-thumbnail","6":"product_cat-raamita-sadulad","7":"product_tag-mitmekulgne","8":"product_tag-nahast","9":"product_tag-pro-et","10":"product_shipping_class-courier-delivery","11":"pa_size-1-et","12":"pa_size-2-et","14":"first","15":"onbackorder","16":"shipping-taxable","17":"purchasable","18":"product-type-variable"},"_links":{"self":[{"href":"https:\/\/www.barefoot-baltics.ee\/et\/wp-json\/wp\/v2\/product\/9658","targetHints":{"allow":["GET"]}}],"collection":[{"href":"https:\/\/www.barefoot-baltics.ee\/et\/wp-json\/wp\/v2\/product"}],"about":[{"href":"https:\/\/www.barefoot-baltics.ee\/et\/wp-json\/wp\/v2\/types\/product"}],"wp:featuredmedia":[{"embeddable":true,"href":"https:\/\/www.barefoot-baltics.ee\/et\/wp-json\/wp\/v2\/media\/9728"}],"wp:attachment":[{"href":"https:\/\/www.barefoot-baltics.ee\/et\/wp-json\/wp\/v2\/media?parent=9658"}],"wp:term":[{"taxonomy":"product_brand","embeddable":true,"href":"https:\/\/www.barefoot-baltics.ee\/et\/wp-json\/wp\/v2\/product_brand?post=9658"},{"taxonomy":"product_cat","embeddable":true,"href":"https:\/\/www.barefoot-baltics.ee\/et\/wp-json\/wp\/v2\/product_cat?post=9658"},{"taxonomy":"product_tag","embeddable":true,"href":"https:\/\/www.barefoot-baltics.ee\/et\/wp-json\/wp\/v2\/product_tag?post=9658"}],"curies":[{"name":"wp","href":"https:\/\/api.w.org\/{rel}","templated":true}]}}