{"id":9627,"date":"2022-11-27T20:59:35","date_gmt":"2022-11-27T18:59:35","guid":{"rendered":"https:\/\/www.barefoot-baltics.ee\/?post_type=product&#038;p=9627"},"modified":"2024-12-23T20:33:19","modified_gmt":"2024-12-23T18:33:19","slug":"koolisoidusadul-lexington-copy","status":"publish","type":"product","link":"https:\/\/www.barefoot-baltics.ee\/et\/toode\/koolisoidusadul-lexington-copy\/","title":{"rendered":"Koolis\u00f5idusadul \u201cLexington\u201d (Copy)"},"content":{"rendered":"<p>Barefooti \u201cLexington\u201d on klassikalise v\u00e4limusega uuenduslik koolis\u00f5idusadul, mis on valmistatud nubuknahast. Taglastus on paindlik: jaluserihmade kinnituse kohta saab muuta ja V-kujuliselt paigutatud sadulatripid aitavad leida sadulav\u00f6\u00f6le hea asendi ka erip\u00e4rase kerekujuga hobustega. Samuti saab muuta p\u00f5lvepatjade asendit. Sellel sadulal on kiilukujuline VPS-s\u00fcsteem, mist\u00f5ttu sobib see h\u00e4sti ainult k\u00f5rge turjaga sporthobustele.<\/p>\n<p>\u201cLexington\u201d annab ratsanikule v\u00e4ga hea hobusetunnetuse; iga lihasepingutus on tunda. See on vajalik, et viia oma ratsutamisoskused k\u00f5ige k\u00f5rgemale tasemele. Sadulal kiilukujuline VPS-s\u00fcsteemiga polster t\u00f5stab sadula p\u00e4ra k\u00f5rgemale ja aitab ratsanikul istuda sadulas sirgelt. Head istakut soosivad ka p\u00f5lvepadjad, mis annavad hea toe. Teiste koolis\u00f5idusadulatega v\u00f5rreldes eristub \u201cLexington\u201d selle poolest, et sadul on hobuse seljas eespool; otse looma raskuskeskme peal. See aitab hobusel liikudes paremini tasakaalu j\u00e4\u00e4da.<\/p>\n<p>T\u00e4nu suurematele h\u00f5lmadele ja pressitud p\u00f5lvepatjadele on ratsaniku jalad h\u00e4sti toetatud. Nende alla saab kr\u00f5pskinnituste abil paigutada p\u00f5lvepadja toed, mis on kahes erinevas suuruses ka sadulaga kaasas. P\u00f5lvepadjad on varustatud AirPump-s\u00fcsteemiga, mis teeb need ratsanikule veel mugavamaks ja toetavamaks.<\/p>\n<p>\u201cLexingtoniga\u201d v\u00f5ib muidugi minna ka matkama; see annab Sulle piisavalt hea toe ka pikkadel retkedel. Sadulal on kuus D-r\u00f5ngast valtrapi kinnitamiseks ja k\u00f5ige vajaliku riputamiseks. Kiudklaasist sadulakaar (kaasas on suurus: \u201ckeskmine\u201d) on vahetatav, nagu Barefooti sadulatel ikka.<\/p>\n<ul>\n<li>Painduv igas suunas.<\/li>\n<li>Hobuse seljalihased ei k\u00e4rbu, kuna survepunkte ei teki.<\/li>\n<li>Jaluserihmade kinnituse kohta saab muuta.<\/li>\n<li>VPS-s\u00fcsteemiga.<\/li>\n<li>Paindlik V-kujuline sadulatrippide paigutus.<\/li>\n<li>Reguleeritavad p\u00f5lvepadjad.<\/li>\n<li>Hea kontakt hobusega ja mugav, tasakaalus iste hobuse raskuskeskme peal.<\/li>\n<li>Kaalub ainult u. 6 kg.<\/li>\n<\/ul>\n<p>\u201cLexington\u201d on saadaval kahes versioonis: pikema ja l\u00fchema h\u00f5lmaga. Pikema h\u00f5lmaga variant sobib pikemate jalgadega, pikemat kasvu (\u00fcle 170 cm) ratsanikule, l\u00fchema h\u00f5lmaga sadul aga l\u00fchemat kasvu (alla 170 cm) ratsanikule.<\/p>\n<p>\u201cLexington\u201d on saadaval ka suurusega 0, kuid see on eritellimus, mille t\u00e4itmine v\u00f5ib v\u00f5tta isegi 3 kuud aega.<\/p>\n","protected":false},"excerpt":{"rendered":"<ul>\n<li>Nubuknahast valmistatud paindlik koolis\u00f5idusadul<\/li>\n<li>P\u00f5lvepatjade asendit saab kr\u00f5pskinnituste abil muuta<\/li>\n<li>Jaluserihmade kinnituse kohta saab samuti muuta<\/li>\n<li>Kiilukujulise VPS-s\u00fcsteemiga &#8211; sobib ainult k\u00f5rge turjaga hobustele<\/li>\n<li>V-kujuline sadulatrippide paigutus aitab leida hea asendi sadulav\u00f6\u00f6le<\/li>\n<\/ul>\n","protected":false},"featured_media":2435,"template":"","meta":[],"product_brand":[],"product_cat":[357],"product_tag":[311,317,337],"class_list":{"0":"post-9627","1":"product","2":"type-product","3":"status-publish","4":"has-post-thumbnail","6":"product_cat-raamita-sadulad","7":"product_tag-elegantne","8":"product_tag-koolisoit","9":"product_tag-nahast","10":"product_shipping_class-courier-delivery","11":"pa_flap-luhike","12":"pa_flap-pikk","13":"pa_size-0-et","14":"pa_size-1-et","15":"pa_size-2-et","17":"first","18":"onbackorder","19":"shipping-taxable","20":"purchasable","21":"product-type-variable"},"_links":{"self":[{"href":"https:\/\/www.barefoot-baltics.ee\/et\/wp-json\/wp\/v2\/product\/9627","targetHints":{"allow":["GET"]}}],"collection":[{"href":"https:\/\/www.barefoot-baltics.ee\/et\/wp-json\/wp\/v2\/product"}],"about":[{"href":"https:\/\/www.barefoot-baltics.ee\/et\/wp-json\/wp\/v2\/types\/product"}],"wp:featuredmedia":[{"embeddable":true,"href":"https:\/\/www.barefoot-baltics.ee\/et\/wp-json\/wp\/v2\/media\/2435"}],"wp:attachment":[{"href":"https:\/\/www.barefoot-baltics.ee\/et\/wp-json\/wp\/v2\/media?parent=9627"}],"wp:term":[{"taxonomy":"product_brand","embeddable":true,"href":"https:\/\/www.barefoot-baltics.ee\/et\/wp-json\/wp\/v2\/product_brand?post=9627"},{"taxonomy":"product_cat","embeddable":true,"href":"https:\/\/www.barefoot-baltics.ee\/et\/wp-json\/wp\/v2\/product_cat?post=9627"},{"taxonomy":"product_tag","embeddable":true,"href":"https:\/\/www.barefoot-baltics.ee\/et\/wp-json\/wp\/v2\/product_tag?post=9627"}],"curies":[{"name":"wp","href":"https:\/\/api.w.org\/{rel}","templated":true}]}}