{"id":9519,"date":"2022-11-27T20:31:08","date_gmt":"2022-11-27T18:31:08","guid":{"rendered":"https:\/\/www.barefoot-baltics.ee\/?post_type=product&#038;p=9519"},"modified":"2023-08-29T21:08:40","modified_gmt":"2023-08-29T18:08:40","slug":"rannakusadul-tserokee-pro","status":"publish","type":"product","link":"https:\/\/www.barefoot-baltics.ee\/et\/toode\/rannakusadul-tserokee-pro\/","title":{"rendered":"R\u00e4nnakusadul &#8220;T\u0161erokee PRO&#8221;"},"content":{"rendered":"<p>Barefoot\u00ae PRO &#8211; veelgi mugavam sadul! Uus PRO iste v\u00f5imaldab s\u00f5itjal istuda kitsamas, p\u00fcstises ja puusas\u00f5bralikumas asendis.<\/p>\n<p>Barefooti \u201cT\u0161erokee\u201d on mitmek\u00fclgne r\u00e4nnakusadul, mida saab kasutada ka platsil. See on valmistatud vastupidavast, avapoorsest lehmanahast, millel t\u00e4nu t\u00f6\u00f6tlusele on ka pori t\u00f5rjuv omadus. See on igas suunas painduv ja kohandub h\u00e4sti hobuse selja kujuga.<\/p>\n<p>Sadula alus on tehtud tihedast, sadula v\u00e4rvile vastavast fliisist. \u00c4\u00e4ristus on nahast ja sadulal on kaheksa D-r\u00f5ngast ja nahkrihmadega kont\u0161ad k\u00f5ige vajaliku riputamiseks. Pehmendatud p\u00f5lvepatju saab kr\u00f5psu abil reguleerida, nii et sadul on igale ratsanikule mugav. P\u00f5lvepatjadel on ka \u00f5huringluss\u00fcsteem AirPump, mis teeb need ratsaniku jaoks veel pehmemaks. Kiudklaasist sadulakaar (kaasas on suurus: \u201ckeskmine\u201d) on vahetatav, nagu Barefooti sadulatel ikka.<\/p>\n<p>Jaluserihmade kinnituse kohta saab \u201cT\u0161erokeel\u201d muuta. Sadulatrippide paigutus on V-kujuline, mis v\u00f5imaldab leida sadulav\u00f6\u00f6le \u00f5ige asendi ka erilise kerekujuga hobustel.<\/p>\n<ul>\n<li>Painduv igas suunas.<\/li>\n<li>Ratsaniku raskus kandub hobusele \u00fchtlaselt ja hobuse selg areneb terveks ja tugevaks.<\/li>\n<li>Jaluserihmade kinnituse kohta saab muuta.<\/li>\n<li>VPS-s\u00fcsteemiga.<\/li>\n<li>V-kujuliselt paigutatud sadulatrippidega.<\/li>\n<li>Reguleeritavate p\u00f5lvepatjadega.<\/li>\n<li>Hea kontakt hobusega ja mugav, tasakaalus iste hobuse raskuskeskme peal.<\/li>\n<li>Kaalub ainult 6 kg.<\/li>\n<\/ul>\n","protected":false},"excerpt":{"rendered":"<ul>\n<li>Suurep\u00e4rane r\u00e4nnaku- ja matkasadulaks<\/li>\n<li>Uue PRO-istmega<\/li>\n<li>V\u00e4ga painduv &#8211; mugandub hobuse selja kujuga<\/li>\n<li>Valmistatud avapoorsest, pori-t\u00f5rjuvast lehmanahast<\/li>\n<li>Pehmendatud ja kr\u00f5psuga reguleeritavad p\u00f5lvepadjad<\/li>\n<\/ul>\n","protected":false},"featured_media":9540,"template":"","meta":[],"product_brand":[],"product_cat":[357],"product_tag":[353,337,2407,352,318],"class_list":{"0":"post-9519","1":"product","2":"type-product","3":"status-publish","4":"has-post-thumbnail","6":"product_cat-raamita-sadulad","7":"product_tag-mitmekulgne","8":"product_tag-nahast","9":"product_tag-pro-et","10":"product_tag-rannakule","11":"product_tag-vastupidav","12":"product_shipping_class-courier-delivery","13":"pa_size-1-et","14":"pa_size-2-et","16":"first","17":"onbackorder","18":"shipping-taxable","19":"purchasable","20":"product-type-variable"},"_links":{"self":[{"href":"https:\/\/www.barefoot-baltics.ee\/et\/wp-json\/wp\/v2\/product\/9519","targetHints":{"allow":["GET"]}}],"collection":[{"href":"https:\/\/www.barefoot-baltics.ee\/et\/wp-json\/wp\/v2\/product"}],"about":[{"href":"https:\/\/www.barefoot-baltics.ee\/et\/wp-json\/wp\/v2\/types\/product"}],"wp:featuredmedia":[{"embeddable":true,"href":"https:\/\/www.barefoot-baltics.ee\/et\/wp-json\/wp\/v2\/media\/9540"}],"wp:attachment":[{"href":"https:\/\/www.barefoot-baltics.ee\/et\/wp-json\/wp\/v2\/media?parent=9519"}],"wp:term":[{"taxonomy":"product_brand","embeddable":true,"href":"https:\/\/www.barefoot-baltics.ee\/et\/wp-json\/wp\/v2\/product_brand?post=9519"},{"taxonomy":"product_cat","embeddable":true,"href":"https:\/\/www.barefoot-baltics.ee\/et\/wp-json\/wp\/v2\/product_cat?post=9519"},{"taxonomy":"product_tag","embeddable":true,"href":"https:\/\/www.barefoot-baltics.ee\/et\/wp-json\/wp\/v2\/product_tag?post=9519"}],"curies":[{"name":"wp","href":"https:\/\/api.w.org\/{rel}","templated":true}]}}