{"id":9417,"date":"2022-11-27T19:00:54","date_gmt":"2022-11-27T17:00:54","guid":{"rendered":"https:\/\/www.barefoot-baltics.ee\/?post_type=product&#038;p=9417"},"modified":"2023-08-29T21:12:10","modified_gmt":"2023-08-29T18:12:10","slug":"koolisoidusadul-london-pro","status":"publish","type":"product","link":"https:\/\/www.barefoot-baltics.ee\/et\/toode\/koolisoidusadul-london-pro\/","title":{"rendered":"Koolis\u00f5idusadul \u201cLondon PRO\u201d"},"content":{"rendered":"<p>Barefooti\u00ae PRO-seeria teeb ratsutamise veelgi mugavamaks! Uus PRO iste v\u00f5imaldab s\u00f5itjal istuda kitsamalt ning aitab saavutada p\u00fcstisema, puusas\u00f5bralikuma istaku.<\/p>\n<p>Barefooti \u201cLondon\u201d on pehme koolis\u00f5idusadul, mis on valmistatud eriti pehmest nahast ja seet\u00f5ttu mugav nii hobusele kui ratsanikule. Sadula h\u00f5lm on v\u00f5rdlemisi pikk ja iste on \u201cavatud\u201d, mis annab ratsanikule p\u00e4ris palju liikumisvabadust. Sadula iste on samas ka s\u00fcgav ja hobusele l\u00e4hedal; t\u00e4nu sellele tunnetab ratsanik hobust v\u00e4ga h\u00e4sti ja saab looma v\u00e4ga \u201cpeenelt\u201d juhtida.<\/p>\n<p>Taglastus on \u201cLondonil\u201d paindlik: muuta saab nii jaluserihmade kinnituse kui ka p\u00f5lvepatjade kinnituskohta. V-kujuliselt paigutatud sadulatripid v\u00f5imaldavad leida hea asendi sadulav\u00f6\u00f6le ka siis, kui hobuse kere on ebatavalise kujuga.<\/p>\n<p>Sadula alus on valmistatud tihedast, musta v\u00e4rvi fliisist. P\u00f5lvepadjad on polsterdatud. Sadulaga kaasa anname kaks paari tugesid, mille abil saab p\u00f5lvepatju Sinu eelistustele vastavalt kohendada. \u201cLondon\u201d sobib ka r\u00e4nnakusadulaks ja sellel on kuus D-r\u00f5ngast k\u00f5ige vajaliku riputamiseks. Kiudklaasist sadulakaar (kaasas on suurus: \u201ckeskmine\u201d) on vahetatav, nagu Barefooti sadulatel ikka. Raskust kandvates kohtades on sadula nahkpaneelid kinnitatud topelt\u00f5mblusega.<\/p>\n<ul>\n<li>H\u00e4sti painduv igas suunas.<\/li>\n<li>Soodustab ilusa seljakuju tekkimist (hobusel \ud83d\ude42 ).<\/li>\n<li>VPS-s\u00fcsteemiga.<\/li>\n<li>Hea, l\u00e4hedane kontakt hobusega, mis v\u00f5imaldab v\u00e4ga \u201cpeent\u201d ratsutamist.<\/li>\n<li>Kaalub ainult u. 5 kg.<\/li>\n<\/ul>\n","protected":false},"excerpt":{"rendered":"<ul>\n<li>Paindlik koolis\u00f5idusadul, mis on valmistatud eriliselt pehmest nahast<\/li>\n<li>Uue PRO-istmega<\/li>\n<li>P\u00f5lvepadjad saab kr\u00f5psudega kinnitada ratsaniku eelistusele vastavalt<\/li>\n<li>Jaluserihmade kinnituse kohta saab samuti muuta<\/li>\n<li>Barefooti VPS-s\u00fcsteemiga<\/li>\n<li>Sobib ka l\u00fchikese seljaga hobustele<\/li>\n<\/ul>\n","protected":false},"featured_media":9442,"template":"","meta":[],"product_brand":[],"product_cat":[357],"product_tag":[317,337,2407],"class_list":{"0":"post-9417","1":"product","2":"type-product","3":"status-publish","4":"has-post-thumbnail","6":"product_cat-raamita-sadulad","7":"product_tag-koolisoit","8":"product_tag-nahast","9":"product_tag-pro-et","10":"product_shipping_class-courier-delivery","11":"pa_size-0-et","12":"pa_size-1-et","13":"pa_size-2-et","15":"first","16":"onbackorder","17":"shipping-taxable","18":"purchasable","19":"product-type-variable"},"_links":{"self":[{"href":"https:\/\/www.barefoot-baltics.ee\/et\/wp-json\/wp\/v2\/product\/9417","targetHints":{"allow":["GET"]}}],"collection":[{"href":"https:\/\/www.barefoot-baltics.ee\/et\/wp-json\/wp\/v2\/product"}],"about":[{"href":"https:\/\/www.barefoot-baltics.ee\/et\/wp-json\/wp\/v2\/types\/product"}],"wp:featuredmedia":[{"embeddable":true,"href":"https:\/\/www.barefoot-baltics.ee\/et\/wp-json\/wp\/v2\/media\/9442"}],"wp:attachment":[{"href":"https:\/\/www.barefoot-baltics.ee\/et\/wp-json\/wp\/v2\/media?parent=9417"}],"wp:term":[{"taxonomy":"product_brand","embeddable":true,"href":"https:\/\/www.barefoot-baltics.ee\/et\/wp-json\/wp\/v2\/product_brand?post=9417"},{"taxonomy":"product_cat","embeddable":true,"href":"https:\/\/www.barefoot-baltics.ee\/et\/wp-json\/wp\/v2\/product_cat?post=9417"},{"taxonomy":"product_tag","embeddable":true,"href":"https:\/\/www.barefoot-baltics.ee\/et\/wp-json\/wp\/v2\/product_tag?post=9417"}],"curies":[{"name":"wp","href":"https:\/\/api.w.org\/{rel}","templated":true}]}}