{"id":7710,"date":"2018-06-23T09:43:02","date_gmt":"2018-06-23T06:43:02","guid":{"rendered":"https:\/\/www.barefoot-baltics.ee\/product\/vesternsadul-arizona-pahkel\/"},"modified":"2025-07-24T09:41:05","modified_gmt":"2025-07-24T06:41:05","slug":"vesternsadul-arizona-pahkel","status":"publish","type":"product","link":"https:\/\/www.barefoot-baltics.ee\/et\/toode\/vesternsadul-arizona-pahkel\/","title":{"rendered":"Vesternsadul \u201cArizona p\u00e4hkel\u201d"},"content":{"rendered":"<p>Barefooti \u201cArizona p\u00e4hkel\u201d on hobuses\u00f5bralik ja kena vesternsadul, mis on tehtud brasiilia vasikanahast. See on k\u00e4sitsi t\u00f6\u00f6deldud ja mustriga, mis meenutab punutud korvi. Seemisnahkne iste on v\u00e4ga s\u00fcgav, mist\u00f5ttu on ratsanik hobuse seljaga alati heas kontaktis. Sadulaga kaasas on sobivad jalusevendrid ja nahaga kaetud jalused. Jalusevendrite kinnituse kohta saab muuta.<\/p>\n<p>Sadul on h\u00e4sti painduv, mist\u00f5ttu mugandub see h\u00e4sti hobuse seljaga ja on mugav ka ratsanikule. H\u00f5lmad on l\u00fchikesed ja \u00fcmarad, mist\u00f5ttu sobib see sadul v\u00e4ga h\u00e4sti l\u00fchikese seljaga hobustele \u2013 ka siis, kui turi on k\u00f5rge.<\/p>\n<p>Sadulat ilustavad nahkkaunistused, D-r\u00f5ngad (6 tk.) ja ilurihmadega kont\u0161ad. Taglastus on m\u00f5istagi vestern-stiilis: lipsrihm ja off-billet (nailonist). Kiudklaasist sadulakaart (kaasas on suurus: \u201clai\u201d) saab vahetada, nagu Barefooti sadulatel ikka.<\/p>\n<ul>\n<li>VPS-s\u00fcsteemiga hobuses\u00f5bralik vesternsadul.<\/li>\n<li>Soodustab ilusa seljajoone kujunemist hobusel.<\/li>\n<li>Paindub igas suunas.<\/li>\n<li>Sobib h\u00e4sti ka l\u00fchikese seljaga hobustele.<\/li>\n<li>Kaalub ainult 7 kg.<\/li>\n<\/ul>\n<p>NB! Kuna selle sadula valmistamiseks on kasutatud tugevamat nahka, v\u00f5tab selle sisses\u00f5itmine tavalisest rohkem aega.<\/p>\n<p>Barefooti vesternsadulaid saab kasutada ka vestern-v\u00f5istlustel.<\/p>\n","protected":false},"excerpt":{"rendered":"<ul>\n<li>Kerge vesternsadul, mis on valmistatud brasiilia vasikanahast<\/li>\n<li>K\u00e4sitsi tehtud nahamustritega<\/li>\n<li>L\u00fchikesed, \u00fcmarad h\u00f5lmad, mis sobivad ka l\u00fchikesele seljale<\/li>\n<li>Sadulaga kaasas on jalusevendrid ja jalused<\/li>\n<\/ul>\n","protected":false},"featured_media":2215,"template":"","meta":[],"product_brand":[],"product_cat":[357],"product_tag":[311,337,354],"class_list":{"0":"post-7710","1":"product","2":"type-product","3":"status-publish","4":"has-post-thumbnail","6":"product_cat-raamita-sadulad","7":"product_tag-elegantne","8":"product_tag-nahast","9":"product_tag-vestern","10":"product_shipping_class-courier-delivery","11":"pa_size-1-et","12":"pa_size-2-et","14":"first","15":"onbackorder","16":"shipping-taxable","17":"purchasable","18":"product-type-variable"},"_links":{"self":[{"href":"https:\/\/www.barefoot-baltics.ee\/et\/wp-json\/wp\/v2\/product\/7710","targetHints":{"allow":["GET"]}}],"collection":[{"href":"https:\/\/www.barefoot-baltics.ee\/et\/wp-json\/wp\/v2\/product"}],"about":[{"href":"https:\/\/www.barefoot-baltics.ee\/et\/wp-json\/wp\/v2\/types\/product"}],"wp:featuredmedia":[{"embeddable":true,"href":"https:\/\/www.barefoot-baltics.ee\/et\/wp-json\/wp\/v2\/media\/2215"}],"wp:attachment":[{"href":"https:\/\/www.barefoot-baltics.ee\/et\/wp-json\/wp\/v2\/media?parent=7710"}],"wp:term":[{"taxonomy":"product_brand","embeddable":true,"href":"https:\/\/www.barefoot-baltics.ee\/et\/wp-json\/wp\/v2\/product_brand?post=7710"},{"taxonomy":"product_cat","embeddable":true,"href":"https:\/\/www.barefoot-baltics.ee\/et\/wp-json\/wp\/v2\/product_cat?post=7710"},{"taxonomy":"product_tag","embeddable":true,"href":"https:\/\/www.barefoot-baltics.ee\/et\/wp-json\/wp\/v2\/product_tag?post=7710"}],"curies":[{"name":"wp","href":"https:\/\/api.w.org\/{rel}","templated":true}]}}