{"id":7698,"date":"2018-06-23T10:29:35","date_gmt":"2018-06-23T07:29:35","guid":{"rendered":"https:\/\/www.barefoot-baltics.ee\/product\/rannakusadul-atlanta\/"},"modified":"2025-04-02T15:48:50","modified_gmt":"2025-04-02T12:48:50","slug":"rannakusadul-atlanta","status":"publish","type":"product","link":"https:\/\/www.barefoot-baltics.ee\/et\/toode\/rannakusadul-atlanta\/","title":{"rendered":"R\u00e4nnakusadul \u201cAtlanta\u201d"},"content":{"rendered":"<p>\u201cAtlanta\u201d on eriti kergekaaluline, hobuses\u00f5bralik r\u00e4nnakusadul, mis on valmistatud tugevast kahetoonilisest avapoorsest lehmanahast. Sadul paindub igas suunas ja kohandub h\u00e4sti hobuse seljaga.<\/p>\n<p>Sadulanahk on t\u00f6\u00f6deldud pori-t\u00f5rjuva ainega ja sadulal on nahast \u00e4\u00e4ristus ja kaunistused. Sadula alus on tehtud tihedast, heledav\u00e4rvilisest fliisist. Sadulal on kaheksa D-r\u00f5ngast ja nahkrihmadega kont\u0161ad k\u00f5ige vajaliku riputamiseks. Kiudklaasist sadulakaar (kaasas on suurus: \u201ckeskmine\u201d) on vahetatav, nagu Barefooti sadulatel ikka.<\/p>\n<p>\u201cAtlanta\u201d on m\u00f5eldud pikkadeks matkadeks; see on mugav nii ratsanikule kui hobusele. Sadula h\u00f5lmad on \u00fcmarad ja l\u00fchikesed ning tripid on inglisep\u00e4rased.<\/p>\n<ul>\n<li>Painduv igas suunas.<\/li>\n<li>Ratsaniku raskus kandub hobusele \u00fchtlaselt ja hobuse selg areneb terveks ja tugevaks.<\/li>\n<li>VPS-s\u00fcsteemiga.<\/li>\n<li>V\u00e4ga mugav ka pikkadel matkadel.<\/li>\n<li>Kaalub ainult 6 kg.<\/li>\n<\/ul>\n<p>Jaluserihma kinnituse asukohta saab \u201cAtlantal\u201d muuta.<\/p>\n","protected":false},"excerpt":{"rendered":"<ul>\n<li>Eriti kerge r\u00e4nnaku- ja kestvuss\u00f5idusadul<\/li>\n<li>V\u00e4ga painduv, mugandub hobuse seljaga<\/li>\n<li>Tehtud pehmest, avapoorsest lehmanahast, pori-t\u00f5rjuva nahat\u00f6\u00f6tlusega<\/li>\n<li>M\u00f5eldud pikkadeks matkadeks!<\/li>\n<\/ul>\n","protected":false},"featured_media":2239,"template":"","meta":[],"product_brand":[],"product_cat":[357],"product_tag":[338,321,337],"class_list":{"0":"post-7698","1":"product","2":"type-product","3":"status-publish","4":"has-post-thumbnail","6":"product_cat-raamita-sadulad","7":"product_tag-kerge","8":"product_tag-kestvussoit","9":"product_tag-nahast","10":"product_shipping_class-courier-delivery","11":"pa_colour-black-et","12":"pa_colour-brown-et","13":"pa_size-1-et","14":"pa_size-2-et","15":"pa_size-3-et","17":"first","18":"onbackorder","19":"shipping-taxable","20":"purchasable","21":"product-type-variable"},"_links":{"self":[{"href":"https:\/\/www.barefoot-baltics.ee\/et\/wp-json\/wp\/v2\/product\/7698","targetHints":{"allow":["GET"]}}],"collection":[{"href":"https:\/\/www.barefoot-baltics.ee\/et\/wp-json\/wp\/v2\/product"}],"about":[{"href":"https:\/\/www.barefoot-baltics.ee\/et\/wp-json\/wp\/v2\/types\/product"}],"wp:featuredmedia":[{"embeddable":true,"href":"https:\/\/www.barefoot-baltics.ee\/et\/wp-json\/wp\/v2\/media\/2239"}],"wp:attachment":[{"href":"https:\/\/www.barefoot-baltics.ee\/et\/wp-json\/wp\/v2\/media?parent=7698"}],"wp:term":[{"taxonomy":"product_brand","embeddable":true,"href":"https:\/\/www.barefoot-baltics.ee\/et\/wp-json\/wp\/v2\/product_brand?post=7698"},{"taxonomy":"product_cat","embeddable":true,"href":"https:\/\/www.barefoot-baltics.ee\/et\/wp-json\/wp\/v2\/product_cat?post=7698"},{"taxonomy":"product_tag","embeddable":true,"href":"https:\/\/www.barefoot-baltics.ee\/et\/wp-json\/wp\/v2\/product_tag?post=7698"}],"curies":[{"name":"wp","href":"https:\/\/api.w.org\/{rel}","templated":true}]}}