{"id":7684,"date":"2018-06-26T10:35:49","date_gmt":"2018-06-26T07:35:49","guid":{"rendered":"https:\/\/www.barefoot-baltics.ee\/product\/uldsadul-saieen\/"},"modified":"2025-01-20T08:22:51","modified_gmt":"2025-01-20T06:22:51","slug":"uldsadul-saieen","status":"publish","type":"product","link":"https:\/\/www.barefoot-baltics.ee\/et\/toode\/uldsadul-saieen\/","title":{"rendered":"\u00dcldsadul \u201c\u0160aieen\u201d"},"content":{"rendered":"<p>Barefooti \u201c\u0160aieen\u201d on avapoorsest lehmanahast tehtud \u00fcldsadul \u2013 meie klientide lemmik! Sadul on igas suunas h\u00e4sti painduv ja kohandub liikudes h\u00e4sti hobuse seljaga. See on vastupidav ja kergesti hooldatav t\u00e4nu pori t\u00f5rjuvale nahat\u00f6\u00f6tlusele. \u201c\u0160aieen\u201d sobib eriti h\u00e4sti ratsanikele, kellele on t\u00e4htis liikumisvabadus sadulas. Kuna p\u00f5lvepatju ei ole, saavad ratsaniku jalad liikuda vabalt.<\/p>\n<p>Sadula alus on tehtud tihedast, heledav\u00e4rvilisest fliisist. \u00c4\u00e4ristus on nahast ja sadulal on kuus D-r\u00f5ngast k\u00f5ige vajaliku riputamiseks. Kiudklaasist sadulakaar (kaasas on suurus: \u201ckeskmine\u201d) on vahetatav, nagu Barefooti sadulatel ikka.<\/p>\n<ul>\n<li>Painduv igas suunas.<\/li>\n<li>Ratsaniku raskus kandub hobusele \u00fchtlaselt ja hobuse selg areneb terveks ja tugevaks.<\/li>\n<li>VPS-s\u00fcsteemiga.<\/li>\n<li>Hea kontakt hobusega ja mugav, tasakaalus iste hobuse raskuskeskme peal.<\/li>\n<li>Kaalub ainult 5 kg.<\/li>\n<\/ul>\n<p>Jaluserihmade kinnituse asukoht on \u201c\u0160aieenil\u201d muudetav.<\/p>\n","protected":false},"excerpt":{"rendered":"<ul>\n<li>Kergekaaluline \u00fcldsadul<\/li>\n<li>Valmistatud avapoorsest lehmanahast<\/li>\n<li>Kohandub h\u00e4sti hobuse seljaga, annab hea kontakti<\/li>\n<li>\u00dchtlane, ilma p\u00f5lvepatjadeta h\u00f5lm<\/li>\n<li>Iste on mugav ja ratsaniku liikumine vaba<\/li>\n<\/ul>\n","protected":false},"featured_media":2275,"template":"","meta":[],"product_brand":[],"product_cat":[357],"product_tag":[338,353,337],"class_list":{"0":"post-7684","1":"product","2":"type-product","3":"status-publish","4":"has-post-thumbnail","6":"product_cat-raamita-sadulad","7":"product_tag-kerge","8":"product_tag-mitmekulgne","9":"product_tag-nahast","10":"product_shipping_class-courier-delivery","11":"pa_colour-black-et","12":"pa_colour-brown-et","13":"pa_size-0-et","14":"pa_size-1-et","15":"pa_size-2-et","17":"first","18":"onbackorder","19":"shipping-taxable","20":"purchasable","21":"product-type-variable"},"_links":{"self":[{"href":"https:\/\/www.barefoot-baltics.ee\/et\/wp-json\/wp\/v2\/product\/7684","targetHints":{"allow":["GET"]}}],"collection":[{"href":"https:\/\/www.barefoot-baltics.ee\/et\/wp-json\/wp\/v2\/product"}],"about":[{"href":"https:\/\/www.barefoot-baltics.ee\/et\/wp-json\/wp\/v2\/types\/product"}],"wp:featuredmedia":[{"embeddable":true,"href":"https:\/\/www.barefoot-baltics.ee\/et\/wp-json\/wp\/v2\/media\/2275"}],"wp:attachment":[{"href":"https:\/\/www.barefoot-baltics.ee\/et\/wp-json\/wp\/v2\/media?parent=7684"}],"wp:term":[{"taxonomy":"product_brand","embeddable":true,"href":"https:\/\/www.barefoot-baltics.ee\/et\/wp-json\/wp\/v2\/product_brand?post=7684"},{"taxonomy":"product_cat","embeddable":true,"href":"https:\/\/www.barefoot-baltics.ee\/et\/wp-json\/wp\/v2\/product_cat?post=7684"},{"taxonomy":"product_tag","embeddable":true,"href":"https:\/\/www.barefoot-baltics.ee\/et\/wp-json\/wp\/v2\/product_tag?post=7684"}],"curies":[{"name":"wp","href":"https:\/\/api.w.org\/{rel}","templated":true}]}}