{"id":7669,"date":"2018-06-29T15:10:29","date_gmt":"2018-06-29T12:10:29","guid":{"rendered":"https:\/\/www.barefoot-baltics.ee\/product\/veegan-sadul-saieen-kunstnahast\/"},"modified":"2025-01-20T08:22:07","modified_gmt":"2025-01-20T06:22:07","slug":"veegan-sadul-saieen-kunstnahast","status":"publish","type":"product","link":"https:\/\/www.barefoot-baltics.ee\/et\/toode\/veegan-sadul-saieen-kunstnahast\/","title":{"rendered":"Veegan sadul &#8220;\u0160aieen&#8221; (kunstnahast)"},"content":{"rendered":"<p>\u201c\u0160aieen\u201d on meie sadulamudelitest k\u00f5ige populaarsem ja see siin on \u201c\u0160aieeni\u201d veegan-versioon, milles ei ole \u00fcldse loomseid produkte. Materjaliks on peamiselt DryTex, mis on vett-t\u00f5rjuv, pisut teralise pinnaga kunstmaterjal. DryTex on v\u00e4ga kerge, mist\u00f5ttu kaalub see sadul ainult 4 kg. Puhastada saab DryTexi niiske k\u00e4snaga. Sadulatripid on aga BioThane\u2019ist, mis on samuti nahka imiteeriv kunstmaterjal.<\/p>\n<p>Sadul on igas suunas painduv ja kohandub liikudes h\u00e4sti hobuse seljaga. \u201c\u0160aieenid\u201d sobivad eriti h\u00e4sti ratsanikele, kellele on t\u00e4htis liikumisvabadus sadulas. Kuna p\u00f5lvepatju ei ole, saavad ratsaniku jalad liikuda vabalt.<\/p>\n<p>Sadula alus on tehtud tihedast, sadula v\u00e4rvile vastavast fliisist. Sadulal on nailonist \u00e4\u00e4ristus ja kuus D-r\u00f5ngast k\u00f5ige vajaliku riputamiseks. Kiudklaasist sadulakaar (kaasas on suurus: \u201ckeskmine\u201d) on vahetatav, nagu Barefooti sadulatel ikka.<\/p>\n<ul>\n<li>Painduv igas suunas.<\/li>\n<li>Ratsaniku raskus kandub hobusele \u00fchtlaselt ja hobuse selg areneb terveks ja tugevaks.<\/li>\n<li>VPS-s\u00fcsteemiga.<\/li>\n<li>Jaluserihmade kinnituse koht on muudetav.<\/li>\n<li>Soodsa hinnaga ja kergesti hooldatav.<\/li>\n<li>Kaalub ainult 4 kg.<\/li>\n<\/ul>\n<p>Soovitame kasutada selle sadulaga DryTexist tehtud jaluserihmu, kuna nahast rihmad v\u00f5ivad sadula pinda kahjustada.<\/p>\n","protected":false},"excerpt":{"rendered":"<ul>\n<li>Kunstmaterjalidest tehtud veegan sadul<\/li>\n<li>V\u00e4ga kerge: kaalub ainult 4 kg<\/li>\n<li>Annab mugava istme ja hea kontakti hobusega<\/li>\n<li>\u00dchtlane sadulah\u00f5lm, ilma p\u00f5lvepatjadeta<\/li>\n<\/ul>\n","protected":false},"featured_media":2339,"template":"","meta":[],"product_brand":[],"product_cat":[357],"product_tag":[338,307,353],"class_list":{"0":"post-7669","1":"product","2":"type-product","3":"status-publish","4":"has-post-thumbnail","6":"product_cat-raamita-sadulad","7":"product_tag-kerge","8":"product_tag-kunstnahast","9":"product_tag-mitmekulgne","10":"product_shipping_class-courier-delivery","11":"pa_size-1-et","12":"pa_size-2-et","14":"first","15":"onbackorder","16":"shipping-taxable","17":"purchasable","18":"product-type-variable"},"_links":{"self":[{"href":"https:\/\/www.barefoot-baltics.ee\/et\/wp-json\/wp\/v2\/product\/7669","targetHints":{"allow":["GET"]}}],"collection":[{"href":"https:\/\/www.barefoot-baltics.ee\/et\/wp-json\/wp\/v2\/product"}],"about":[{"href":"https:\/\/www.barefoot-baltics.ee\/et\/wp-json\/wp\/v2\/types\/product"}],"wp:featuredmedia":[{"embeddable":true,"href":"https:\/\/www.barefoot-baltics.ee\/et\/wp-json\/wp\/v2\/media\/2339"}],"wp:attachment":[{"href":"https:\/\/www.barefoot-baltics.ee\/et\/wp-json\/wp\/v2\/media?parent=7669"}],"wp:term":[{"taxonomy":"product_brand","embeddable":true,"href":"https:\/\/www.barefoot-baltics.ee\/et\/wp-json\/wp\/v2\/product_brand?post=7669"},{"taxonomy":"product_cat","embeddable":true,"href":"https:\/\/www.barefoot-baltics.ee\/et\/wp-json\/wp\/v2\/product_cat?post=7669"},{"taxonomy":"product_tag","embeddable":true,"href":"https:\/\/www.barefoot-baltics.ee\/et\/wp-json\/wp\/v2\/product_tag?post=7669"}],"curies":[{"name":"wp","href":"https:\/\/api.w.org\/{rel}","templated":true}]}}