{"id":7657,"date":"2018-07-16T18:17:59","date_gmt":"2018-07-16T15:17:59","guid":{"rendered":"https:\/\/www.barefoot-baltics.ee\/product\/rannakusadul-labi-oru\/"},"modified":"2025-10-05T09:29:36","modified_gmt":"2025-10-05T06:29:36","slug":"rannakusadul-labi-oru","status":"publish","type":"product","link":"https:\/\/www.barefoot-baltics.ee\/et\/toode\/rannakusadul-labi-oru\/","title":{"rendered":"R\u00e4nnakusadul &#8220;L\u00e4bi oru&#8221;"},"content":{"rendered":"<p>Barefooti \u201cL\u00e4bi oru\u201d on lamba- ja nubuknahast mugav r\u00e4nnakusadul, mis on erakordselt mugav nii ratsule kui ratsanikule. Sadula \u00fclesehitus on sarnane teiste Barefooti sadulatega. See kaitseb samuti hobuse selgroogu ja kohandub h\u00e4sti hobuse seljaga. Sadulasse sisseehitatud VPS-s\u00fcsteem jaotab ratsaniku raskuse hobuse seljale \u00fchtlaselt, nii et survepunkte ei teki. Kuna sadul on igas suunas painduv, kohandub see liikudes h\u00e4sti hobuse seljaga, mist\u00f5ttu saavad hobuse lihased areneda tugevaks. Sadulaga saab kasutada jaluserihmasid v\u00f5i -vendreid, vastavalt ratsaniku soovile.<\/p>\n<p>\u201cL\u00e4bi oru\u201d on hea sadul ratsanikule, kes tahab tunda ennast sadulas kindlalt, ilma et tema liikumine oleks oluliselt piiratud. Sadul on mugav: iste on v\u00e4ga pehme, sest selles on ka vahtkummist pehmendus. See sadul justkui \u00fcmbritseb ratsanikku; Sa istud seal \u201cnagu ema s\u00fcles\u201d.<\/p>\n<p>Sadulal on pehme, hobuse anatoomiat arvestav padi, mis kinnitub lambanahkse istme alla kr\u00f5psuga. See teeb sadula veelgi mugavamaks. Sadula alus on tehtud tihedast fliisist. Sadulal on neli D-r\u00f5ngast k\u00f5ige vajaliku riputamiseks. Kiudklaasist sadulakaar (kaasas on suurus: \u201clai\u201d) on vahetatav, nagu Barefooti sadulatel ikka. Sadulal on ka ilusad, nahkrihmadega kont\u0161ad, mille abil saab lambanahast istme sadula peale kinnitada.<\/p>\n<p>\u201cL\u00e4bi orul\u201d on isesugune taglastus: sadulatripid jooksevad pehmest nahast tehtud pehmendusest l\u00e4bi ja sellest ka \u00fcle, et v\u00e4ltida hobuse kere ja karva \u00e4rritamist. Sadulaga saab kasutada koolis\u00f5idu-sadulav\u00f6\u00f6d.<\/p>\n","protected":false},"excerpt":{"rendered":"<ul>\n<li>Lamba- ja nubuknahast sadul VPS-s\u00fcsteemiga<\/li>\n<li>Jaluserihma kinnituse all ei teki survepunkte<\/li>\n<li>Mugandub h\u00e4sti hobuse seljaga<\/li>\n<li>Mugav ja kindel iste<\/li>\n<\/ul>\n","protected":false},"featured_media":331,"template":"","meta":[],"product_brand":[],"product_cat":[357],"product_tag":[323,346,337,352],"class_list":{"0":"post-7657","1":"product","2":"type-product","3":"status-publish","4":"has-post-thumbnail","6":"product_cat-raamita-sadulad","7":"product_tag-eriti-mugav","8":"product_tag-lambanahast","9":"product_tag-nahast","10":"product_tag-rannakule","11":"product_shipping_class-courier-delivery","12":"pa_colour-black-et","13":"pa_colour-brown-et","14":"pa_size-1-et","15":"pa_size-2-et","17":"first","18":"onbackorder","19":"shipping-taxable","20":"purchasable","21":"product-type-variable"},"_links":{"self":[{"href":"https:\/\/www.barefoot-baltics.ee\/et\/wp-json\/wp\/v2\/product\/7657","targetHints":{"allow":["GET"]}}],"collection":[{"href":"https:\/\/www.barefoot-baltics.ee\/et\/wp-json\/wp\/v2\/product"}],"about":[{"href":"https:\/\/www.barefoot-baltics.ee\/et\/wp-json\/wp\/v2\/types\/product"}],"wp:featuredmedia":[{"embeddable":true,"href":"https:\/\/www.barefoot-baltics.ee\/et\/wp-json\/wp\/v2\/media\/331"}],"wp:attachment":[{"href":"https:\/\/www.barefoot-baltics.ee\/et\/wp-json\/wp\/v2\/media?parent=7657"}],"wp:term":[{"taxonomy":"product_brand","embeddable":true,"href":"https:\/\/www.barefoot-baltics.ee\/et\/wp-json\/wp\/v2\/product_brand?post=7657"},{"taxonomy":"product_cat","embeddable":true,"href":"https:\/\/www.barefoot-baltics.ee\/et\/wp-json\/wp\/v2\/product_cat?post=7657"},{"taxonomy":"product_tag","embeddable":true,"href":"https:\/\/www.barefoot-baltics.ee\/et\/wp-json\/wp\/v2\/product_tag?post=7657"}],"curies":[{"name":"wp","href":"https:\/\/api.w.org\/{rel}","templated":true}]}}