{"id":7654,"date":"2018-07-19T09:55:30","date_gmt":"2018-07-19T06:55:30","guid":{"rendered":"https:\/\/www.barefoot-baltics.ee\/product\/uldsadul-muuda-suurust\/"},"modified":"2025-01-20T08:21:13","modified_gmt":"2025-01-20T06:21:13","slug":"uldsadul-muuda-suurust","status":"publish","type":"product","link":"https:\/\/www.barefoot-baltics.ee\/et\/toode\/uldsadul-muuda-suurust\/","title":{"rendered":"\u00dcldsadul &#8220;Muuda suurust&#8221; (kunstnahast)"},"content":{"rendered":"<p>Barefooti \u201cMuuda suurust\u201d on muudetava suurusega sadul. Suuruse muutmiseks tuleb liigutada tagumist sadulakaart. Samuti saab muuta reietugede ja jaluserihmade kinnituse asukohta, nii et iga ratsanik, kes sadulat kasutab, saab seadistada selle t\u00e4pselt enda suurusele ja eelistustele vastavaks. Kuna sadulal on muidugi ka Barefooti VPS-s\u00fcsteem, on see ka hobuse seljaga h\u00e4sti kohanduv \u2013 nii et igal viisil v\u00e4ga paindlik sadul.<\/p>\n<p>\u201cMuuda suurust\u201d sobib h\u00e4sti nt. ratsutamistreeningutele, turismiettev\u00f5tetele ja k\u00f5ikjale, kus sama sadulat kasutavad paljud erinevad inimesed. Samuti sobib see inimestele, kelle kehakuju muutub kiiresti \u2013 nt. lapseootel naistele. Sadul annab piisavalt kindla istme, et ka kogenematud ratsanikud tunnevad ennast seal h\u00e4sti. Ratsaniku asend on hobusele l\u00e4hedal ja see teeb hobuse liigutuste j\u00e4lgimise lihtsamaks ja aitab algajal ratsanikul kiiremini \u00f5ppida.<\/p>\n<p>Sadul on valmistatud lihtsasti hooldatavast DryTex-materjalist ja selle iste on tehtud seemisnahast. Sadula alus on tehtud tihedast, musta v\u00e4rvi fliisist. Sadulal on kuus D-r\u00f5ngast valtrapi kinnitamiseks ja k\u00f5ige vajaliku riputamiseks. Kiudklaasist esimene sadulakaar (kaasas on suurus: \u201ekeskmine\u201c) on vahetatav, nagu Barefooti sadulatel ikka.<\/p>\n<ul>\n<li>Muudetav istme suurus.<\/li>\n<li>Liigutatav jaluserihmade kinnitus.<\/li>\n<li>H\u00e4sti painduv igas suunas.<\/li>\n<li>Survepunkte ei teki ja hobuse lihaskond areneb tugevaks.<\/li>\n<li>VPS-s\u00fcsteemiga.<\/li>\n<li>Hea kontakt hobusega. Iste hobuse raskuskeskme peal.<\/li>\n<\/ul>\n<p>Soovitame kasutada selle sadulaga kunstnahast valmistatud jaluserihmu, kuna nahast rihmad v\u00f5ivad sadula pinda kahjustada.<\/p>\n","protected":false},"excerpt":{"rendered":"<ul>\n<li>Sadul, mille istme suurust saab kergesti muuta<\/li>\n<li>Reietoed, mille kohta saab muuta<\/li>\n<li>Jaluserihmade kinnituskohta saab samuti muuta<\/li>\n<li>Seemisnahast iste, mis hoiab h\u00e4sti paigal<\/li>\n<li>Ideaalne, kui sama sadulat kasutavad erinevad inimesed (nt. ratsakoolis)<\/li>\n<\/ul>\n","protected":false},"featured_media":345,"template":"","meta":[],"product_brand":[],"product_cat":[357],"product_tag":[307,304],"class_list":{"0":"post-7654","1":"product","2":"type-product","3":"status-publish","4":"has-post-thumbnail","6":"product_cat-raamita-sadulad","7":"product_tag-kunstnahast","8":"product_tag-reguleeritav","9":"product_shipping_class-courier-delivery","10":"pa_size-0-1-2-et","11":"pa_size-1-2-3-et","13":"first","14":"onbackorder","15":"shipping-taxable","16":"purchasable","17":"product-type-variable"},"_links":{"self":[{"href":"https:\/\/www.barefoot-baltics.ee\/et\/wp-json\/wp\/v2\/product\/7654","targetHints":{"allow":["GET"]}}],"collection":[{"href":"https:\/\/www.barefoot-baltics.ee\/et\/wp-json\/wp\/v2\/product"}],"about":[{"href":"https:\/\/www.barefoot-baltics.ee\/et\/wp-json\/wp\/v2\/types\/product"}],"wp:featuredmedia":[{"embeddable":true,"href":"https:\/\/www.barefoot-baltics.ee\/et\/wp-json\/wp\/v2\/media\/345"}],"wp:attachment":[{"href":"https:\/\/www.barefoot-baltics.ee\/et\/wp-json\/wp\/v2\/media?parent=7654"}],"wp:term":[{"taxonomy":"product_brand","embeddable":true,"href":"https:\/\/www.barefoot-baltics.ee\/et\/wp-json\/wp\/v2\/product_brand?post=7654"},{"taxonomy":"product_cat","embeddable":true,"href":"https:\/\/www.barefoot-baltics.ee\/et\/wp-json\/wp\/v2\/product_cat?post=7654"},{"taxonomy":"product_tag","embeddable":true,"href":"https:\/\/www.barefoot-baltics.ee\/et\/wp-json\/wp\/v2\/product_tag?post=7654"}],"curies":[{"name":"wp","href":"https:\/\/api.w.org\/{rel}","templated":true}]}}