{"id":7631,"date":"2018-07-19T13:01:48","date_gmt":"2018-07-19T10:01:48","guid":{"rendered":"https:\/\/www.barefoot-baltics.ee\/product\/lambanahast-iste-hispaania-sadulale-madriid\/"},"modified":"2025-01-20T08:20:47","modified_gmt":"2025-01-20T06:20:47","slug":"lambanahast-iste-hispaania-sadulale-madriid","status":"publish","type":"product","link":"https:\/\/www.barefoot-baltics.ee\/et\/toode\/lambanahast-iste-hispaania-sadulale-madriid\/","title":{"rendered":"Lambanahast iste hispaania sadulale &#8220;Madriid&#8221;"},"content":{"rendered":"<p>See lambanahast iste on m\u00f5eldud hispaaniap\u00e4rase sadula \u201cMadriid\u201d tavalise, seemisnahkse istme asendamiseks. Iste on sadulale kinnitatud kr\u00f5psuga ja selle vahetamine on lihtne. Lambanahast iste on luksuslikum ja mugavam ning sellel on ka p\u00f5lvepadjad. Istme alus on tehtud tugevast, \u00e4\u00e4ristatud vildist, mis on kaetud riidega.<\/p>\n<p>Istme suurus tuleb valida sadula suuruse j\u00e4rgi.<\/p>\n","protected":false},"excerpt":{"rendered":"<ul>\n<li>Kr\u00f5psuga kinnitatav, ei libise<\/li>\n<li>Annab sadulale p\u00f5lvepadjad<\/li>\n<li>Valmistatud lambanahast<\/li>\n<\/ul>\n","protected":false},"featured_media":394,"template":"","meta":[],"product_brand":[],"product_cat":[360],"product_tag":[323,346],"class_list":{"0":"post-7631","1":"product","2":"type-product","3":"status-publish","4":"has-post-thumbnail","6":"product_cat-sadulatarvikud","7":"product_tag-eriti-mugav","8":"product_tag-lambanahast","9":"product_shipping_class-pakiautomaat","10":"pa_size-1-et","11":"pa_size-2-et","13":"first","14":"onbackorder","15":"shipping-taxable","16":"purchasable","17":"product-type-variable"},"_links":{"self":[{"href":"https:\/\/www.barefoot-baltics.ee\/et\/wp-json\/wp\/v2\/product\/7631","targetHints":{"allow":["GET"]}}],"collection":[{"href":"https:\/\/www.barefoot-baltics.ee\/et\/wp-json\/wp\/v2\/product"}],"about":[{"href":"https:\/\/www.barefoot-baltics.ee\/et\/wp-json\/wp\/v2\/types\/product"}],"wp:featuredmedia":[{"embeddable":true,"href":"https:\/\/www.barefoot-baltics.ee\/et\/wp-json\/wp\/v2\/media\/394"}],"wp:attachment":[{"href":"https:\/\/www.barefoot-baltics.ee\/et\/wp-json\/wp\/v2\/media?parent=7631"}],"wp:term":[{"taxonomy":"product_brand","embeddable":true,"href":"https:\/\/www.barefoot-baltics.ee\/et\/wp-json\/wp\/v2\/product_brand?post=7631"},{"taxonomy":"product_cat","embeddable":true,"href":"https:\/\/www.barefoot-baltics.ee\/et\/wp-json\/wp\/v2\/product_cat?post=7631"},{"taxonomy":"product_tag","embeddable":true,"href":"https:\/\/www.barefoot-baltics.ee\/et\/wp-json\/wp\/v2\/product_tag?post=7631"}],"curies":[{"name":"wp","href":"https:\/\/api.w.org\/{rel}","templated":true}]}}