{"id":7627,"date":"2018-07-19T13:17:25","date_gmt":"2018-07-19T10:17:25","guid":{"rendered":"https:\/\/www.barefoot-baltics.ee\/product\/koolisoidusadul-merlin\/"},"modified":"2025-01-20T08:19:58","modified_gmt":"2025-01-20T06:19:58","slug":"koolisoidusadul-merlin","status":"publish","type":"product","link":"https:\/\/www.barefoot-baltics.ee\/et\/toode\/koolisoidusadul-merlin\/","title":{"rendered":"Koolis\u00f5idusadul \u201cMerlin\u201d"},"content":{"rendered":"<p>Barefooti \u201cMerlin\u201d on uuenduslik v\u00e4ike koolis\u00f5idusadul, mis on valmistatud pehmest nahast. Sellel on eriliselt l\u00fchikesed h\u00f5lmad ja see on v\u00e4ga kerge \u2013 seet\u00f5ttu sobib see h\u00e4sti just v\u00e4ikesekasvulistele hobustele ja v\u00e4ikesekasvulistele ratsanikele. \u201cMerlinil\u201d on m\u00f5istagi ka Barefooti VPS-s\u00fcsteem, mis hajutab ratsaniku raskust v\u00e4ga t\u00f5husalt.<\/p>\n<p>\u201cMerlini\u201d iste on eriliselt kitsas ja see on eemaldatav. See sadul on h\u00e4sti pehme ja mugandub h\u00e4sti hobuse selja kujuga \u2013 isegi siis, kui selg on v\u00e4ga n\u00f5gus. Kuna \u201cMerlini\u201d h\u00f5lmad on lamedad ja l\u00fchikesed, v\u00f5imaldab see head jalakontakti hobusega.<\/p>\n<p>Jaluserihma aasade kinnituskohta saab \u201cMerlinil\u201d m\u00f5lemal pool eraldi muuta. See v\u00f5imaldab sadulat igale ratsanikule sobivaks kohendada. Samuti annab see v\u00f5imaluse leida mugav istak nendele ratsanikele, kelle jalad on erineva pikkusega; liigutades aasade kinnituskohta kas edasi v\u00f5i tagasi.<\/p>\n<p>Selle koolis\u00f5idusadula iste on anatoomiast l\u00e4htuva kujuga ja sellel on libisemiskindel pinnat\u00f6\u00f6tlus. \u201cMerlinil\u201d on pehmed p\u00f5lvepadjad, mis annavad m\u00f5nusa toe ja panevad ratsaniku jalad \u00f5igesse asendisse. Sadulatripid on paigutatud V-kujuliselt.<\/p>\n<p>Nagu Barefooti sadulatel alati, saab esimest sadulakaart vahetada, et kohandada sadulat erinevate turjadega. Sadulaga kaasas on suurus: \u201ckeskmine\u201d. Samuti Barefootile tavap\u00e4raselt saab \u201cMerlini\u201d paigutada hobuse seljal tavalise sadulaga v\u00f5rreldes ettepoole, osaliselt abaluude peale, ilma et see hobuse liikumist takistaks. See teeb ratsutamise hobusele kergemaks, kuna:<\/p>\n<ul>\n<li>Nii on ratsanik hobuse raskuskeskme kohal, mis teeb p\u00f6\u00f6ramise lihtsamaks.<\/li>\n<li>Hobusel on kergem inimest oma seljas tasakaalus hoida.<\/li>\n<\/ul>\n<p>\u201cMerlini\u201d tagumine sadulakaar k\u00e4ib erandlikult pisut (u. 2 cm) madalamal kui esimene. (Teistel Barefooti sadulatel k\u00e4ivad sadulakaared samal k\u00f5rgusel.) See v\u00e4ike koolis\u00f5idusadul kaalub u. 5 kg.<\/p>\n","protected":false},"excerpt":{"rendered":"<ul>\n<li>H\u00e4sti painduv ja kerge koolis\u00f5idusadul<\/li>\n<li>Sobib v\u00e4ikestele hobustele ja ratsanikele<\/li>\n<li>S\u00fcgav ja kindel iste; pehmed p\u00f5lvepadjad<\/li>\n<li>Jaluserihma m\u00f5lemat aasa saab eraldi reguleerida<\/li>\n<li>VPS-s\u00fcsteemiga<\/li>\n<\/ul>\n","protected":false},"featured_media":403,"template":"","meta":[],"product_brand":[],"product_cat":[357],"product_tag":[338,317,337],"class_list":{"0":"post-7627","1":"product","2":"type-product","3":"status-publish","4":"has-post-thumbnail","6":"product_cat-raamita-sadulad","7":"product_tag-kerge","8":"product_tag-koolisoit","9":"product_tag-nahast","10":"product_shipping_class-courier-delivery","11":"pa_size-0-et","12":"pa_size-1-et","13":"pa_size-2-et","15":"first","16":"onbackorder","17":"shipping-taxable","18":"purchasable","19":"product-type-variable"},"_links":{"self":[{"href":"https:\/\/www.barefoot-baltics.ee\/et\/wp-json\/wp\/v2\/product\/7627","targetHints":{"allow":["GET"]}}],"collection":[{"href":"https:\/\/www.barefoot-baltics.ee\/et\/wp-json\/wp\/v2\/product"}],"about":[{"href":"https:\/\/www.barefoot-baltics.ee\/et\/wp-json\/wp\/v2\/types\/product"}],"wp:featuredmedia":[{"embeddable":true,"href":"https:\/\/www.barefoot-baltics.ee\/et\/wp-json\/wp\/v2\/media\/403"}],"wp:attachment":[{"href":"https:\/\/www.barefoot-baltics.ee\/et\/wp-json\/wp\/v2\/media?parent=7627"}],"wp:term":[{"taxonomy":"product_brand","embeddable":true,"href":"https:\/\/www.barefoot-baltics.ee\/et\/wp-json\/wp\/v2\/product_brand?post=7627"},{"taxonomy":"product_cat","embeddable":true,"href":"https:\/\/www.barefoot-baltics.ee\/et\/wp-json\/wp\/v2\/product_cat?post=7627"},{"taxonomy":"product_tag","embeddable":true,"href":"https:\/\/www.barefoot-baltics.ee\/et\/wp-json\/wp\/v2\/product_tag?post=7627"}],"curies":[{"name":"wp","href":"https:\/\/api.w.org\/{rel}","templated":true}]}}