{"id":7624,"date":"2018-07-19T13:28:11","date_gmt":"2018-07-19T10:28:11","guid":{"rendered":"https:\/\/www.barefoot-baltics.ee\/product\/vesternsadul-nevada\/"},"modified":"2025-01-20T08:19:48","modified_gmt":"2025-01-20T06:19:48","slug":"vesternsadul-nevada","status":"publish","type":"product","link":"https:\/\/www.barefoot-baltics.ee\/et\/toode\/vesternsadul-nevada\/","title":{"rendered":"Vesternsadul \u201cNevada\u201d"},"content":{"rendered":"<p>Barefooti \u201cNevada\u201d on hobuses\u00f5bralik vesternsadul, mis on valmistatud tugevast, avapoorsest lehmanahast. See mugandub h\u00e4sti iga hobusega; samuti on see mugav ratsanikule. See on vastupidav ja kergesti hooldatav t\u00e4nu pori t\u00f5rjuvale nahat\u00f6\u00f6tlusele. Sadula alus on tehtud tihedast, heledav\u00e4rvilisest fliisist. \u00c4\u00e4ristus on nahast ja sadulal on kuus D-r\u00f5ngast ja nahkrihmadega kont\u0161ad k\u00f5ige vajaliku riputamiseks. Kiudklaasist sadulakaar (kaasas on suurus: \u201clai\u201d) on vahetatav, nagu Barefooti sadulatel ikka. Jaluserihmade kinnituse kohta saab muuta.<\/p>\n<p>\u201cNevadal\u201d on ruudukujulised h\u00f5lmad, mis annab juurde stabiilsust suurte, laiade ja lameda turjaga hobuste peal. Inglise sadulatripid aitavad sadula paremini paigal hoida, eriti kui hobuse kere on paks ja sadulav\u00f6\u00f6 tuleb paigutada tavalisest ettepoole.<\/p>\n<p>Sobivad jalusevendrid ja jalused on saadaval eraldi.<\/p>\n<ul>\n<li>Painduv igas suunas.<\/li>\n<li>Soodustab kena seljajoone kujunemist.<\/li>\n<li>VPS-s\u00fcsteemiga.<\/li>\n<li>Ideaalne sadul laia seljaga hobustele.<\/li>\n<li>Kaalub ainult u. 7 kg.<\/li>\n<\/ul>\n<p>\u201cNevada\u201d on saadaval ainult \u00fches suuruses, mis teiste sadulate suurustega v\u00f5rreldes on 1 ja 2 vahepealne.<\/p>\n<p>Barefooti vesternsadulaid saab kasutada ka \u201cWestern Pleasure\u201d v\u00f5istlustel.<\/p>\n","protected":false},"excerpt":{"rendered":"<ul>\n<li>Vesternsadul Barefooti VPS-s\u00fcsteemiga<\/li>\n<li>Istub hobuse seljas suurep\u00e4raselt \u2013 ka lameda turjaga hobuse<\/li>\n<li>Jaluseruhmade kinnituse kohta saab muuta<\/li>\n<li>Valmistatud nubuknahast ja saadaval musta ja pruunina<\/li>\n<\/ul>\n","protected":false},"featured_media":407,"template":"","meta":[],"product_brand":[],"product_cat":[357],"product_tag":[337,354],"class_list":{"0":"post-7624","1":"product","2":"type-product","3":"status-publish","4":"has-post-thumbnail","6":"product_cat-raamita-sadulad","7":"product_tag-nahast","8":"product_tag-vestern","9":"product_shipping_class-courier-delivery","10":"pa_colour-black-et","11":"pa_colour-brown-et","13":"first","14":"onbackorder","15":"shipping-taxable","16":"purchasable","17":"product-type-variable"},"_links":{"self":[{"href":"https:\/\/www.barefoot-baltics.ee\/et\/wp-json\/wp\/v2\/product\/7624","targetHints":{"allow":["GET"]}}],"collection":[{"href":"https:\/\/www.barefoot-baltics.ee\/et\/wp-json\/wp\/v2\/product"}],"about":[{"href":"https:\/\/www.barefoot-baltics.ee\/et\/wp-json\/wp\/v2\/types\/product"}],"wp:featuredmedia":[{"embeddable":true,"href":"https:\/\/www.barefoot-baltics.ee\/et\/wp-json\/wp\/v2\/media\/407"}],"wp:attachment":[{"href":"https:\/\/www.barefoot-baltics.ee\/et\/wp-json\/wp\/v2\/media?parent=7624"}],"wp:term":[{"taxonomy":"product_brand","embeddable":true,"href":"https:\/\/www.barefoot-baltics.ee\/et\/wp-json\/wp\/v2\/product_brand?post=7624"},{"taxonomy":"product_cat","embeddable":true,"href":"https:\/\/www.barefoot-baltics.ee\/et\/wp-json\/wp\/v2\/product_cat?post=7624"},{"taxonomy":"product_tag","embeddable":true,"href":"https:\/\/www.barefoot-baltics.ee\/et\/wp-json\/wp\/v2\/product_tag?post=7624"}],"curies":[{"name":"wp","href":"https:\/\/api.w.org\/{rel}","templated":true}]}}