{"id":7617,"date":"2018-07-20T10:51:49","date_gmt":"2018-07-20T07:51:49","guid":{"rendered":"https:\/\/www.barefoot-baltics.ee\/product\/huppesadul-nottingham\/"},"modified":"2025-01-20T08:19:42","modified_gmt":"2025-01-20T06:19:42","slug":"huppesadul-nottingham","status":"publish","type":"product","link":"https:\/\/www.barefoot-baltics.ee\/et\/toode\/huppesadul-nottingham\/","title":{"rendered":"H\u00fcppesadul &#8220;Nottingham&#8221;"},"content":{"rendered":"<p>Barefooti \u201cNottingham\u201d on eriline oma kolmekihilise VPS-s\u00fcsteemi poolest, mis kaitseb hobuse selga survepunktide tekkimise eest veelgi t\u00f5husamalt kui teised Barefooti sadulad. Sellest tulenevalt sobib \u201cNottingham\u201d h\u00e4sti takistuss\u00f5iduks ja r\u00e4nnakuks ning samuti suurema kehakaaluga ratsanikele. See sadul justkui kergendab hobuse koormat ja ratsu kestab seet\u00f5ttu paremini. Sadul on ka h\u00e4sti painduv ja laseb hobusel liikuda talle loomulikul viisil. Looma lihaskond areneb niimoodi tugevaks \u2013 selle asemel, et k\u00e4rbuda, mida tavalised, raamiga sadulad tihti p\u00f5hjustavad.<\/p>\n<p>\u201cNottingham\u201d on valmistatud eriliselt peenekoelisest ja pehmest nahast ning osaliselt ka DryTexist, mis on nahka imiteeriv vett-t\u00f5rjuv kunstmaterjal. Sadula alus on tehtud tihedast fliisist ja sadulal on kuus D-r\u00f5ngast k\u00f5ige vajaliku riputamiseks. P\u00f5lvepadjad on polsterdatud ja neid saab reguleerida vastavalt ratsaniku eelistustele. Kiudklaasist sadulakaar (kaasas on suurus: \u201ckeskmine\u201d) on vahetatav, nagu Barefooti sadulatel ikka.<\/p>\n<ul>\n<li>H\u00e4sti painduv igas suunas.<\/li>\n<li>Survepunkte ei teki ja hobuse lihaskond areneb tugevaks.<\/li>\n<li>Liigutatav turva-jaluserihmakinnitus.<\/li>\n<li>Kolmekihilise VPS-s\u00fcsteemiga.<\/li>\n<li>V-kujulise paigutusega sadulatripid.<\/li>\n<li>Reguleeritavad, polsterdatud p\u00f5lvepadjad.<\/li>\n<li>L\u00e4hedane kontakt hobusega ja iste otsa looma raskuskeskme peal.<\/li>\n<li>Kaalub ainult u. 5 kg.<\/li>\n<\/ul>\n","protected":false},"excerpt":{"rendered":"<ul>\n<li>Paksem, kolmekihiline VPS-s\u00fcsteem<\/li>\n<li>Sobib h\u00e4sti nii r\u00e4nnakule kui kistuss\u00f5iduks<\/li>\n<li>Jaluserihma kinnituse asukohta saab muuta<\/li>\n<li>Iste on ratsanikule v\u00e4ga mugav!<\/li>\n<li>Valmistatud pehmest nahast ja kunstnahast<\/li>\n<\/ul>\n","protected":false},"featured_media":415,"template":"","meta":[],"product_brand":[],"product_cat":[357],"product_tag":[335,307,337],"class_list":{"0":"post-7617","1":"product","2":"type-product","3":"status-publish","4":"has-post-thumbnail","6":"product_cat-raamita-sadulad","7":"product_tag-huppamiseks","8":"product_tag-kunstnahast","9":"product_tag-nahast","10":"product_shipping_class-courier-delivery","11":"pa_colour-black-et","12":"pa_colour-must-helepruun","13":"pa_size-1-et","14":"pa_size-2-et","15":"pa_size-3-et","17":"first","18":"onbackorder","19":"shipping-taxable","20":"purchasable","21":"product-type-variable"},"_links":{"self":[{"href":"https:\/\/www.barefoot-baltics.ee\/et\/wp-json\/wp\/v2\/product\/7617","targetHints":{"allow":["GET"]}}],"collection":[{"href":"https:\/\/www.barefoot-baltics.ee\/et\/wp-json\/wp\/v2\/product"}],"about":[{"href":"https:\/\/www.barefoot-baltics.ee\/et\/wp-json\/wp\/v2\/types\/product"}],"wp:featuredmedia":[{"embeddable":true,"href":"https:\/\/www.barefoot-baltics.ee\/et\/wp-json\/wp\/v2\/media\/415"}],"wp:attachment":[{"href":"https:\/\/www.barefoot-baltics.ee\/et\/wp-json\/wp\/v2\/media?parent=7617"}],"wp:term":[{"taxonomy":"product_brand","embeddable":true,"href":"https:\/\/www.barefoot-baltics.ee\/et\/wp-json\/wp\/v2\/product_brand?post=7617"},{"taxonomy":"product_cat","embeddable":true,"href":"https:\/\/www.barefoot-baltics.ee\/et\/wp-json\/wp\/v2\/product_cat?post=7617"},{"taxonomy":"product_tag","embeddable":true,"href":"https:\/\/www.barefoot-baltics.ee\/et\/wp-json\/wp\/v2\/product_tag?post=7617"}],"curies":[{"name":"wp","href":"https:\/\/api.w.org\/{rel}","templated":true}]}}