{"id":7614,"date":"2018-07-20T11:11:57","date_gmt":"2018-07-20T08:11:57","guid":{"rendered":"https:\/\/www.barefoot-baltics.ee\/product\/koolisoidusadul-wellington\/"},"modified":"2025-01-20T08:19:36","modified_gmt":"2025-01-20T06:19:36","slug":"koolisoidusadul-wellington","status":"publish","type":"product","link":"https:\/\/www.barefoot-baltics.ee\/et\/toode\/koolisoidusadul-wellington\/","title":{"rendered":"Koolis\u00f5idusadul \u201cWellington\u201d"},"content":{"rendered":"<p>Barefooti \u201cWellington\u201d on uuenduslik ja v\u00e4ga kerge koolis\u00f5idusadul, mis on valmistatud pehmest nahast. Sadulal on kolmekihiline VPS-s\u00fcsteem, mis kaitseb hobuse selga veelgi paremini survepunktide tekkimise eest. Iste on \u201cWellingtonil\u201d eriliselt kitsas ja kuna ka h\u00f5lmad on lamedad, tunnetab ratsanik oma jalgadega hobust v\u00e4ga h\u00e4sti. Kuna sadul on h\u00e4sti painduv, mugandub see h\u00e4sti hobuse seljaga. Iste on sadulal eemaldatav. Jaluserihmade kinnituse kohta saab muuta ja nii leiab iga ratsanik endale mugav asendi.<\/p>\n<p>Anatoomiat arvestava kujuga istmel on libisemiskindel kate. P\u00f5lvepadjad aitavad hoida ratsanikku koolis\u00f5iduks vajalikus istakus. Kui seda on vaja, v\u00f5ib h\u00f5lmade alla paigaldada lisapehmendused, mis kinnituvad kr\u00f5psuga. Sadulatripid on paigutatud V-kujuliselt.<\/p>\n<p>Nagu Barefooti sadulatega kombeks, paikneb ka koolis\u00f5idusadul \u201cWellington\u201d hobuse seljas tavap\u00e4rasest kohast eespool, mis paigutab ratsaniku otse looma raskuskeskme peale. See teeb hobusel tasakaalu s\u00e4ilitamise lihtsamaks, mis keerulisi man\u00f6\u00f6vreid sooritades on v\u00e4ga t\u00e4htis.<\/p>\n<p>Kiudklaasist sadulakaar (kaasas on suurus: \u201ckeskmine\u201d) on vahetatav.<\/p>\n<ul>\n<li>Painduv igas suunas.<\/li>\n<li>Survepunkte ei teki ja hobuse lihased saavad h\u00e4irimatult areneda.<\/li>\n<li>Jaluserihmade kinnituse kohta saab muuta.<\/li>\n<li>Sadulatripid on paigutatud V-kujuliselt.<\/li>\n<li>Paksem, kolmekihiline VPS-s\u00fcsteem.<\/li>\n<li>Anatoomilised h\u00f5lmad.<\/li>\n<li>Ratsanik on hobusele alati l\u00e4hedal ja tunnetab tema liikumist h\u00e4sti.<\/li>\n<li>Kaalub ainult u. 6 kg.<\/li>\n<\/ul>\n","protected":false},"excerpt":{"rendered":"<ul>\n<li>H\u00e4sti painduv ja muganduv raamita koolis\u00f5idusadul<\/li>\n<li>S\u00fcgav ja kindel iste<\/li>\n<li>Suured p\u00f5lvepadjad, mis annavad hea toe<\/li>\n<li>Jaluserihma kinnituse kohta saab muuta<\/li>\n<\/ul>\n","protected":false},"featured_media":431,"template":"","meta":[],"product_brand":[],"product_cat":[357],"product_tag":[338,317,337],"class_list":{"0":"post-7614","1":"product","2":"type-product","3":"status-publish","4":"has-post-thumbnail","6":"product_cat-raamita-sadulad","7":"product_tag-kerge","8":"product_tag-koolisoit","9":"product_tag-nahast","10":"product_shipping_class-courier-delivery","11":"pa_size-1-et","12":"pa_size-2-et","14":"first","15":"onbackorder","16":"shipping-taxable","17":"purchasable","18":"product-type-variable"},"_links":{"self":[{"href":"https:\/\/www.barefoot-baltics.ee\/et\/wp-json\/wp\/v2\/product\/7614","targetHints":{"allow":["GET"]}}],"collection":[{"href":"https:\/\/www.barefoot-baltics.ee\/et\/wp-json\/wp\/v2\/product"}],"about":[{"href":"https:\/\/www.barefoot-baltics.ee\/et\/wp-json\/wp\/v2\/types\/product"}],"wp:featuredmedia":[{"embeddable":true,"href":"https:\/\/www.barefoot-baltics.ee\/et\/wp-json\/wp\/v2\/media\/431"}],"wp:attachment":[{"href":"https:\/\/www.barefoot-baltics.ee\/et\/wp-json\/wp\/v2\/media?parent=7614"}],"wp:term":[{"taxonomy":"product_brand","embeddable":true,"href":"https:\/\/www.barefoot-baltics.ee\/et\/wp-json\/wp\/v2\/product_brand?post=7614"},{"taxonomy":"product_cat","embeddable":true,"href":"https:\/\/www.barefoot-baltics.ee\/et\/wp-json\/wp\/v2\/product_cat?post=7614"},{"taxonomy":"product_tag","embeddable":true,"href":"https:\/\/www.barefoot-baltics.ee\/et\/wp-json\/wp\/v2\/product_tag?post=7614"}],"curies":[{"name":"wp","href":"https:\/\/api.w.org\/{rel}","templated":true}]}}