{"id":7612,"date":"2018-07-21T09:50:34","date_gmt":"2018-07-21T06:50:34","guid":{"rendered":"https:\/\/www.barefoot-baltics.ee\/product\/ratsapadi-kottidega\/"},"modified":"2025-01-20T08:19:30","modified_gmt":"2025-01-20T06:19:30","slug":"ratsapadi-kottidega","status":"publish","type":"product","link":"https:\/\/www.barefoot-baltics.ee\/et\/toode\/ratsapadi-kottidega\/","title":{"rendered":"Ratsapadi kottidega"},"content":{"rendered":"<p>Barefooti taskutega ratsapadi on erakordselt hobuses\u00f5bralik, sest see jagab Sinu raskuse hobusele \u00fchtlaselt. Sellel on V-kujuline sadulatrippide paigutus, mis jaotab ka sadulav\u00f6\u00f6 pinge hobuse kerele \u00fchtlaselt. Sellel ratsapadjal ei ole jalusekinnitusi, kuna need p\u00f5hjustaksid survepunkte hobuse seljale. Kuigi tihti tuleb t\u00f5deda, et ratsapadjaga ratsutamine on hobuse seljale kahjulik, siis Barefooti ratsapatjadega see kindlasti nii ei ole!<\/p>\n<p>Ratsapadja polster on tehtud tihedast vahtkummist, mille paksus erineb kohati. See p\u00fcsib hobuse seljas v\u00e4ga kindlalt, kuna ratsapadja alus on valmistatud libisemiskindlast kunstkummist. Ratsapadja pealispind on tehtud mikrokiulisest kangast, mis annab ratsanikule hea p\u00fcsivuse ka suurel kiirusel ratsutades.<\/p>\n<p>Ratsapadja taglastus on hobuse seljale pehme, kuna selle aluspind on valmistatud lambavillast, mis ei \u00e4rrita karvkatet. Soovitame ratsapadjaga kasutada Barefooti lambavillaga kaetud sadulav\u00f6\u00f6d.<\/p>\n<ul>\n<li>Kolm D-r\u00f5ngast kottide kinnitamiseks.<\/li>\n<li>Tugev, nailonist kandeaas.<\/li>\n<li>Hobuses\u00f5bralik taglastus.<\/li>\n<li>Libisemiskindel alus.<\/li>\n<\/ul>\n<p>Meie taskutega ratsapadi on saadaval ainult mustana.<\/p>\n","protected":false},"excerpt":{"rendered":"<ul>\n<li>Hobuses\u00f5bralik V-kujuline sadulatrippide jooks<\/li>\n<li>Libisemiskindel alus, mis on tehtud kunstkummist<\/li>\n<li>Kolm D-r\u00f5ngast kottide riputamiseks<\/li>\n<li>Nailonist kandeaas<\/li>\n<\/ul>\n","protected":false},"featured_media":433,"template":"","meta":[],"product_brand":[],"product_cat":[359],"product_tag":[308],"class_list":{"0":"post-7612","1":"product","2":"type-product","3":"status-publish","4":"has-post-thumbnail","6":"product_cat-ratsapadjad-ja-sedelgad","7":"product_tag-kotid","8":"product_shipping_class-pakiautomaat","10":"first","11":"onbackorder","12":"shipping-taxable","13":"purchasable","14":"product-type-simple"},"_links":{"self":[{"href":"https:\/\/www.barefoot-baltics.ee\/et\/wp-json\/wp\/v2\/product\/7612","targetHints":{"allow":["GET"]}}],"collection":[{"href":"https:\/\/www.barefoot-baltics.ee\/et\/wp-json\/wp\/v2\/product"}],"about":[{"href":"https:\/\/www.barefoot-baltics.ee\/et\/wp-json\/wp\/v2\/types\/product"}],"wp:featuredmedia":[{"embeddable":true,"href":"https:\/\/www.barefoot-baltics.ee\/et\/wp-json\/wp\/v2\/media\/433"}],"wp:attachment":[{"href":"https:\/\/www.barefoot-baltics.ee\/et\/wp-json\/wp\/v2\/media?parent=7612"}],"wp:term":[{"taxonomy":"product_brand","embeddable":true,"href":"https:\/\/www.barefoot-baltics.ee\/et\/wp-json\/wp\/v2\/product_brand?post=7612"},{"taxonomy":"product_cat","embeddable":true,"href":"https:\/\/www.barefoot-baltics.ee\/et\/wp-json\/wp\/v2\/product_cat?post=7612"},{"taxonomy":"product_tag","embeddable":true,"href":"https:\/\/www.barefoot-baltics.ee\/et\/wp-json\/wp\/v2\/product_tag?post=7612"}],"curies":[{"name":"wp","href":"https:\/\/api.w.org\/{rel}","templated":true}]}}