{"id":7609,"date":"2018-07-21T10:22:02","date_gmt":"2018-07-21T07:22:02","guid":{"rendered":"https:\/\/www.barefoot-baltics.ee\/product\/ratsapadi\/"},"modified":"2025-09-25T19:34:11","modified_gmt":"2025-09-25T16:34:11","slug":"ratsapadi","status":"publish","type":"product","link":"https:\/\/www.barefoot-baltics.ee\/et\/toode\/ratsapadi\/","title":{"rendered":"Ratsapadi"},"content":{"rendered":"<p>Barefooti ratsapadi on hobuses\u00f5bralik, sest see jagab Sinu raskuse hobuse seljale \u00fchtlaselt. Sellel on V-kujuline sadulatrippide paigutus, mis jaotab ka sadulav\u00f6\u00f6 pinge hobuse kerele \u00fchtlaselt. Sellel ratsapadjal ei ole jalusekinnitusi, kuna need p\u00f5hjustaksid survepunkte. Kuigi tihti tuleb t\u00f5deda, et ratsapadjaga ratsutamine on hobuse seljale kahjulik, siis Barefooti ratsapadjaga see kindlasti nii ei ole!<\/p>\n<p>Ratsapadja polster on valmistatud tihedast vahtkummist ja see paksus erineb kohati. See p\u00fcsib hobuse seljas kindlalt, kuna ratsapadja alus on valmistatud libisemiskindlast kunstkummist. Ratsapadja pealispind on tehtud mikrokiulisest kangast, mis annab ratsanikule hea p\u00fcsivuse ka suurel kiirusel ratsutades.<\/p>\n<p>Ratsapadja taglastus on hobuse seljale pehme, kuna selle aluspind on valmistatud lambavillast. Soovitame ratsapadjaga kasutada Barefooti lambavillaga kaetud sadulav\u00f6\u00f6d.<\/p>\n<ul>\n<li>Kolm D-r\u00f5ngast kottide kinnitamiseks.<\/li>\n<li>Tugev, nailonist kandeaas.<\/li>\n<li>Hobuses\u00f5bralik taglastus.<\/li>\n<li>Libisemiskindel alus.<\/li>\n<\/ul>\n","protected":false},"excerpt":{"rendered":"<ul>\n<li>Hobuses\u00f5bralik V-kujuline sadulatrippide jooks<\/li>\n<li>Libisemiskindel alus, mis on tehtud kunstkummist<\/li>\n<li>Kolm D-r\u00f5ngast kottide riputamiseks<\/li>\n<li>Tugev, nailonist kandeaas<\/li>\n<\/ul>\n","protected":false},"featured_media":9900,"template":"","meta":[],"product_brand":[],"product_cat":[359],"product_tag":[],"class_list":{"0":"post-7609","1":"product","2":"type-product","3":"status-publish","4":"has-post-thumbnail","6":"product_cat-ratsapadjad-ja-sedelgad","7":"product_shipping_class-pakiautomaat","8":"pa_colour-black-et","9":"pa_colour-brown-et","10":"pa_colour-sebra-must-ja-turkiis","12":"first","13":"onbackorder","14":"shipping-taxable","15":"purchasable","16":"product-type-variable"},"_links":{"self":[{"href":"https:\/\/www.barefoot-baltics.ee\/et\/wp-json\/wp\/v2\/product\/7609","targetHints":{"allow":["GET"]}}],"collection":[{"href":"https:\/\/www.barefoot-baltics.ee\/et\/wp-json\/wp\/v2\/product"}],"about":[{"href":"https:\/\/www.barefoot-baltics.ee\/et\/wp-json\/wp\/v2\/types\/product"}],"wp:featuredmedia":[{"embeddable":true,"href":"https:\/\/www.barefoot-baltics.ee\/et\/wp-json\/wp\/v2\/media\/9900"}],"wp:attachment":[{"href":"https:\/\/www.barefoot-baltics.ee\/et\/wp-json\/wp\/v2\/media?parent=7609"}],"wp:term":[{"taxonomy":"product_brand","embeddable":true,"href":"https:\/\/www.barefoot-baltics.ee\/et\/wp-json\/wp\/v2\/product_brand?post=7609"},{"taxonomy":"product_cat","embeddable":true,"href":"https:\/\/www.barefoot-baltics.ee\/et\/wp-json\/wp\/v2\/product_cat?post=7609"},{"taxonomy":"product_tag","embeddable":true,"href":"https:\/\/www.barefoot-baltics.ee\/et\/wp-json\/wp\/v2\/product_tag?post=7609"}],"curies":[{"name":"wp","href":"https:\/\/api.w.org\/{rel}","templated":true}]}}