{"id":7602,"date":"2018-07-29T12:39:06","date_gmt":"2018-07-29T09:39:06","guid":{"rendered":"https:\/\/www.barefoot-baltics.ee\/product\/ratsapadi-fusio\/"},"modified":"2025-11-17T10:45:40","modified_gmt":"2025-11-17T08:45:40","slug":"ratsapadi-fusio","status":"publish","type":"product","link":"https:\/\/www.barefoot-baltics.ee\/et\/toode\/ratsapadi-fusio\/","title":{"rendered":"Ratsapadi &#8220;F\u00fcsio&#8221;"},"content":{"rendered":"<p>Barefooti \u201cF\u00fcsio\u201d on eriti hobuses\u00f5bralik ja mugav ratsapadi, mis jagab Sinu raskuse hobusele \u00fchtlaselt. Sellel on V-kujuline sadulatrippide paigutus, mis jaotab ka sadulav\u00f6\u00f6 pinge hobuse kerele \u00fchtlaselt. Sellel ratsapadjal ei ole jalusekinnitusi, kuna need p\u00f5hjustaksid survepunkte hobuse seljale. Kuigi tihti tuleb t\u00f5deda, et ratsapadjaga ratsutamine on hobuse seljalele kahjulik, siis Barefooti ratsapatjadega see kindlasti nii ei ole!<\/p>\n<p>\u201cF\u00fcsio\u201d alus lisab sellele ratsapadjale v\u00f5imaluse seda t\u00e4idistega kohendada, nii et see saab sobivaks igale hobusele ja ratsanikule. Kaasas on kaks komplekti t\u00e4idiseid, millest \u00fcks on kummist ja teine vahtkummist. \u201cF\u00fcsio\u201d alus kinnitub ratsapadja k\u00fclge kr\u00f5psuga. See t\u00f5stab ratsaniku hobuse selgroost pisut k\u00f5rgemale ja on seet\u00f5ttu hobusele mugavam.<\/p>\n<p>Eriliselt soovitame \u201cF\u00fcsio\u201d alusega ratsapatju:<\/p>\n<ul>\n<li>Vanemate hobustele,<\/li>\n<li>Hobustele, kellel on seljaprobleeme,<\/li>\n<li>Raskete ratsanikele,<\/li>\n<li>V\u00e4ga k\u00f5hnadele ratsanikele.<\/li>\n<\/ul>\n<p>Ratsapadja polster on tihedast vahtkummist, mille paksus erineb kohati. See on hobuse seljas v\u00e4ga kindlalt, kuna ratsapadja alus on valmistatud libisemiskindlast kunstkummist. Ratsapadja pealispind on tehtud mikrokiulisest kangast, mis annab ratsanikule hea p\u00fcsivuse ka suurel kiirusel ratsutades.<\/p>\n<p>Ratsapadja taglastus on hobuse seljale pehme, kuna selle aluspind on valmistatud lambavillast. Soovitame ratsapadjaga kasutada Barefooti lambavillaga kaetud sadulav\u00f6\u00f6d.<\/p>\n<ul>\n<li>Kolm D-r\u00f5ngast kottide kinnitamiseks.<\/li>\n<li>Tugev nailonist kandeaas.<\/li>\n<li>Hobuses\u00f5bralik taglastus.<\/li>\n<li>Libisemiskindel alus.<\/li>\n<li>Kaks paari t\u00e4idiseid ratsapadja kohendamiseks.<\/li>\n<\/ul>\n","protected":false},"excerpt":{"rendered":"<ul>\n<li>Sadula kohendamiseks on kaasas kaks komplekti t\u00e4idiseid<\/li>\n<li>Sobib ka vanematele hobustele ja suurematele ratsanikele.<\/li>\n<li>Hobuses\u00f5bralik V-kujuline sadulatrippide jooks<\/li>\n<li>Libisemiskindel alus, mis on valmistatud kunstkummist<\/li>\n<li>Tugev nailonist kandeaas ja 3 D-r\u00f5ngast kottide riputamiseks<\/li>\n<\/ul>\n","protected":false},"featured_media":464,"template":"","meta":[],"product_brand":[],"product_cat":[359],"product_tag":[323,356,304],"class_list":{"0":"post-7602","1":"product","2":"type-product","3":"status-publish","4":"has-post-thumbnail","6":"product_cat-ratsapadjad-ja-sedelgad","7":"product_tag-eriti-mugav","8":"product_tag-fusio","9":"product_tag-reguleeritav","10":"product_shipping_class-pakiautomaat","11":"pa_colour-meresinine","12":"pa_colour-black-et","13":"pa_colour-brown-et","14":"pa_colour-roheline","15":"pa_colour-roos","17":"first","18":"onbackorder","19":"shipping-taxable","20":"purchasable","21":"product-type-variable"},"_links":{"self":[{"href":"https:\/\/www.barefoot-baltics.ee\/et\/wp-json\/wp\/v2\/product\/7602","targetHints":{"allow":["GET"]}}],"collection":[{"href":"https:\/\/www.barefoot-baltics.ee\/et\/wp-json\/wp\/v2\/product"}],"about":[{"href":"https:\/\/www.barefoot-baltics.ee\/et\/wp-json\/wp\/v2\/types\/product"}],"wp:featuredmedia":[{"embeddable":true,"href":"https:\/\/www.barefoot-baltics.ee\/et\/wp-json\/wp\/v2\/media\/464"}],"wp:attachment":[{"href":"https:\/\/www.barefoot-baltics.ee\/et\/wp-json\/wp\/v2\/media?parent=7602"}],"wp:term":[{"taxonomy":"product_brand","embeddable":true,"href":"https:\/\/www.barefoot-baltics.ee\/et\/wp-json\/wp\/v2\/product_brand?post=7602"},{"taxonomy":"product_cat","embeddable":true,"href":"https:\/\/www.barefoot-baltics.ee\/et\/wp-json\/wp\/v2\/product_cat?post=7602"},{"taxonomy":"product_tag","embeddable":true,"href":"https:\/\/www.barefoot-baltics.ee\/et\/wp-json\/wp\/v2\/product_tag?post=7602"}],"curies":[{"name":"wp","href":"https:\/\/api.w.org\/{rel}","templated":true}]}}