{"id":7599,"date":"2018-07-29T12:54:30","date_gmt":"2018-07-29T09:54:30","guid":{"rendered":"https:\/\/www.barefoot-baltics.ee\/product\/rannakusadul-pehme-soit\/"},"modified":"2025-01-20T08:19:09","modified_gmt":"2025-01-20T06:19:09","slug":"rannakusadul-pehme-soit","status":"publish","type":"product","link":"https:\/\/www.barefoot-baltics.ee\/et\/toode\/rannakusadul-pehme-soit\/","title":{"rendered":"R\u00e4nnakusadul &#8220;Pehme s\u00f5it&#8221;"},"content":{"rendered":"<p>Barefooti \u201cPehme s\u00f5it\u201d on eriliselt mugav \u00fcldsadul, mis meeldib kindlasti nii hobusele kui ratsanikule. See on kujundatud nende ratsanike tagasiside p\u00f5hjal, kes tahtsid soodsat \u00fcldsadulat, mis oleks hobuse seljale hell, kuid ratsanikule samas nagu ema s\u00fcli, nagu lambanahast istmega sadulad ikka.<\/p>\n<p>\u201cPehme s\u00f5idu\u201d \u00fclesehitus on sarnane teiste Barefooti sadulatega. Hobuse seljale on see hell, sest paindub looma liikumisega pidevalt kaasa. Sisse-ehitatud VPS-s\u00fcsteem hoiab \u00e4ra survepunktide tekkimise hobuse seljale ja soodustab ratsu seljalihaste paranemist ja tugevnemist.<\/p>\n<p>Ratsanikule annab lambanahast iste turvalise tunde, kuid samas ei piira see liigselt tema jalgade liikumist. Iste on eriliselt pehme ja see mugandub ratsaniku istmiku j\u00e4rgi. Tunne on sadulas selline, nagu oleksid sadula poolt \u00fcmbritsetud \u2013 see on mugav ja hea tunne!<\/p>\n<p>Lambanahast istme all on anatoomiast l\u00e4htuva kujuga pehmenduspadi, mis kinnitub kr\u00f5psuga. T\u00e4nu sellele padjale on sadul ka ratsaniku puusadele hell. Sadula alus on valmistatud tihedast fliisist ja sadulal on neli D-r\u00f5ngast k\u00f5ige vajaliku kinnitamiseks. Kiudklaasist sadulakaar (kaasas on suurus: \u201ckeskmine\u201d) on vahetatav nagu Barefooti sadulatel ikka. Kaunistuseks on sadulal n\u00f6\u00f6ridega kont\u0161ad, mille abil kinnitub sadula k\u00fclge ka selle lambanahkne iste.<\/p>\n","protected":false},"excerpt":{"rendered":"<ul>\n<li>M\u00f5eldud pikkadele r\u00e4nnakutele<\/li>\n<li>Ei mingeid survepunkte jaluserihmade p\u00e4rast<\/li>\n<li>Kunstnahast sadul lambanahast istmega<\/li>\n<li>Mugandub pidevalt hobuse selja liikumisega ja on mugav<\/li>\n<li>Mugav ja turvaline iste ratsanikule<\/li>\n<\/ul>\n","protected":false},"featured_media":474,"template":"","meta":[],"product_brand":[],"product_cat":[357],"product_tag":[323,307,352],"class_list":{"0":"post-7599","1":"product","2":"type-product","3":"status-publish","4":"has-post-thumbnail","6":"product_cat-raamita-sadulad","7":"product_tag-eriti-mugav","8":"product_tag-kunstnahast","9":"product_tag-rannakule","10":"product_shipping_class-courier-delivery","11":"pa_size-1-et","12":"pa_size-2-et","14":"first","15":"onbackorder","16":"shipping-taxable","17":"purchasable","18":"product-type-variable"},"_links":{"self":[{"href":"https:\/\/www.barefoot-baltics.ee\/et\/wp-json\/wp\/v2\/product\/7599","targetHints":{"allow":["GET"]}}],"collection":[{"href":"https:\/\/www.barefoot-baltics.ee\/et\/wp-json\/wp\/v2\/product"}],"about":[{"href":"https:\/\/www.barefoot-baltics.ee\/et\/wp-json\/wp\/v2\/types\/product"}],"wp:featuredmedia":[{"embeddable":true,"href":"https:\/\/www.barefoot-baltics.ee\/et\/wp-json\/wp\/v2\/media\/474"}],"wp:attachment":[{"href":"https:\/\/www.barefoot-baltics.ee\/et\/wp-json\/wp\/v2\/media?parent=7599"}],"wp:term":[{"taxonomy":"product_brand","embeddable":true,"href":"https:\/\/www.barefoot-baltics.ee\/et\/wp-json\/wp\/v2\/product_brand?post=7599"},{"taxonomy":"product_cat","embeddable":true,"href":"https:\/\/www.barefoot-baltics.ee\/et\/wp-json\/wp\/v2\/product_cat?post=7599"},{"taxonomy":"product_tag","embeddable":true,"href":"https:\/\/www.barefoot-baltics.ee\/et\/wp-json\/wp\/v2\/product_tag?post=7599"}],"curies":[{"name":"wp","href":"https:\/\/api.w.org\/{rel}","templated":true}]}}