{"id":7596,"date":"2018-07-29T13:15:25","date_gmt":"2018-07-29T10:15:25","guid":{"rendered":"https:\/\/www.barefoot-baltics.ee\/product\/ratsapadja-taidised\/"},"modified":"2025-01-20T08:18:17","modified_gmt":"2025-01-20T06:18:17","slug":"ratsapadja-taidised","status":"publish","type":"product","link":"https:\/\/www.barefoot-baltics.ee\/et\/toode\/ratsapadja-taidised\/","title":{"rendered":"T\u00e4idised ratsapadjale &#8220;F\u00fcsio&#8221;"},"content":{"rendered":"<p>Need on t\u00e4idised ratsapadja \u201cF\u00fcsio\u201d aluse kohendamiseks, et see oleks hobuse seljale t\u00e4pselt vastav.<\/p>\n<p>Kummist t\u00e4idised on j\u00e4igemad. Nende paksus on 12 mm. Vahtkummist t\u00e4idised on pehmemad ja nende paksus on 15 mm.<\/p>\n<p>T\u00e4idised on m\u00fc\u00fcgil paarina.<\/p>\n","protected":false},"excerpt":{"rendered":"<ul>\n<li>Saadaval kahest erinevast materjalist: kummist ja vahtkummist<\/li>\n<li>Aitab kohendada ratsapatja &#8220;F\u00fcsio&#8221; Sinu hobuse seljale t\u00e4pselt vastavaks<\/li>\n<\/ul>\n","protected":false},"featured_media":481,"template":"","meta":[],"product_brand":[],"product_cat":[359],"product_tag":[356],"class_list":{"0":"post-7596","1":"product","2":"type-product","3":"status-publish","4":"has-post-thumbnail","6":"product_cat-ratsapadjad-ja-sedelgad","7":"product_tag-fusio","8":"product_shipping_class-pakiautomaat","9":"pa_material-kumm","10":"pa_material-vahtkumm","12":"first","13":"onbackorder","14":"shipping-taxable","15":"purchasable","16":"product-type-variable"},"_links":{"self":[{"href":"https:\/\/www.barefoot-baltics.ee\/et\/wp-json\/wp\/v2\/product\/7596","targetHints":{"allow":["GET"]}}],"collection":[{"href":"https:\/\/www.barefoot-baltics.ee\/et\/wp-json\/wp\/v2\/product"}],"about":[{"href":"https:\/\/www.barefoot-baltics.ee\/et\/wp-json\/wp\/v2\/types\/product"}],"wp:featuredmedia":[{"embeddable":true,"href":"https:\/\/www.barefoot-baltics.ee\/et\/wp-json\/wp\/v2\/media\/481"}],"wp:attachment":[{"href":"https:\/\/www.barefoot-baltics.ee\/et\/wp-json\/wp\/v2\/media?parent=7596"}],"wp:term":[{"taxonomy":"product_brand","embeddable":true,"href":"https:\/\/www.barefoot-baltics.ee\/et\/wp-json\/wp\/v2\/product_brand?post=7596"},{"taxonomy":"product_cat","embeddable":true,"href":"https:\/\/www.barefoot-baltics.ee\/et\/wp-json\/wp\/v2\/product_cat?post=7596"},{"taxonomy":"product_tag","embeddable":true,"href":"https:\/\/www.barefoot-baltics.ee\/et\/wp-json\/wp\/v2\/product_tag?post=7596"}],"curies":[{"name":"wp","href":"https:\/\/api.w.org\/{rel}","templated":true}]}}