{"id":7593,"date":"2018-07-29T13:31:50","date_gmt":"2018-07-29T10:31:50","guid":{"rendered":"https:\/\/www.barefoot-baltics.ee\/product\/sadulatripi-pehmendused\/"},"modified":"2025-01-20T08:18:11","modified_gmt":"2025-01-20T06:18:11","slug":"sadulatripi-pehmendused","status":"publish","type":"product","link":"https:\/\/www.barefoot-baltics.ee\/et\/toode\/sadulatripi-pehmendused\/","title":{"rendered":"Sadulatripi pehmendused"},"content":{"rendered":"<p>Kui juhtub nii, et \u00fcks v\u00f5i teine Sinu ratsapadja sadulatrippide pehmendusest l\u00e4heb kaotsi, saad siit endale asenduse tellida. Need on m\u00fc\u00fcgil paarina ja praegu ainult musta ja pruuni v\u00e4rvi.<\/p>\n","protected":false},"excerpt":{"rendered":"<ul>\n<li>Sadulatripi pehmendused, mis sobivad meie ratsapatjadele<\/li>\n<li>Leevendab trippide pinget hobuse jaoks<\/li>\n<li>M\u00fc\u00fcgil paarina<\/li>\n<\/ul>\n","protected":false},"featured_media":487,"template":"","meta":[],"product_brand":[],"product_cat":[359],"product_tag":[],"class_list":{"0":"post-7593","1":"product","2":"type-product","3":"status-publish","4":"has-post-thumbnail","6":"product_cat-ratsapadjad-ja-sedelgad","7":"product_shipping_class-pakiautomaat","8":"pa_colour-black-et","9":"pa_colour-brown-et","11":"first","12":"onbackorder","13":"shipping-taxable","14":"purchasable","15":"product-type-variable"},"_links":{"self":[{"href":"https:\/\/www.barefoot-baltics.ee\/et\/wp-json\/wp\/v2\/product\/7593","targetHints":{"allow":["GET"]}}],"collection":[{"href":"https:\/\/www.barefoot-baltics.ee\/et\/wp-json\/wp\/v2\/product"}],"about":[{"href":"https:\/\/www.barefoot-baltics.ee\/et\/wp-json\/wp\/v2\/types\/product"}],"wp:featuredmedia":[{"embeddable":true,"href":"https:\/\/www.barefoot-baltics.ee\/et\/wp-json\/wp\/v2\/media\/487"}],"wp:attachment":[{"href":"https:\/\/www.barefoot-baltics.ee\/et\/wp-json\/wp\/v2\/media?parent=7593"}],"wp:term":[{"taxonomy":"product_brand","embeddable":true,"href":"https:\/\/www.barefoot-baltics.ee\/et\/wp-json\/wp\/v2\/product_brand?post=7593"},{"taxonomy":"product_cat","embeddable":true,"href":"https:\/\/www.barefoot-baltics.ee\/et\/wp-json\/wp\/v2\/product_cat?post=7593"},{"taxonomy":"product_tag","embeddable":true,"href":"https:\/\/www.barefoot-baltics.ee\/et\/wp-json\/wp\/v2\/product_tag?post=7593"}],"curies":[{"name":"wp","href":"https:\/\/api.w.org\/{rel}","templated":true}]}}