{"id":7592,"date":"2018-07-31T07:12:03","date_gmt":"2018-07-31T04:12:03","guid":{"rendered":"https:\/\/www.barefoot-baltics.ee\/product\/lambavillast-iste-ratsapadjale\/"},"modified":"2025-08-07T00:54:14","modified_gmt":"2025-08-06T21:54:14","slug":"lambavillast-iste-ratsapadjale","status":"publish","type":"product","link":"https:\/\/www.barefoot-baltics.ee\/et\/toode\/lambavillast-iste-ratsapadjale\/","title":{"rendered":"Lambavillast iste ratsapadjale"},"content":{"rendered":"<p>See on pehmendav, lambavillast iste ratsapadjale, mis lisab ka tuge, sest annab ratsapadjale p\u00f5lvepadjad ja seljatoe. Pehmenduse aluspind on valmistatud kunstkummist, mis sobib h\u00e4sti ratsapadja pealispinnaga. Pehmendus kinnitub ratsapadja k\u00fclge kr\u00f5psudega.<\/p>\n<p>NB! Kui Sul juhtub olema m\u00f5ni vanem, mujalt soetatud ratsapadi, siis v\u00f5ib juhtuda, et see pehmendus Sinu ratsapadjale ei sobi. K\u00fcsimus on selles, kas ratsapadjal on D-r\u00f5ngad ka eespool. Kui ei ole, v\u00f5ib pehmendus hakata libisema. Seda pehmendust v\u00f5ib samas kasutada ka teiste ratsapatjadega, juhul kui neil on kinnituseks vajalikud D-r\u00f5ngad olemas.<\/p>\n<p>See pehmendus <strong>ei sobi<\/strong> meie laste ratsapadjale. Pesta tuleks seda k\u00e4sitsi ja k\u00fclma veega. Peale pesemist tuleb see uuesti \u00f5igesse vormi venitada. P\u00f5lvepadjad ja seljatoe saab pesemise ajaks eemaldada.<\/p>\n","protected":false},"excerpt":{"rendered":"<ul>\n<li>Lisab ratsapadjale p\u00f5lvetoed<\/li>\n<li>Mugav seljatugi<\/li>\n<li>Kinnitub pika kr\u00f5psuga<\/li>\n<\/ul>\n","protected":false},"featured_media":1613,"template":"","meta":[],"product_brand":[],"product_cat":[359],"product_tag":[323,355],"class_list":{"0":"post-7592","1":"product","2":"type-product","3":"status-publish","4":"has-post-thumbnail","6":"product_cat-ratsapadjad-ja-sedelgad","7":"product_tag-eriti-mugav","8":"product_tag-villast","9":"product_shipping_class-pakiautomaat","11":"first","12":"onbackorder","13":"shipping-taxable","14":"purchasable","15":"product-type-simple"},"_links":{"self":[{"href":"https:\/\/www.barefoot-baltics.ee\/et\/wp-json\/wp\/v2\/product\/7592","targetHints":{"allow":["GET"]}}],"collection":[{"href":"https:\/\/www.barefoot-baltics.ee\/et\/wp-json\/wp\/v2\/product"}],"about":[{"href":"https:\/\/www.barefoot-baltics.ee\/et\/wp-json\/wp\/v2\/types\/product"}],"wp:featuredmedia":[{"embeddable":true,"href":"https:\/\/www.barefoot-baltics.ee\/et\/wp-json\/wp\/v2\/media\/1613"}],"wp:attachment":[{"href":"https:\/\/www.barefoot-baltics.ee\/et\/wp-json\/wp\/v2\/media?parent=7592"}],"wp:term":[{"taxonomy":"product_brand","embeddable":true,"href":"https:\/\/www.barefoot-baltics.ee\/et\/wp-json\/wp\/v2\/product_brand?post=7592"},{"taxonomy":"product_cat","embeddable":true,"href":"https:\/\/www.barefoot-baltics.ee\/et\/wp-json\/wp\/v2\/product_cat?post=7592"},{"taxonomy":"product_tag","embeddable":true,"href":"https:\/\/www.barefoot-baltics.ee\/et\/wp-json\/wp\/v2\/product_tag?post=7592"}],"curies":[{"name":"wp","href":"https:\/\/api.w.org\/{rel}","templated":true}]}}