{"id":7582,"date":"2018-09-07T14:25:20","date_gmt":"2018-09-07T11:25:20","guid":{"rendered":"https:\/\/www.barefoot-baltics.ee\/product\/ise-kujundatav-uldsadul-saieen\/"},"modified":"2025-01-20T08:17:59","modified_gmt":"2025-01-20T06:17:59","slug":"ise-kujundatav-uldsadul-saieen","status":"publish","type":"product","link":"https:\/\/www.barefoot-baltics.ee\/et\/toode\/ise-kujundatav-uldsadul-saieen\/","title":{"rendered":"Ise kujundatav \u00fcldsadul &#8220;\u0160aieen&#8221;"},"content":{"rendered":"<p>Barefooti \u201c\u0160aieeni\u201d saab kujundada ka ise. Sa saad valida k\u00fcmne erineva nahav\u00e4rvuse vahel ja kujundada sadula kuni pisidetailideni just selliseks nagu Sulle meeldib.<\/p>\n<p>\u201c\u0160aieen\u201d valmistatakse avapoorsest lehmanahast ja see on meie klientide lemmik. Sadul on igas suunas h\u00e4sti painduv ja kohandub liikudes h\u00e4sti hobuse seljaga. See on vastupidav ja kergesti hooldatav t\u00e4nu pori t\u00f5rjuvale nahat\u00f6\u00f6tlusele. \u201c\u0160aieen\u201d sobib eriti h\u00e4sti ratsanikele, kellele on t\u00e4htis liikumisvabadus sadulas. Kuna p\u00f5lvepatju ei ole, saavad ratsaniku jalad liikuda vabalt.<\/p>\n<p>Sadula alus on tehtud tihedast fliisist. \u00c4\u00e4ristus on nahast ja sadulal on kuus D-r\u00f5ngast k\u00f5ige vajaliku riputamiseks. Kiudklaasist sadulakaar (kaasas on suurus: \u201ckeskmine\u201d) on vahetatav, nagu Barefooti sadulatel ikka.<\/p>\n<ul>\n<li>Painduv igas suunas.<\/li>\n<li>Ratsaniku raskus kandub hobusele \u00fchtlaselt ja hobuse selg areneb terveks ja tugevaks.<\/li>\n<li>VPS-s\u00fcsteemiga.<\/li>\n<li>Hea kontakt hobusega ja mugav, tasakaalus iste hobuse raskuskeskme peal.<\/li>\n<li>Kaalub ainult 5 kg.<\/li>\n<\/ul>\n<p>Jaluserihmade kinnituse asukoht on \u201c\u0160aieenil\u201d muudetav.<\/p>\n<p>Tellimuse ettevalmistamiseks kasuta palun meie sadulakujundajat, vajutades <a href=\"https:\/\/www.barefoot-baltics.ee\/wp-content\/uploads\/2019\/07\/Custom-Design-Saddle-Cheyenne.pdf\" rel=\"noopener noreferrer\" target=\"_blank\">SIIA<\/a>. Kui oled oma kujunduse valmis saanud, siis salvesta see palun, vajutades Ctrl+P ja \u201cprintides\u201d see pdf-vormingusse. Seej\u00e4rel saada see palun meile (kirjakast@barefoot-baltics.ee).<\/p>\n<p>Sinu kujundatud \u201c\u0160aieen\u201d on m\u00f5istagi eritellimus, mille t\u00e4itmine v\u00f5ib v\u00f5tta \u00fcle 3 kuu aega. V\u00f5id tellida oma \u201c\u0160aieenile\u201d ka sarve, mis lisab hinnale 50 eurot, v\u00f5i k\u00e4epidemed, mis lisavad hinnale 80 eurot.<\/p>\n<p><em>NB! Kuna isekujundatud \u201c\u0160aieen\u201d on Sinu soovidele vastavalt kujundatud ja eritellimusena valmistatud toode, mille v\u00e4limuses ei ole midagi standardset, siis ei saa me Sulle kahjuks v\u00f5imaldada selle tellimisest loobumist, kui Sa hiljem meelt muudad, v\u00f5i tavalistel tingimustel kauba tagastamist.<\/em><\/p>\n","protected":false},"excerpt":{"rendered":"<ul>\n<li>Barefooti sadul, mille Sa saad kujundada ise<\/li>\n<li>Valida saab k\u00fcmne erineva v\u00e4rvuse seast<\/li>\n<li>Eritellimusel. Tarneaeg on 3-4 kuud.<\/li>\n<\/ul>\n","protected":false},"featured_media":513,"template":"","meta":[],"product_brand":[],"product_cat":[357],"product_tag":[327,316,337,329],"class_list":{"0":"post-7582","1":"product","2":"type-product","3":"status-publish","4":"has-post-thumbnail","6":"product_cat-raamita-sadulad","7":"product_tag-algajatele","8":"product_tag-isikuparane","9":"product_tag-nahast","10":"product_tag-uldkasutatav","11":"product_shipping_class-courier-delivery","12":"pa_size-1-et","13":"pa_size-2-et","15":"first","16":"onbackorder","17":"shipping-taxable","18":"purchasable","19":"product-type-variable"},"_links":{"self":[{"href":"https:\/\/www.barefoot-baltics.ee\/et\/wp-json\/wp\/v2\/product\/7582","targetHints":{"allow":["GET"]}}],"collection":[{"href":"https:\/\/www.barefoot-baltics.ee\/et\/wp-json\/wp\/v2\/product"}],"about":[{"href":"https:\/\/www.barefoot-baltics.ee\/et\/wp-json\/wp\/v2\/types\/product"}],"wp:featuredmedia":[{"embeddable":true,"href":"https:\/\/www.barefoot-baltics.ee\/et\/wp-json\/wp\/v2\/media\/513"}],"wp:attachment":[{"href":"https:\/\/www.barefoot-baltics.ee\/et\/wp-json\/wp\/v2\/media?parent=7582"}],"wp:term":[{"taxonomy":"product_brand","embeddable":true,"href":"https:\/\/www.barefoot-baltics.ee\/et\/wp-json\/wp\/v2\/product_brand?post=7582"},{"taxonomy":"product_cat","embeddable":true,"href":"https:\/\/www.barefoot-baltics.ee\/et\/wp-json\/wp\/v2\/product_cat?post=7582"},{"taxonomy":"product_tag","embeddable":true,"href":"https:\/\/www.barefoot-baltics.ee\/et\/wp-json\/wp\/v2\/product_tag?post=7582"}],"curies":[{"name":"wp","href":"https:\/\/api.w.org\/{rel}","templated":true}]}}