{"id":7568,"date":"2018-09-12T10:55:29","date_gmt":"2018-09-12T07:55:29","guid":{"rendered":"https:\/\/www.barefoot-baltics.ee\/product\/vesternsadul-missoula-pahkel\/"},"modified":"2025-01-20T08:17:24","modified_gmt":"2025-01-20T06:17:24","slug":"vesternsadul-missoula-pahkel","status":"publish","type":"product","link":"https:\/\/www.barefoot-baltics.ee\/et\/toode\/vesternsadul-missoula-pahkel\/","title":{"rendered":"Vesternsadul \u201cMissoula p\u00e4hkel\u201d, kujunda ise"},"content":{"rendered":"<p>Barefooti vesternsadul \u201cMissoula p\u00e4hkel\u201d on efektse v\u00e4limusega ja Sa saad selle paljuski kujundada ise: valida saad erinevate nahkpinna mustrite ja istme v\u00e4rvuste vahel. Sadul on valmistatud brasiilia lehmanahast ning see on paindlik ja hobuses\u00f5bralik nagu Barefootid ikka. Sadula iste on valmistatud kitse-seemisnahast ja sadula alus on tehtud tihedast fliisist.<\/p>\n<p>Rihmapandlad ja D-r\u00f5ngad on roostevabast terasest. Mustriga kaunistatud on ka jalusevendrid. Kaasas on nailonist lipsrihm vestern-sadulav\u00f6\u00f6 kinnitamiseks. Sobivad jalused on saadaval eraldi. Kiudklaasist sadulakaar (kaasas on suurus: \u201clai\u201d) on vahetatav, nagu Barefooti sadulatel ikka.<\/p>\n<ul>\n<li>H\u00e4sti painduv igas suunas.<\/li>\n<li>Soodustab kena seljajoone kujunemist (hobusel \ud83d\ude42 ).<\/li>\n<li>VPS-s\u00fcsteemiga.<\/li>\n<li>Autentse v\u00e4limusega vesternsadul<\/li>\n<li>Kaalub ainult u. 8,5 kg.<\/li>\n<\/ul>\n<p>NB! Kuna \u201cMissoula p\u00e4hkel\u201d on eritellimusena valmistatav sadul, mille v\u00e4limuse kujundad Sa paljuski ise, siis ei saa me Sulle kahjuks v\u00f5imaldada selle tellimisest loobumist ega tavalistel tingimustel tagastamist, kui Sa hiljem meelt muudad. Selle sadula tarneaeg v\u00f5ib olla isegi \u00fcle kolme kuu.<\/p>\n","protected":false},"excerpt":{"rendered":"<ul>\n<li>H\u00e4sti painduv, kergekaaluline vesternsadul<\/li>\n<li>Valmistatud brasiilia lehmanahast<\/li>\n<li>Nahkpinna kaunistused valmivad k\u00e4sit\u00f6\u00f6na ja kujundus on Sinu valida<\/li>\n<li>Iste on valmistatud kitse-seemisnahast; v\u00e4rvi saab valida<\/li>\n<li>Jaluserihma kinnituse kohta saab muuta<\/li>\n<\/ul>\n","protected":false},"featured_media":537,"template":"","meta":[],"product_brand":[],"product_cat":[357],"product_tag":[316,337,354],"class_list":{"0":"post-7568","1":"product","2":"type-product","3":"status-publish","4":"has-post-thumbnail","6":"product_cat-raamita-sadulad","7":"product_tag-isikuparane","8":"product_tag-nahast","9":"product_tag-vestern","10":"product_shipping_class-courier-delivery","11":"pa_size-1-et","12":"pa_size-2-et","14":"first","15":"onbackorder","16":"shipping-taxable","17":"purchasable","18":"product-type-variable"},"_links":{"self":[{"href":"https:\/\/www.barefoot-baltics.ee\/et\/wp-json\/wp\/v2\/product\/7568","targetHints":{"allow":["GET"]}}],"collection":[{"href":"https:\/\/www.barefoot-baltics.ee\/et\/wp-json\/wp\/v2\/product"}],"about":[{"href":"https:\/\/www.barefoot-baltics.ee\/et\/wp-json\/wp\/v2\/types\/product"}],"wp:featuredmedia":[{"embeddable":true,"href":"https:\/\/www.barefoot-baltics.ee\/et\/wp-json\/wp\/v2\/media\/537"}],"wp:attachment":[{"href":"https:\/\/www.barefoot-baltics.ee\/et\/wp-json\/wp\/v2\/media?parent=7568"}],"wp:term":[{"taxonomy":"product_brand","embeddable":true,"href":"https:\/\/www.barefoot-baltics.ee\/et\/wp-json\/wp\/v2\/product_brand?post=7568"},{"taxonomy":"product_cat","embeddable":true,"href":"https:\/\/www.barefoot-baltics.ee\/et\/wp-json\/wp\/v2\/product_cat?post=7568"},{"taxonomy":"product_tag","embeddable":true,"href":"https:\/\/www.barefoot-baltics.ee\/et\/wp-json\/wp\/v2\/product_tag?post=7568"}],"curies":[{"name":"wp","href":"https:\/\/api.w.org\/{rel}","templated":true}]}}