{"id":7563,"date":"2018-09-12T11:36:12","date_gmt":"2018-09-12T08:36:12","guid":{"rendered":"https:\/\/www.barefoot-baltics.ee\/product\/vesternsadul-virginia-roos-eritellimusel-ise-kujundatav\/"},"modified":"2025-01-20T08:17:17","modified_gmt":"2025-01-20T06:17:17","slug":"vesternsadul-virginia-roos-eritellimusel-ise-kujundatav","status":"publish","type":"product","link":"https:\/\/www.barefoot-baltics.ee\/et\/toode\/vesternsadul-virginia-roos-eritellimusel-ise-kujundatav\/","title":{"rendered":"Vesternsadul &#8220;Virginia roos&#8221; (eritellimusel, ise kujundatav)"},"content":{"rendered":"<p>Barefooti \u201cVirginia roos\u201d on kaunis vesternsadul, mille Sa paljuski saad kujundada ise: valida saad erinevate nahkpinna mustrite ja istme v\u00e4rvuste vahel. Sadul on valmistatud brasiilia lehmanahast ning see on paindlik ja hobuses\u00f5bralik nagu Barefootid ikka. Sadula iste on valmistatud kitse-seemisnahast ja sadula alus on tehtud tihedast fliisist.<\/p>\n<p>Rihmapandlad ja D-r\u00f5ngad on roostevabast terasest. Mustriga kaunistatud on ka jalusevendrid. Kaasas on nailonist lipsrihm vestern-sadulav\u00f6\u00f6 kinnitamiseks. Sobivad jalused on saadaval eraldi. Kiudklaasist sadulakaar (kaasas on suurus: \u201clai\u201d) on vahetatav, nagu Barefooti sadulatel ikka.<\/p>\n<ul>\n<li>H\u00e4sti painduv igas suunas.<\/li>\n<li>Soodustab kena seljajoone kujunemist (hobusel).<\/li>\n<li>VPS-s\u00fcsteemiga.<\/li>\n<li>Autentselt &#8220;vestern&#8221;.<\/li>\n<li>Kaalub ainult u. 8,5 kg.<\/li>\n<\/ul>\n<p>Selle sadula nahk muutub aja jooksul tumedamaks; selliseks, nagu on n\u00e4ha viimasel pildil. Barefooti vesternsadulaid saab kasutada ka \u201cWestern Pleasure\u201d v\u00f5istlustel.<\/p>\n<p>NB! Kuna \u201cVirginia roos\u201d on eritellimusena valmistatav sadul, mille v\u00e4limuse kujundad Sa paljuski ise, siis ei saa me Sulle kahjuks v\u00f5imaldada selle tellimisest loobumist v\u00f5i tavap\u00e4rastel tingimustel tagastamist, kui Sa hiljem meelt muudad. Lisaks sellele pead arvestama, et selle sadula tarneaeg v\u00f5ib olla isegi \u00fcle kolme kuu.<\/p>\n","protected":false},"excerpt":{"rendered":"<ul>\n<li>H\u00e4sti painduv, kergekaaluline vesternsadul<\/li>\n<li>Valmistatud kvaliteetsest brasiilia lehmanahast<\/li>\n<li>Nahakaunistused valmivad k\u00e4sit\u00f6\u00f6na ja kujundus on Sinu valida<\/li>\n<li>Iste on valmistatud kitse-seemisnahast; v\u00e4rvi saad ise valida<\/li>\n<li>Jaluserihma kinnituse asendit saab muuta<\/li>\n<\/ul>\n","protected":false},"featured_media":543,"template":"","meta":[],"product_brand":[],"product_cat":[357],"product_tag":[316,337,354],"class_list":{"0":"post-7563","1":"product","2":"type-product","3":"status-publish","4":"has-post-thumbnail","6":"product_cat-raamita-sadulad","7":"product_tag-isikuparane","8":"product_tag-nahast","9":"product_tag-vestern","10":"product_shipping_class-courier-delivery","11":"pa_size-1-et","12":"pa_size-2-et","14":"first","15":"onbackorder","16":"shipping-taxable","17":"purchasable","18":"product-type-variable"},"_links":{"self":[{"href":"https:\/\/www.barefoot-baltics.ee\/et\/wp-json\/wp\/v2\/product\/7563","targetHints":{"allow":["GET"]}}],"collection":[{"href":"https:\/\/www.barefoot-baltics.ee\/et\/wp-json\/wp\/v2\/product"}],"about":[{"href":"https:\/\/www.barefoot-baltics.ee\/et\/wp-json\/wp\/v2\/types\/product"}],"wp:featuredmedia":[{"embeddable":true,"href":"https:\/\/www.barefoot-baltics.ee\/et\/wp-json\/wp\/v2\/media\/543"}],"wp:attachment":[{"href":"https:\/\/www.barefoot-baltics.ee\/et\/wp-json\/wp\/v2\/media?parent=7563"}],"wp:term":[{"taxonomy":"product_brand","embeddable":true,"href":"https:\/\/www.barefoot-baltics.ee\/et\/wp-json\/wp\/v2\/product_brand?post=7563"},{"taxonomy":"product_cat","embeddable":true,"href":"https:\/\/www.barefoot-baltics.ee\/et\/wp-json\/wp\/v2\/product_cat?post=7563"},{"taxonomy":"product_tag","embeddable":true,"href":"https:\/\/www.barefoot-baltics.ee\/et\/wp-json\/wp\/v2\/product_tag?post=7563"}],"curies":[{"name":"wp","href":"https:\/\/api.w.org\/{rel}","templated":true}]}}