{"id":7560,"date":"2018-09-13T14:57:14","date_gmt":"2018-09-13T11:57:14","guid":{"rendered":"https:\/\/www.barefoot-baltics.ee\/product\/vendrid-vesternsadulale-arizona-pahkel\/"},"modified":"2025-01-20T08:17:07","modified_gmt":"2025-01-20T06:17:07","slug":"vendrid-vesternsadulale-arizona-pahkel","status":"publish","type":"product","link":"https:\/\/www.barefoot-baltics.ee\/et\/toode\/vendrid-vesternsadulale-arizona-pahkel\/","title":{"rendered":"Vendrid vesternsadulale &#8220;Arizona p\u00e4hkel&#8221;"},"content":{"rendered":"<p>Need on vendrid vesternsadulale, mis on m\u00f5eldud meie &#8220;Arizona p\u00e4hklile&#8221;. See sadul tuleb ostes koos vendrite ja jalustega, aga kui Sa vajad m\u00f5ne aja m\u00f6\u00f6dudes uusi, siis saad need siit osta. <\/p>\n","protected":false},"excerpt":{"rendered":"<ul>\n<li>K\u00e4sitsi t\u00f6\u00f6deldud asendus-vendrid vesternsadulale &#8220;Arizona p\u00e4hkel&#8221;<\/li>\n<li>Saadaval kas koos jalustega v\u00f5i ilma nendeta<\/li>\n<\/ul>\n","protected":false},"featured_media":564,"template":"","meta":[],"product_brand":[],"product_cat":[362],"product_tag":[337,354],"class_list":{"0":"post-7560","1":"product","2":"type-product","3":"status-publish","4":"has-post-thumbnail","6":"product_cat-jalused-ja-jaluserihmad","7":"product_tag-nahast","8":"product_tag-vestern","9":"product_shipping_class-pakiautomaat","10":"pa_stirrups-ei-ole-komplektis","11":"pa_stirrups-komplektis","13":"first","14":"onbackorder","15":"shipping-taxable","16":"purchasable","17":"product-type-variable"},"_links":{"self":[{"href":"https:\/\/www.barefoot-baltics.ee\/et\/wp-json\/wp\/v2\/product\/7560","targetHints":{"allow":["GET"]}}],"collection":[{"href":"https:\/\/www.barefoot-baltics.ee\/et\/wp-json\/wp\/v2\/product"}],"about":[{"href":"https:\/\/www.barefoot-baltics.ee\/et\/wp-json\/wp\/v2\/types\/product"}],"wp:featuredmedia":[{"embeddable":true,"href":"https:\/\/www.barefoot-baltics.ee\/et\/wp-json\/wp\/v2\/media\/564"}],"wp:attachment":[{"href":"https:\/\/www.barefoot-baltics.ee\/et\/wp-json\/wp\/v2\/media?parent=7560"}],"wp:term":[{"taxonomy":"product_brand","embeddable":true,"href":"https:\/\/www.barefoot-baltics.ee\/et\/wp-json\/wp\/v2\/product_brand?post=7560"},{"taxonomy":"product_cat","embeddable":true,"href":"https:\/\/www.barefoot-baltics.ee\/et\/wp-json\/wp\/v2\/product_cat?post=7560"},{"taxonomy":"product_tag","embeddable":true,"href":"https:\/\/www.barefoot-baltics.ee\/et\/wp-json\/wp\/v2\/product_tag?post=7560"}],"curies":[{"name":"wp","href":"https:\/\/api.w.org\/{rel}","templated":true}]}}