{"id":7557,"date":"2018-09-12T12:31:53","date_gmt":"2018-09-12T09:31:53","guid":{"rendered":"https:\/\/www.barefoot-baltics.ee\/product\/polvepatjadega-vendrid\/"},"modified":"2026-03-11T13:34:17","modified_gmt":"2026-03-11T11:34:17","slug":"polvepatjadega-vendrid","status":"publish","type":"product","link":"https:\/\/www.barefoot-baltics.ee\/et\/toode\/polvepatjadega-vendrid\/","title":{"rendered":"P\u00f5lvepatjadega vendrid"},"content":{"rendered":"<p>Need on ergonoomilised p\u00f5lvepadjad, mis on m\u00f5eldud sadulale lisaks. Need annavad ratsanikule tuge ja turvalisust. Need sobivad h\u00e4sti lisavarustuseks sadulatele, millel p\u00f5lvepatju ei ole, nagu nt. \u201c\u0160aieen\u201d. Jaluserihmad (mis tuleb hankida eraldi) k\u00e4ivad l\u00e4bi ava, mis on vendrite sees, ja sinna sobivad nii tollised kui kahetollised rihmad.<\/p>\n<p>P\u00f5lvepatjade lisav\u00e4\u00e4rtus on see, et:<\/p>\n<ul>\n<li>Need hoiavad ratsaniku jalgu paigal.<\/li>\n<li>Neid saab kasutada nii inglise- kui vestern-t\u00fc\u00fcpi jaluserihmadega.<\/li>\n<li>Ratsaniku p\u00fcksid ei puutu hobusega kokku.<\/li>\n<li>V\u00f5id ratsutada saabaste v\u00f5i s\u00e4\u00e4ristega.<\/li>\n<\/ul>\n<p>Nende p\u00f5lvepatjade pikkus on 43,5 cm.<\/p>\n","protected":false},"excerpt":{"rendered":"<ul>\n<li>Ergonoomilised p\u00f5lvepadjad, mis k\u00e4ivad jaluserihmade peale<\/li>\n<li>Kasutatavad k\u00f5ikide sadulatega<\/li>\n<li>Teevad r\u00e4nnakud turvalisemaks<\/li>\n<li>Kerge paigaldada ja eemaldada<\/li>\n<li>M\u00fc\u00fcgil paarina<\/li>\n<\/ul>\n","protected":false},"featured_media":554,"template":"","meta":[],"product_brand":[],"product_cat":[362,360],"product_tag":[324,322,337,354],"class_list":{"0":"post-7557","1":"product","2":"type-product","3":"status-publish","4":"has-post-thumbnail","6":"product_cat-jalused-ja-jaluserihmad","7":"product_cat-sadulatarvikud","8":"product_tag-eriti-turvaline","9":"product_tag-inglise","10":"product_tag-nahast","11":"product_tag-vestern","12":"product_shipping_class-pakiautomaat","13":"pa_colour-black-et","14":"pa_colour-brown-et","16":"first","17":"onbackorder","18":"shipping-taxable","19":"purchasable","20":"product-type-variable"},"_links":{"self":[{"href":"https:\/\/www.barefoot-baltics.ee\/et\/wp-json\/wp\/v2\/product\/7557","targetHints":{"allow":["GET"]}}],"collection":[{"href":"https:\/\/www.barefoot-baltics.ee\/et\/wp-json\/wp\/v2\/product"}],"about":[{"href":"https:\/\/www.barefoot-baltics.ee\/et\/wp-json\/wp\/v2\/types\/product"}],"wp:featuredmedia":[{"embeddable":true,"href":"https:\/\/www.barefoot-baltics.ee\/et\/wp-json\/wp\/v2\/media\/554"}],"wp:attachment":[{"href":"https:\/\/www.barefoot-baltics.ee\/et\/wp-json\/wp\/v2\/media?parent=7557"}],"wp:term":[{"taxonomy":"product_brand","embeddable":true,"href":"https:\/\/www.barefoot-baltics.ee\/et\/wp-json\/wp\/v2\/product_brand?post=7557"},{"taxonomy":"product_cat","embeddable":true,"href":"https:\/\/www.barefoot-baltics.ee\/et\/wp-json\/wp\/v2\/product_cat?post=7557"},{"taxonomy":"product_tag","embeddable":true,"href":"https:\/\/www.barefoot-baltics.ee\/et\/wp-json\/wp\/v2\/product_tag?post=7557"}],"curies":[{"name":"wp","href":"https:\/\/api.w.org\/{rel}","templated":true}]}}