{"id":7554,"date":"2018-09-14T22:37:24","date_gmt":"2018-09-14T19:37:24","guid":{"rendered":"https:\/\/www.barefoot-baltics.ee\/product\/jalusevendrid-kitsad\/"},"modified":"2025-04-02T15:48:50","modified_gmt":"2025-04-02T12:48:50","slug":"jalusevendrid-kitsad","status":"publish","type":"product","link":"https:\/\/www.barefoot-baltics.ee\/et\/toode\/jalusevendrid-kitsad\/","title":{"rendered":"Jalusevendrid, kitsad"},"content":{"rendered":"<p>Need jalusevendrid on hea alternatiiv tavalistele inglise t\u00fc\u00fcpi jaluserihmadele. Need on valmistatud siledast, vastupidavast nahast. Pandlad on paigutatud allapoole, et v\u00e4ltida survepunktide tekkimist ratsaniku reite all.<\/p>\n<p>Need jalusevendrid ei \u201cn\u00e4pista\u201d ratsaniku jalga ja seet\u00f5ttu sobivad need h\u00e4sti ka tavaliste riietega (ilma ratsasaabasteta ja s\u00e4\u00e4risteta) ratsutamiseks.<\/p>\n<ul>\n<li>Pandlad ei tekita hobuse seljale survepunkte.<\/li>\n<li>Kergesti reguleeritavad, ka sadulast.<\/li>\n<li>Nailonist tugevdus.<\/li>\n<\/ul>\n<p>Nende vendritega sobivad k\u00f5ik meie vesternjalused. M\u00fc\u00fcgil on need paarina, koos kammitsrihmadega. Nende pikkust saab muuta vahemikus 48-70 cm.<\/p>\n","protected":false},"excerpt":{"rendered":"<ul>\n<li>Kitsad, vestern-t\u00fc\u00fcpi vendrid, mis sobivad aga 1-tollistesse (2,5 cm) jaluserihma aasadesse<\/li>\n<li>Sobivad seega ka meie inglise t\u00fc\u00fcpi sadulatele<\/li>\n<li>Koos kammitsrihmadega<\/li>\n<li>Pandlad on all, et v\u00e4ltida survepunktide tekkimist hobuse seljal<\/li>\n<\/ul>\n","protected":false},"featured_media":587,"template":"","meta":[],"product_brand":[],"product_cat":[362],"product_tag":[337,354],"class_list":{"0":"post-7554","1":"product","2":"type-product","3":"status-publish","4":"has-post-thumbnail","6":"product_cat-jalused-ja-jaluserihmad","7":"product_tag-nahast","8":"product_tag-vestern","9":"product_shipping_class-pakiautomaat","10":"pa_colour-black-et","11":"pa_colour-brown-et","13":"first","14":"onbackorder","15":"shipping-taxable","16":"purchasable","17":"product-type-variable"},"_links":{"self":[{"href":"https:\/\/www.barefoot-baltics.ee\/et\/wp-json\/wp\/v2\/product\/7554","targetHints":{"allow":["GET"]}}],"collection":[{"href":"https:\/\/www.barefoot-baltics.ee\/et\/wp-json\/wp\/v2\/product"}],"about":[{"href":"https:\/\/www.barefoot-baltics.ee\/et\/wp-json\/wp\/v2\/types\/product"}],"wp:featuredmedia":[{"embeddable":true,"href":"https:\/\/www.barefoot-baltics.ee\/et\/wp-json\/wp\/v2\/media\/587"}],"wp:attachment":[{"href":"https:\/\/www.barefoot-baltics.ee\/et\/wp-json\/wp\/v2\/media?parent=7554"}],"wp:term":[{"taxonomy":"product_brand","embeddable":true,"href":"https:\/\/www.barefoot-baltics.ee\/et\/wp-json\/wp\/v2\/product_brand?post=7554"},{"taxonomy":"product_cat","embeddable":true,"href":"https:\/\/www.barefoot-baltics.ee\/et\/wp-json\/wp\/v2\/product_cat?post=7554"},{"taxonomy":"product_tag","embeddable":true,"href":"https:\/\/www.barefoot-baltics.ee\/et\/wp-json\/wp\/v2\/product_tag?post=7554"}],"curies":[{"name":"wp","href":"https:\/\/api.w.org\/{rel}","templated":true}]}}