{"id":7547,"date":"2018-09-19T11:08:51","date_gmt":"2018-09-19T08:08:51","guid":{"rendered":"https:\/\/www.barefoot-baltics.ee\/product\/kammitsrihmad-vendritele-kontsadega\/"},"modified":"2025-01-20T08:16:22","modified_gmt":"2025-01-20T06:16:22","slug":"kammitsrihmad-vendritele-kontsadega","status":"publish","type":"product","link":"https:\/\/www.barefoot-baltics.ee\/et\/toode\/kammitsrihmad-vendritele-kontsadega\/","title":{"rendered":"Kammitsrihmad vendritele, kont\u0161adega"},"content":{"rendered":"<p>Need on kont\u0161adega asendus-kammitsrihmad jalusevendritele, mis sobivad Barefooti vendritega. (V\u00f5imalik, et need sobivad teiste tootjate vendritega ka.) Need on kaunistatud kont\u0161adega ja m\u00fc\u00fcgil on need paarina.<\/p>\n","protected":false},"excerpt":{"rendered":"<ul>\n<li>Asendus-kammitsrihmad Barefooti vendritele<\/li>\n<li>Kaunistatud kont\u0161adega<\/li>\n<li>M\u00fc\u00fcgil paarina<\/li>\n<\/ul>\n","protected":false},"featured_media":604,"template":"","meta":[],"product_brand":[],"product_cat":[362],"product_tag":[337,354],"class_list":{"0":"post-7547","1":"product","2":"type-product","3":"status-publish","4":"has-post-thumbnail","6":"product_cat-jalused-ja-jaluserihmad","7":"product_tag-nahast","8":"product_tag-vestern","9":"product_shipping_class-pakiautomaat","10":"pa_colour-black-et","11":"pa_colour-brown-et","13":"first","14":"onbackorder","15":"shipping-taxable","16":"purchasable","17":"product-type-variable"},"_links":{"self":[{"href":"https:\/\/www.barefoot-baltics.ee\/et\/wp-json\/wp\/v2\/product\/7547","targetHints":{"allow":["GET"]}}],"collection":[{"href":"https:\/\/www.barefoot-baltics.ee\/et\/wp-json\/wp\/v2\/product"}],"about":[{"href":"https:\/\/www.barefoot-baltics.ee\/et\/wp-json\/wp\/v2\/types\/product"}],"wp:featuredmedia":[{"embeddable":true,"href":"https:\/\/www.barefoot-baltics.ee\/et\/wp-json\/wp\/v2\/media\/604"}],"wp:attachment":[{"href":"https:\/\/www.barefoot-baltics.ee\/et\/wp-json\/wp\/v2\/media?parent=7547"}],"wp:term":[{"taxonomy":"product_brand","embeddable":true,"href":"https:\/\/www.barefoot-baltics.ee\/et\/wp-json\/wp\/v2\/product_brand?post=7547"},{"taxonomy":"product_cat","embeddable":true,"href":"https:\/\/www.barefoot-baltics.ee\/et\/wp-json\/wp\/v2\/product_cat?post=7547"},{"taxonomy":"product_tag","embeddable":true,"href":"https:\/\/www.barefoot-baltics.ee\/et\/wp-json\/wp\/v2\/product_tag?post=7547"}],"curies":[{"name":"wp","href":"https:\/\/api.w.org\/{rel}","templated":true}]}}