{"id":7544,"date":"2018-09-19T11:48:17","date_gmt":"2018-09-19T08:48:17","guid":{"rendered":"https:\/\/www.barefoot-baltics.ee\/product\/sadulavoo-adapterid-vestern-inglise\/"},"modified":"2025-01-20T08:16:18","modified_gmt":"2025-01-20T06:16:18","slug":"sadulavoo-adapterid-vestern-inglise","status":"publish","type":"product","link":"https:\/\/www.barefoot-baltics.ee\/et\/toode\/sadulavoo-adapterid-vestern-inglise\/","title":{"rendered":"Sadulav\u00f6\u00f6 adapterid, vestern -> inglise"},"content":{"rendered":"<p>Sadulav\u00f6\u00f6 adapter on nutikas valik ratsanikule, kellel on k\u00e4ep\u00e4rast vesternsadul, aga inglise t\u00fc\u00fcpi (meile tavaline) sadulav\u00f6\u00f6. Samuti ratsanikule, kes ei lihtsalt viitsi verstern-stiilis sadulav\u00f6\u00f6d oma sadulale siduda, sest see on keerulisem.<\/p>\n<p>Adapter koosneb pehmendusest, mis on valmistatud eriti pehmest nahast, ja kahest sadulatripist, mis jooksevad pehmendusest l\u00e4bi ja \u00fcle. Pehmendus teeb adapteri hobuse jaoks mugavaks ja hoiab \u00e4ra karvkatte \u00e4rritamise. Sadulav\u00f6\u00f6 surve hobuse k\u00f5hule, mis tihti on v\u00e4ga tundlik, saab niimoodi \u00fchtlaseks.<\/p>\n<p>Sadulav\u00f6\u00f6 adapterid sobivad k\u00f5ikide vesternsadulatega ja on m\u00fc\u00fcgil on need paarina.<\/p>\n","protected":false},"excerpt":{"rendered":"<ul>\n<li>V\u00f5imaldavad kasutada vestern-sadulaga tavalist sadulav\u00f6\u00f6d<\/li>\n<li>Padjakestega pehmendatud<\/li>\n<li>Valmistatud nahast<\/li>\n<\/ul>\n","protected":false},"featured_media":608,"template":"","meta":[],"product_brand":[],"product_cat":[361],"product_tag":[322,337,354],"class_list":{"0":"post-7544","1":"product","2":"type-product","3":"status-publish","4":"has-post-thumbnail","6":"product_cat-sadulavood","7":"product_tag-inglise","8":"product_tag-nahast","9":"product_tag-vestern","10":"product_shipping_class-pakiautomaat","11":"pa_colour-black-et","12":"pa_colour-brown-et","14":"first","15":"instock","16":"shipping-taxable","17":"purchasable","18":"product-type-variable"},"_links":{"self":[{"href":"https:\/\/www.barefoot-baltics.ee\/et\/wp-json\/wp\/v2\/product\/7544","targetHints":{"allow":["GET"]}}],"collection":[{"href":"https:\/\/www.barefoot-baltics.ee\/et\/wp-json\/wp\/v2\/product"}],"about":[{"href":"https:\/\/www.barefoot-baltics.ee\/et\/wp-json\/wp\/v2\/types\/product"}],"wp:featuredmedia":[{"embeddable":true,"href":"https:\/\/www.barefoot-baltics.ee\/et\/wp-json\/wp\/v2\/media\/608"}],"wp:attachment":[{"href":"https:\/\/www.barefoot-baltics.ee\/et\/wp-json\/wp\/v2\/media?parent=7544"}],"wp:term":[{"taxonomy":"product_brand","embeddable":true,"href":"https:\/\/www.barefoot-baltics.ee\/et\/wp-json\/wp\/v2\/product_brand?post=7544"},{"taxonomy":"product_cat","embeddable":true,"href":"https:\/\/www.barefoot-baltics.ee\/et\/wp-json\/wp\/v2\/product_cat?post=7544"},{"taxonomy":"product_tag","embeddable":true,"href":"https:\/\/www.barefoot-baltics.ee\/et\/wp-json\/wp\/v2\/product_tag?post=7544"}],"curies":[{"name":"wp","href":"https:\/\/api.w.org\/{rel}","templated":true}]}}