{"id":7541,"date":"2018-09-20T09:09:35","date_gmt":"2018-09-20T06:09:35","guid":{"rendered":"https:\/\/www.barefoot-baltics.ee\/product\/istmepehmendus-puusapaastja\/"},"modified":"2025-01-20T08:16:13","modified_gmt":"2025-01-20T06:16:13","slug":"istmepehmendus-puusapaastja","status":"publish","type":"product","link":"https:\/\/www.barefoot-baltics.ee\/et\/toode\/istmepehmendus-puusapaastja\/","title":{"rendered":"Istmepehmendus &#8220;Puusap\u00e4\u00e4stja&#8221;"},"content":{"rendered":"<p>\u201cPuusap\u00e4\u00e4stja\u201d on istmepehmendus, mis muudab Sinu sadula istme kitsamaks, mis omakorda s\u00e4\u00e4stab Sinu puusi. See sobib k\u00f5ikide Barefooti sadulatega.<\/p>\n<p>Barefooti eelis on see, et meie sadulad muganduvad h\u00e4sti hobuse selja kujuga. See v\u00f5imaldab ratsanikul tunnetada h\u00e4sti iga hobuse liigutust. Teisalt teeb see aga istaku \u201claiemaks\u201d \u2013 eriti laia seljaga hobuste puhul. \u201cPuusap\u00e4\u00e4stja\u201d on hea abivahend, kui Sa tunned, et vajad kitsamat isteasendit. See sobib eriti h\u00e4sti v\u00e4iksemat kasvu ja saledamatele ratsanikele.<\/p>\n<p>\u201cPuusap\u00e4\u00e4stja\u201d saab kinnitada kr\u00f5psudega istme ja jaluserihma kinnituse vahele. See on saadaval kahes suuruses. Suurus 1 on 34 cm pikk ja 24 cm lai. Suurus 2 on 39 cm pikk ja 24 cm lai. &#8220;Puusap\u00e4\u00e4stja&#8221; suurused vastavad m\u00f5istagi sadula suurustele. <\/p>\n","protected":false},"excerpt":{"rendered":"<ul>\n<li>Istmepehmendus, mis teeb Sinu sadula istme kitsamaks.<\/li>\n<li>Kunstnahast pealispind; kinnitub kr\u00f5psudega<\/li>\n<li>Saadaval suurustes 1 ja 2<\/li>\n<\/ul>\n","protected":false},"featured_media":618,"template":"","meta":[],"product_brand":[],"product_cat":[360],"product_tag":[323,307],"class_list":{"0":"post-7541","1":"product","2":"type-product","3":"status-publish","4":"has-post-thumbnail","6":"product_cat-sadulatarvikud","7":"product_tag-eriti-mugav","8":"product_tag-kunstnahast","9":"product_shipping_class-pakiautomaat","10":"pa_size-1-et","11":"pa_size-2-et","13":"first","14":"instock","15":"shipping-taxable","16":"purchasable","17":"product-type-variable"},"_links":{"self":[{"href":"https:\/\/www.barefoot-baltics.ee\/et\/wp-json\/wp\/v2\/product\/7541","targetHints":{"allow":["GET"]}}],"collection":[{"href":"https:\/\/www.barefoot-baltics.ee\/et\/wp-json\/wp\/v2\/product"}],"about":[{"href":"https:\/\/www.barefoot-baltics.ee\/et\/wp-json\/wp\/v2\/types\/product"}],"wp:featuredmedia":[{"embeddable":true,"href":"https:\/\/www.barefoot-baltics.ee\/et\/wp-json\/wp\/v2\/media\/618"}],"wp:attachment":[{"href":"https:\/\/www.barefoot-baltics.ee\/et\/wp-json\/wp\/v2\/media?parent=7541"}],"wp:term":[{"taxonomy":"product_brand","embeddable":true,"href":"https:\/\/www.barefoot-baltics.ee\/et\/wp-json\/wp\/v2\/product_brand?post=7541"},{"taxonomy":"product_cat","embeddable":true,"href":"https:\/\/www.barefoot-baltics.ee\/et\/wp-json\/wp\/v2\/product_cat?post=7541"},{"taxonomy":"product_tag","embeddable":true,"href":"https:\/\/www.barefoot-baltics.ee\/et\/wp-json\/wp\/v2\/product_tag?post=7541"}],"curies":[{"name":"wp","href":"https:\/\/api.w.org\/{rel}","templated":true}]}}