{"id":7540,"date":"2018-09-20T09:20:24","date_gmt":"2018-09-20T06:20:24","guid":{"rendered":"https:\/\/www.barefoot-baltics.ee\/product\/kummipaeladega-turvajalused-roostevabast-terasest\/"},"modified":"2025-01-20T08:15:43","modified_gmt":"2025-01-20T06:15:43","slug":"kummipaeladega-turvajalused-roostevabast-terasest","status":"publish","type":"product","link":"https:\/\/www.barefoot-baltics.ee\/et\/toode\/kummipaeladega-turvajalused-roostevabast-terasest\/","title":{"rendered":"Kummipaeladega turvajalused (roostevabast terasest)"},"content":{"rendered":"<p>Barefooti kummipaeladega turvajalused on valmistatud roostevabast terasest. Selle turvaelemendid on kummipael ja trukiga nahariba, mis hoiavad \u00e4ra ratsaniku jala kinnij\u00e4\u00e4mise jalusesse.<\/p>\n<p>Turvajaluse m\u00f5te ju ongi see, et kui Sa peaksid hobuse seljast kukkuma, siis ei j\u00e4\u00e4 Sinu jalg jalusesse kinni ja hobune ei vea Sind endaga kaasa \u2013 mis on eluohtlik olukord! <\/p>\n<p>Soovitame turvajaluseid k\u00f5igile! Selle turvajaluse astme laius on 12 cm, mis on t\u00e4iskasvanutele enamasti paras. M\u00fc\u00fcgil on need jalused paarina.<\/p>\n","protected":false},"excerpt":{"rendered":"<ul>\n<li>Suurendavad turvalisust ratsaniku jaoks<\/li>\n<li>Hoiavad \u00e4ra jala kinnij\u00e4\u00e4mise jalusesse, mis on kukkumise puhul eluohtlik olukord<\/li>\n<\/ul>\n","protected":false},"featured_media":620,"template":"","meta":[],"product_brand":[],"product_cat":[362],"product_tag":[324,349],"class_list":{"0":"post-7540","1":"product","2":"type-product","3":"status-publish","4":"has-post-thumbnail","6":"product_cat-jalused-ja-jaluserihmad","7":"product_tag-eriti-turvaline","8":"product_tag-roostevabast-terasest","9":"product_shipping_class-pakiautomaat","11":"first","12":"onbackorder","13":"shipping-taxable","14":"purchasable","15":"product-type-simple"},"_links":{"self":[{"href":"https:\/\/www.barefoot-baltics.ee\/et\/wp-json\/wp\/v2\/product\/7540","targetHints":{"allow":["GET"]}}],"collection":[{"href":"https:\/\/www.barefoot-baltics.ee\/et\/wp-json\/wp\/v2\/product"}],"about":[{"href":"https:\/\/www.barefoot-baltics.ee\/et\/wp-json\/wp\/v2\/types\/product"}],"wp:featuredmedia":[{"embeddable":true,"href":"https:\/\/www.barefoot-baltics.ee\/et\/wp-json\/wp\/v2\/media\/620"}],"wp:attachment":[{"href":"https:\/\/www.barefoot-baltics.ee\/et\/wp-json\/wp\/v2\/media?parent=7540"}],"wp:term":[{"taxonomy":"product_brand","embeddable":true,"href":"https:\/\/www.barefoot-baltics.ee\/et\/wp-json\/wp\/v2\/product_brand?post=7540"},{"taxonomy":"product_cat","embeddable":true,"href":"https:\/\/www.barefoot-baltics.ee\/et\/wp-json\/wp\/v2\/product_cat?post=7540"},{"taxonomy":"product_tag","embeddable":true,"href":"https:\/\/www.barefoot-baltics.ee\/et\/wp-json\/wp\/v2\/product_tag?post=7540"}],"curies":[{"name":"wp","href":"https:\/\/api.w.org\/{rel}","templated":true}]}}