{"id":7539,"date":"2018-10-01T10:32:58","date_gmt":"2018-10-01T07:32:58","guid":{"rendered":"https:\/\/www.barefoot-baltics.ee\/product\/korvidega-turvajalused-alumiiniumist\/"},"modified":"2025-01-20T08:15:33","modified_gmt":"2025-01-20T06:15:33","slug":"korvidega-turvajalused-alumiiniumist","status":"publish","type":"product","link":"https:\/\/www.barefoot-baltics.ee\/et\/toode\/korvidega-turvajalused-alumiiniumist\/","title":{"rendered":"Korvidega turvajalused (alumiiniumist)"},"content":{"rendered":"<p>Barefooti korviga turvajalused on valmistatud alumiiniumist, mist\u00f5ttu on need kerged.<\/p>\n<p>Turvajaluse m\u00f5te on see, et kui Sa peaksid hobuse seljast kukkuma, siis ei j\u00e4\u00e4 Sinu jalg jalusesse kinni ja hobune ei vea Sind endaga kaasa \u2013 see on eluohtlik olukord! T\u00e4nu kummist korvile ei l\u00e4he Sinu jalg sellest jalusest l\u00e4bi ja ei j\u00e4\u00e4 jalusesse kinni.<\/p>\n<p>Nende turvajaluste rihma ava on p\u00f6\u00f6ratud 90\u00b0 ja need ripuvad seet\u00f5ttu alati \u00f5iges asendis. Ratsanikul on neid kergem oma jalaga leida, mis lisab turvalisust veelgi.<\/p>\n<p>Soovitame turvajaluseid k\u00f5igile.<\/p>\n<p>Selle turvajaluse aste on suur ja ovaalne; selle m\u00f5\u00f5tmed on 11,5 x 9 cm. Aste on kummist, mis teeb selle jalale mugavaks ja libisemiskindlaks. M\u00fc\u00fcgil on need jalused paarina.<\/p>\n","protected":false},"excerpt":{"rendered":"<ul>\n<li>Kergekaalulised, alumiiniumist turvajalused<\/li>\n<li>Turvaelement on kummist korv, mis ei lase jalal jalusest l\u00e4bi minna<\/li>\n<li>Jaluserihma ava on p\u00f6\u00f6ratud 90\u00b0<\/li>\n<\/ul>\n","protected":false},"featured_media":738,"template":"","meta":[],"product_brand":[],"product_cat":[362],"product_tag":[305,324],"class_list":{"0":"post-7539","1":"product","2":"type-product","3":"status-publish","4":"has-post-thumbnail","6":"product_cat-jalused-ja-jaluserihmad","7":"product_tag-alumiiniumist","8":"product_tag-eriti-turvaline","9":"product_shipping_class-pakiautomaat","11":"first","12":"onbackorder","13":"shipping-taxable","14":"purchasable","15":"product-type-simple"},"_links":{"self":[{"href":"https:\/\/www.barefoot-baltics.ee\/et\/wp-json\/wp\/v2\/product\/7539","targetHints":{"allow":["GET"]}}],"collection":[{"href":"https:\/\/www.barefoot-baltics.ee\/et\/wp-json\/wp\/v2\/product"}],"about":[{"href":"https:\/\/www.barefoot-baltics.ee\/et\/wp-json\/wp\/v2\/types\/product"}],"wp:featuredmedia":[{"embeddable":true,"href":"https:\/\/www.barefoot-baltics.ee\/et\/wp-json\/wp\/v2\/media\/738"}],"wp:attachment":[{"href":"https:\/\/www.barefoot-baltics.ee\/et\/wp-json\/wp\/v2\/media?parent=7539"}],"wp:term":[{"taxonomy":"product_brand","embeddable":true,"href":"https:\/\/www.barefoot-baltics.ee\/et\/wp-json\/wp\/v2\/product_brand?post=7539"},{"taxonomy":"product_cat","embeddable":true,"href":"https:\/\/www.barefoot-baltics.ee\/et\/wp-json\/wp\/v2\/product_cat?post=7539"},{"taxonomy":"product_tag","embeddable":true,"href":"https:\/\/www.barefoot-baltics.ee\/et\/wp-json\/wp\/v2\/product_tag?post=7539"}],"curies":[{"name":"wp","href":"https:\/\/api.w.org\/{rel}","templated":true}]}}