{"id":7536,"date":"2018-10-01T09:58:16","date_gmt":"2018-10-01T06:58:16","guid":{"rendered":"https:\/\/www.barefoot-baltics.ee\/product\/kammitsrihmad-vendritele\/"},"modified":"2025-01-20T08:15:38","modified_gmt":"2025-01-20T06:15:38","slug":"kammitsrihmad-vendritele","status":"publish","type":"product","link":"https:\/\/www.barefoot-baltics.ee\/et\/toode\/kammitsrihmad-vendritele\/","title":{"rendered":"Kammitsrihmad vendritele"},"content":{"rendered":"<p>Need on nahast valmistatud kammitsrihmad, mida saab kasutada varuosadena Barefooti jalusevendritele. (V\u00f5ib-olla ka teiste tootjate vendritele, aga selles ei ole me kindlad.) Need on m\u00fc\u00fcgil paarina.<\/p>\n","protected":false},"excerpt":{"rendered":"<ul>\n<li>Asendus-kammitsrihmad jalusevendritele<\/li>\n<li>M\u00fc\u00fcgil paarina<\/li>\n<\/ul>\n","protected":false},"featured_media":736,"template":"","meta":[],"product_brand":[],"product_cat":[362],"product_tag":[337,354],"class_list":{"0":"post-7536","1":"product","2":"type-product","3":"status-publish","4":"has-post-thumbnail","6":"product_cat-jalused-ja-jaluserihmad","7":"product_tag-nahast","8":"product_tag-vestern","9":"product_shipping_class-pakiautomaat","10":"pa_colour-black-et","11":"pa_colour-brown-et","13":"first","14":"onbackorder","15":"shipping-taxable","16":"purchasable","17":"product-type-variable"},"_links":{"self":[{"href":"https:\/\/www.barefoot-baltics.ee\/et\/wp-json\/wp\/v2\/product\/7536","targetHints":{"allow":["GET"]}}],"collection":[{"href":"https:\/\/www.barefoot-baltics.ee\/et\/wp-json\/wp\/v2\/product"}],"about":[{"href":"https:\/\/www.barefoot-baltics.ee\/et\/wp-json\/wp\/v2\/types\/product"}],"wp:featuredmedia":[{"embeddable":true,"href":"https:\/\/www.barefoot-baltics.ee\/et\/wp-json\/wp\/v2\/media\/736"}],"wp:attachment":[{"href":"https:\/\/www.barefoot-baltics.ee\/et\/wp-json\/wp\/v2\/media?parent=7536"}],"wp:term":[{"taxonomy":"product_brand","embeddable":true,"href":"https:\/\/www.barefoot-baltics.ee\/et\/wp-json\/wp\/v2\/product_brand?post=7536"},{"taxonomy":"product_cat","embeddable":true,"href":"https:\/\/www.barefoot-baltics.ee\/et\/wp-json\/wp\/v2\/product_cat?post=7536"},{"taxonomy":"product_tag","embeddable":true,"href":"https:\/\/www.barefoot-baltics.ee\/et\/wp-json\/wp\/v2\/product_tag?post=7536"}],"curies":[{"name":"wp","href":"https:\/\/api.w.org\/{rel}","templated":true}]}}