{"id":7531,"date":"2018-10-01T12:23:58","date_gmt":"2018-10-01T09:23:58","guid":{"rendered":"https:\/\/www.barefoot-baltics.ee\/product\/hingedega-turvajalused-roostevabast-terasest\/"},"modified":"2025-01-20T08:15:13","modified_gmt":"2025-01-20T06:15:13","slug":"hingedega-turvajalused-roostevabast-terasest","status":"publish","type":"product","link":"https:\/\/www.barefoot-baltics.ee\/et\/toode\/hingedega-turvajalused-roostevabast-terasest\/","title":{"rendered":"Hingedega turvajalused (roostevabast terasest)"},"content":{"rendered":"<p>Nendel turvajalustel on hingedega liigendid, mis liiguvad edasi ja tagasi. See teeb jalused painduvaks ja ratsutades mugavaks.<\/p>\n<p>Turvajaluste m\u00f5te on \u00fcldiselt see, et kui Sa peaksid hobuse seljast kukkuma, siis ei j\u00e4\u00e4 Sinu jalg jalusesse kinni ja hobune ei vea Sind endaga kaasa \u2013 see on eluohtlik olukord! T\u00e4nu hingedele ei j\u00e4\u00e4 Sinu jalg sellesse jalusesse kinni, kui peaksid hobuse seljast kukkuma.<\/p>\n<ul>\n<li>Ratsanikule turvaline.<\/li>\n<li>Ratsutades mugav ja painduv.<\/li>\n<\/ul>\n<p>Need jalused on valmistatud roostevabast terasest. Astme laius on 12,5 cm. M\u00fc\u00fcgil on need paarina ja koos hoiustamiskotiga.<\/p>\n","protected":false},"excerpt":{"rendered":"<ul>\n<li>Turvaline ratsanikule kukkumise puhul: jalg ei j\u00e4\u00e4 jalusesse kinni<\/li>\n<li>Painduv ja mugav<\/li>\n<li>Astme laius: 12,5 cm<\/li>\n<\/ul>\n","protected":false},"featured_media":746,"template":"","meta":[],"product_brand":[],"product_cat":[362],"product_tag":[324,349],"class_list":{"0":"post-7531","1":"product","2":"type-product","3":"status-publish","4":"has-post-thumbnail","6":"product_cat-jalused-ja-jaluserihmad","7":"product_tag-eriti-turvaline","8":"product_tag-roostevabast-terasest","9":"product_shipping_class-pakiautomaat","11":"first","12":"onbackorder","13":"shipping-taxable","14":"purchasable","15":"product-type-simple"},"_links":{"self":[{"href":"https:\/\/www.barefoot-baltics.ee\/et\/wp-json\/wp\/v2\/product\/7531","targetHints":{"allow":["GET"]}}],"collection":[{"href":"https:\/\/www.barefoot-baltics.ee\/et\/wp-json\/wp\/v2\/product"}],"about":[{"href":"https:\/\/www.barefoot-baltics.ee\/et\/wp-json\/wp\/v2\/types\/product"}],"wp:featuredmedia":[{"embeddable":true,"href":"https:\/\/www.barefoot-baltics.ee\/et\/wp-json\/wp\/v2\/media\/746"}],"wp:attachment":[{"href":"https:\/\/www.barefoot-baltics.ee\/et\/wp-json\/wp\/v2\/media?parent=7531"}],"wp:term":[{"taxonomy":"product_brand","embeddable":true,"href":"https:\/\/www.barefoot-baltics.ee\/et\/wp-json\/wp\/v2\/product_brand?post=7531"},{"taxonomy":"product_cat","embeddable":true,"href":"https:\/\/www.barefoot-baltics.ee\/et\/wp-json\/wp\/v2\/product_cat?post=7531"},{"taxonomy":"product_tag","embeddable":true,"href":"https:\/\/www.barefoot-baltics.ee\/et\/wp-json\/wp\/v2\/product_tag?post=7531"}],"curies":[{"name":"wp","href":"https:\/\/api.w.org\/{rel}","templated":true}]}}