{"id":7526,"date":"2018-10-01T12:43:13","date_gmt":"2018-10-01T09:43:13","guid":{"rendered":"https:\/\/www.barefoot-baltics.ee\/product\/jaluserihmad-pandlad-all\/"},"modified":"2025-01-20T08:14:32","modified_gmt":"2025-01-20T06:14:32","slug":"jaluserihmad-pandlad-all","status":"publish","type":"product","link":"https:\/\/www.barefoot-baltics.ee\/et\/toode\/jaluserihmad-pandlad-all\/","title":{"rendered":"Jaluserihmad, pandlad all"},"content":{"rendered":"<p>Barefoot p\u00fc\u00fcab ikka asjadele innovaatiliselt l\u00e4heneda ja need siin on nahast jaluserihmad, millel on lihtne, kuid oluline uuendus: pandlad on all. See hoiab \u00e4ra survepunktide tekkimise hobuse seljal, ratsaniku reie all ja teeb Barefooti sadula hobusele veelgi mugavamaks kui see muidu oleks.<\/p>\n<p>Rihmadel on nailonist alus, mis takistab venimist. Pandlad on allpool, jaluste juures ja neid on kerge reguleerida ka sadulast.<\/p>\n<ul>\n<li>Pandlad ei avalda hobuse seljale survet.<\/li>\n<li>Kergesti reguleeritav ka sadulast.<\/li>\n<li>Nailonist tugevdus takistab venimist.<\/li>\n<\/ul>\n<p>Nende jaluserihmade laius on 1 toll (2,5 cm). M\u00fc\u00fcgil on need paarina.<\/p>\n","protected":false},"excerpt":{"rendered":"<ul>\n<li>Pandlad on all jaluste juures, mis hoiab \u00e4ra survepunktide tekkimise ratsaniku reie all<\/li>\n<li>Pikkust saab reguleerida ka sadulast<\/li>\n<li>Hobusele palju mugavam!<\/li>\n<\/ul>\n","protected":false},"featured_media":755,"template":"","meta":[],"product_brand":[],"product_cat":[362],"product_tag":[323,337],"class_list":{"0":"post-7526","1":"product","2":"type-product","3":"status-publish","4":"has-post-thumbnail","6":"product_cat-jalused-ja-jaluserihmad","7":"product_tag-eriti-mugav","8":"product_tag-nahast","9":"product_shipping_class-pakiautomaat","10":"pa_colour-black-et","11":"pa_colour-brown-et","12":"pa_length-130-cm-et","13":"pa_length-140-cm-et","15":"first","16":"onbackorder","17":"shipping-taxable","18":"purchasable","19":"product-type-variable"},"_links":{"self":[{"href":"https:\/\/www.barefoot-baltics.ee\/et\/wp-json\/wp\/v2\/product\/7526","targetHints":{"allow":["GET"]}}],"collection":[{"href":"https:\/\/www.barefoot-baltics.ee\/et\/wp-json\/wp\/v2\/product"}],"about":[{"href":"https:\/\/www.barefoot-baltics.ee\/et\/wp-json\/wp\/v2\/types\/product"}],"wp:featuredmedia":[{"embeddable":true,"href":"https:\/\/www.barefoot-baltics.ee\/et\/wp-json\/wp\/v2\/media\/755"}],"wp:attachment":[{"href":"https:\/\/www.barefoot-baltics.ee\/et\/wp-json\/wp\/v2\/media?parent=7526"}],"wp:term":[{"taxonomy":"product_brand","embeddable":true,"href":"https:\/\/www.barefoot-baltics.ee\/et\/wp-json\/wp\/v2\/product_brand?post=7526"},{"taxonomy":"product_cat","embeddable":true,"href":"https:\/\/www.barefoot-baltics.ee\/et\/wp-json\/wp\/v2\/product_cat?post=7526"},{"taxonomy":"product_tag","embeddable":true,"href":"https:\/\/www.barefoot-baltics.ee\/et\/wp-json\/wp\/v2\/product_tag?post=7526"}],"curies":[{"name":"wp","href":"https:\/\/api.w.org\/{rel}","templated":true}]}}