{"id":7514,"date":"2018-10-06T15:14:03","date_gmt":"2018-10-06T12:14:03","guid":{"rendered":"https:\/\/www.barefoot-baltics.ee\/product\/pehmed-jaluserihmad\/"},"modified":"2025-01-20T08:14:15","modified_gmt":"2025-01-20T06:14:15","slug":"pehmed-jaluserihmad","status":"publish","type":"product","link":"https:\/\/www.barefoot-baltics.ee\/et\/toode\/pehmed-jaluserihmad\/","title":{"rendered":"Pehmed jaluserihmad"},"content":{"rendered":"<p>Need on v\u00e4ga lamedad ja pehmed jaluserihmad, mis on valmistatud siledast lehmanahast ja sisaldavad nailonit, mis takistab venimist. Nendel rihmadel ei ole k\u00f5vasid \u00e4\u00e4ri ega metallist neete, mist\u00f5ttu sobivad need h\u00e4sti ka pehmest nahast valmistatud sadulatega kasutamiseks. Kuna pandla \u00fclemine \u00e4\u00e4r on v\u00e4ga lame, ei tekita pandlad k\u00f5rgendikke ega torka ratsaniku reielihast. Pandlaaugud on ovaalsed ja nummerdatud; nende abil on pikkust reguleerida lihtne. Rihmad on musta v\u00e4rvi. Pandlad on roostevabast terasest.<\/p>\n<ul>\n<li>Ratsaniku reie all ei teki survepunkte.<\/li>\n<li>Nummerdatud, ovaalsed pandlaaugud.<\/li>\n<li>T\u00e4na nailonist sisule ei veni.<\/li>\n<li>Pehme, ilma k\u00f5vade \u00e4\u00e4rteta.<\/li>\n<\/ul>\n","protected":false},"excerpt":{"rendered":"<ul>\n<li>Hoiavad \u00e4ra ebameeldiva surve ratsaniku reiepiirkonnas<\/li>\n<li>Nummerdatud, ovaalsed pandlaaugud<\/li>\n<li>T\u00e4nu nailonist tugevdusele ei veni<\/li>\n<li>Pehmed, ilma teravate \u00e4\u00e4rteta<\/li>\n<\/ul>\n","protected":false},"featured_media":991,"template":"","meta":[],"product_brand":[],"product_cat":[362],"product_tag":[323,337],"class_list":{"0":"post-7514","1":"product","2":"type-product","3":"status-publish","4":"has-post-thumbnail","6":"product_cat-jalused-ja-jaluserihmad","7":"product_tag-eriti-mugav","8":"product_tag-nahast","9":"product_shipping_class-pakiautomaat","10":"pa_length-130-cm-et","11":"pa_length-145-cm-et","12":"pa_length-155-cm-et","14":"first","15":"instock","16":"shipping-taxable","17":"purchasable","18":"product-type-variable"},"_links":{"self":[{"href":"https:\/\/www.barefoot-baltics.ee\/et\/wp-json\/wp\/v2\/product\/7514","targetHints":{"allow":["GET"]}}],"collection":[{"href":"https:\/\/www.barefoot-baltics.ee\/et\/wp-json\/wp\/v2\/product"}],"about":[{"href":"https:\/\/www.barefoot-baltics.ee\/et\/wp-json\/wp\/v2\/types\/product"}],"wp:featuredmedia":[{"embeddable":true,"href":"https:\/\/www.barefoot-baltics.ee\/et\/wp-json\/wp\/v2\/media\/991"}],"wp:attachment":[{"href":"https:\/\/www.barefoot-baltics.ee\/et\/wp-json\/wp\/v2\/media?parent=7514"}],"wp:term":[{"taxonomy":"product_brand","embeddable":true,"href":"https:\/\/www.barefoot-baltics.ee\/et\/wp-json\/wp\/v2\/product_brand?post=7514"},{"taxonomy":"product_cat","embeddable":true,"href":"https:\/\/www.barefoot-baltics.ee\/et\/wp-json\/wp\/v2\/product_cat?post=7514"},{"taxonomy":"product_tag","embeddable":true,"href":"https:\/\/www.barefoot-baltics.ee\/et\/wp-json\/wp\/v2\/product_tag?post=7514"}],"curies":[{"name":"wp","href":"https:\/\/api.w.org\/{rel}","templated":true}]}}