{"id":7509,"date":"2018-10-06T15:29:42","date_gmt":"2018-10-06T12:29:42","guid":{"rendered":"https:\/\/www.barefoot-baltics.ee\/product\/koolisoidu-jaluserihmad\/"},"modified":"2025-01-20T08:14:10","modified_gmt":"2025-01-20T06:14:10","slug":"koolisoidu-jaluserihmad","status":"publish","type":"product","link":"https:\/\/www.barefoot-baltics.ee\/et\/toode\/koolisoidu-jaluserihmad\/","title":{"rendered":"Koolis\u00f5idu jaluserihmad"},"content":{"rendered":"<p>Meie koolis\u00f5idu jaluserihmad on valmistatud pehmest, ent vastupidavast nahast. Nende erip\u00e4ra on see, et \u00fclevalt alla jookseb \u00fcks rihm \u2013 mitte topeltrihm nagu tavaliselt \u2013, mist\u00f5ttu on need jaluserihmad \u00f5hemad, kergemad ja ratsaniku jalale hellemad (need ei n\u00e4pista).<\/p>\n<p>Rihmadel on aasad \u00fcleval ja all, millega see kinnitub sadula ja jaluste k\u00fclge. Kinnitusteks kasutavad need mugavaid T-kujulisi pandlaid. Rihmade pikkus on m\u00f5istagi reguleeritav ja seda saab teha alumisest pandlast, jaluse juurest. Pikkuse reguleerimine on seet\u00f5ttu kergem ja turvalisem, kuna ratsaniku jalg on sadula h\u00f5lmaga \u00fchenduses.<\/p>\n<p>Rihmadel on tugevast nailonist sisu, mis aitab v\u00e4ltida venimist. Selleks, et ratsaniku reite all ei tekiks survepunkte, on jaluserihmade h\u00f5lma alune osa ainult nailonist, ilma nahkkatteta. Rihma n\u00e4htav osa on aga nahaga kaetud.<\/p>\n<ul>\n<li>\u00dclemine pannal on v\u00e4ike ja survepunkte ei teki.<\/li>\n<li>Rihmad ei n\u00e4pista ratsaniku jalgu.<\/li>\n<li>Kerge reguleerida ja seda ka sadulast.<\/li>\n<li>Nailonist sisu \u2013 rihm ei veni.<\/li>\n<\/ul>\n<p>Nende jaluserihmade laius on 1 toll. Nende pikkus j\u00e4\u00e4b l\u00fchemal variandil vahemikku 49-63 cm; pikemal variandil aga vahemikku 57-72 cm. Rihmad on m\u00fc\u00fcgil paarina.<\/p>\n","protected":false},"excerpt":{"rendered":"<ul>\n<li>\u00dcksik rihm \u2013 need jaluserihmad ei n\u00e4pista ratsaniku jalga<\/li>\n<li>Pandlad ei avalda hobuse seljale survet<\/li>\n<li>Nailonist sisu \u2013 rihmad ei veni<\/li>\n<li>Saadaval kahes suuruses ja kahes v\u00e4rvuses<\/li>\n<\/ul>\n","protected":false},"featured_media":797,"template":"","meta":[],"product_brand":[],"product_cat":[362],"product_tag":[317,337],"class_list":{"0":"post-7509","1":"product","2":"type-product","3":"status-publish","4":"has-post-thumbnail","6":"product_cat-jalused-ja-jaluserihmad","7":"product_tag-koolisoit","8":"product_tag-nahast","9":"product_shipping_class-pakiautomaat","10":"pa_colour-black-et","11":"pa_colour-brown-et","12":"pa_version-luhike","13":"pa_version-pikk","15":"first","16":"instock","17":"shipping-taxable","18":"purchasable","19":"product-type-variable"},"_links":{"self":[{"href":"https:\/\/www.barefoot-baltics.ee\/et\/wp-json\/wp\/v2\/product\/7509","targetHints":{"allow":["GET"]}}],"collection":[{"href":"https:\/\/www.barefoot-baltics.ee\/et\/wp-json\/wp\/v2\/product"}],"about":[{"href":"https:\/\/www.barefoot-baltics.ee\/et\/wp-json\/wp\/v2\/types\/product"}],"wp:featuredmedia":[{"embeddable":true,"href":"https:\/\/www.barefoot-baltics.ee\/et\/wp-json\/wp\/v2\/media\/797"}],"wp:attachment":[{"href":"https:\/\/www.barefoot-baltics.ee\/et\/wp-json\/wp\/v2\/media?parent=7509"}],"wp:term":[{"taxonomy":"product_brand","embeddable":true,"href":"https:\/\/www.barefoot-baltics.ee\/et\/wp-json\/wp\/v2\/product_brand?post=7509"},{"taxonomy":"product_cat","embeddable":true,"href":"https:\/\/www.barefoot-baltics.ee\/et\/wp-json\/wp\/v2\/product_cat?post=7509"},{"taxonomy":"product_tag","embeddable":true,"href":"https:\/\/www.barefoot-baltics.ee\/et\/wp-json\/wp\/v2\/product_tag?post=7509"}],"curies":[{"name":"wp","href":"https:\/\/api.w.org\/{rel}","templated":true}]}}