{"id":7505,"date":"2018-10-06T15:46:58","date_gmt":"2018-10-06T12:46:58","guid":{"rendered":"https:\/\/www.barefoot-baltics.ee\/product\/jaluserihma-aasad\/"},"modified":"2025-10-05T09:29:36","modified_gmt":"2025-10-05T06:29:36","slug":"jaluserihma-aasad","status":"publish","type":"product","link":"https:\/\/www.barefoot-baltics.ee\/et\/toode\/jaluserihma-aasad\/","title":{"rendered":"Jaluserihma aasad"},"content":{"rendered":"<p>See on k\u00f5ikidele kaasaaegsetele Barefooti sadulatele sobiv jaluserihma kinnitus, mille paigutust sadulal saab muuta. See pannakse kr\u00f5psuga sadula aluse ja istme vahele.<\/p>\n<p>M\u00fc\u00fcgil on see kolmes variandis, millest \u00fcks on m\u00f5eldud inglise-t\u00fc\u00fcpi 1-tollistele jaluserihmadele ja teine vestern-t\u00fc\u00fcpi 2-tollistele rihmadele. Kolmas variant on aga avatud otsaga.<\/p>\n<p>NB! See toode ei sobi vanematele Barefooti sadulatele, mille jaluserihma kinnituse koht on fikseeritud.<\/p>\n","protected":false},"excerpt":{"rendered":"<ul>\n<li>Saadaval kahes suuruses, kolmes variandis<\/li>\n<li>1-tollised aasad on m\u00f5eldud 1-tollistele, inglise t\u00fc\u00fcpi jaluserihmadele<\/li>\n<li>2-tollised aasad on m\u00f5elnud 2-tollistele, vestern-t\u00fc\u00fcpi jaluserihmadele<\/li>\n<\/ul>\n","protected":false},"featured_media":803,"template":"","meta":[],"product_brand":[],"product_cat":[362,360],"product_tag":[322,304,354],"class_list":{"0":"post-7505","1":"product","2":"type-product","3":"status-publish","4":"has-post-thumbnail","6":"product_cat-jalused-ja-jaluserihmad","7":"product_cat-sadulatarvikud","8":"product_tag-inglise","9":"product_tag-reguleeritav","10":"product_tag-vestern","11":"product_shipping_class-pakiautomaat","12":"pa_version-1-tolline","13":"pa_version-2-tolline","14":"pa_version-avatud","16":"first","17":"onbackorder","18":"shipping-taxable","19":"purchasable","20":"product-type-variable"},"_links":{"self":[{"href":"https:\/\/www.barefoot-baltics.ee\/et\/wp-json\/wp\/v2\/product\/7505","targetHints":{"allow":["GET"]}}],"collection":[{"href":"https:\/\/www.barefoot-baltics.ee\/et\/wp-json\/wp\/v2\/product"}],"about":[{"href":"https:\/\/www.barefoot-baltics.ee\/et\/wp-json\/wp\/v2\/types\/product"}],"wp:featuredmedia":[{"embeddable":true,"href":"https:\/\/www.barefoot-baltics.ee\/et\/wp-json\/wp\/v2\/media\/803"}],"wp:attachment":[{"href":"https:\/\/www.barefoot-baltics.ee\/et\/wp-json\/wp\/v2\/media?parent=7505"}],"wp:term":[{"taxonomy":"product_brand","embeddable":true,"href":"https:\/\/www.barefoot-baltics.ee\/et\/wp-json\/wp\/v2\/product_brand?post=7505"},{"taxonomy":"product_cat","embeddable":true,"href":"https:\/\/www.barefoot-baltics.ee\/et\/wp-json\/wp\/v2\/product_cat?post=7505"},{"taxonomy":"product_tag","embeddable":true,"href":"https:\/\/www.barefoot-baltics.ee\/et\/wp-json\/wp\/v2\/product_tag?post=7505"}],"curies":[{"name":"wp","href":"https:\/\/api.w.org\/{rel}","templated":true}]}}