{"id":7502,"date":"2018-10-13T14:07:09","date_gmt":"2018-10-13T11:07:09","guid":{"rendered":"https:\/\/www.barefoot-baltics.ee\/product\/jaluserihma-aasad-kaetud-nahaga\/"},"modified":"2025-01-20T08:13:33","modified_gmt":"2025-01-20T06:13:33","slug":"jaluserihma-aasad-kaetud-nahaga","status":"publish","type":"product","link":"https:\/\/www.barefoot-baltics.ee\/et\/toode\/jaluserihma-aasad-kaetud-nahaga\/","title":{"rendered":"Jaluserihma aasad (kaetud nahaga)"},"content":{"rendered":"<p>Need on nahaga kaetud jaluserihma aasad, mida saab sadulas liigutada ette ja taha vastavalt iga ratsaniku eelistusele. Sadula k\u00fclge, istme alla, kinnitub see tugeva kr\u00f5psuga, mis hoiab selle kindlalt paigal. <\/p>\n<p>Eriti h\u00e4sti sobib see toode meie sadulatega &#8220;\u00dcle m\u00e4e&#8221; ja &#8220;L\u00e4bi oru&#8221;. M\u00f5nele vanemale Barefooti sadulale, millel on fikseeritud jaluserihma kinnitus, ei sobi see aga \u00fcldse.<\/p>\n<p>Need jaluserihma aasad on saadaval kahes laiuses:<\/p>\n<ul>\n<li>1-tollised aasad 1-tollistele, inglise t\u00fc\u00fcpi jaluserihmadele<\/li>\n<li>2-tollised aasad 2-tollistele, vestern-t\u00fc\u00fcpi jaluserihmadele<\/li>\n<\/ul>\n","protected":false},"excerpt":{"rendered":"<ul>\n<li>Saadaval kahes laiuses: 1 toll (2,5 cm) ja 2 tolli (5 cm)<\/li>\n<li>Liigutatav igas suunas, et jalused oleksid ratsanikule mugavalt<\/li>\n<li>Kaetud nahaga<\/li>\n<\/ul>\n","protected":false},"featured_media":857,"template":"","meta":[],"product_brand":[],"product_cat":[362,360],"product_tag":[322,337,304,354],"class_list":{"0":"post-7502","1":"product","2":"type-product","3":"status-publish","4":"has-post-thumbnail","6":"product_cat-jalused-ja-jaluserihmad","7":"product_cat-sadulatarvikud","8":"product_tag-inglise","9":"product_tag-nahast","10":"product_tag-reguleeritav","11":"product_tag-vestern","12":"product_shipping_class-pakiautomaat","13":"pa_version-1-tolline","14":"pa_version-2-tolline","16":"first","17":"onbackorder","18":"shipping-taxable","19":"purchasable","20":"product-type-variable"},"_links":{"self":[{"href":"https:\/\/www.barefoot-baltics.ee\/et\/wp-json\/wp\/v2\/product\/7502","targetHints":{"allow":["GET"]}}],"collection":[{"href":"https:\/\/www.barefoot-baltics.ee\/et\/wp-json\/wp\/v2\/product"}],"about":[{"href":"https:\/\/www.barefoot-baltics.ee\/et\/wp-json\/wp\/v2\/types\/product"}],"wp:featuredmedia":[{"embeddable":true,"href":"https:\/\/www.barefoot-baltics.ee\/et\/wp-json\/wp\/v2\/media\/857"}],"wp:attachment":[{"href":"https:\/\/www.barefoot-baltics.ee\/et\/wp-json\/wp\/v2\/media?parent=7502"}],"wp:term":[{"taxonomy":"product_brand","embeddable":true,"href":"https:\/\/www.barefoot-baltics.ee\/et\/wp-json\/wp\/v2\/product_brand?post=7502"},{"taxonomy":"product_cat","embeddable":true,"href":"https:\/\/www.barefoot-baltics.ee\/et\/wp-json\/wp\/v2\/product_cat?post=7502"},{"taxonomy":"product_tag","embeddable":true,"href":"https:\/\/www.barefoot-baltics.ee\/et\/wp-json\/wp\/v2\/product_tag?post=7502"}],"curies":[{"name":"wp","href":"https:\/\/api.w.org\/{rel}","templated":true}]}}