{"id":7501,"date":"2018-10-13T14:12:39","date_gmt":"2018-10-13T11:12:39","guid":{"rendered":"https:\/\/www.barefoot-baltics.ee\/product\/barokkjalused-sevilla\/"},"modified":"2025-01-20T08:13:27","modified_gmt":"2025-01-20T06:13:27","slug":"barokkjalused-sevilla","status":"publish","type":"product","link":"https:\/\/www.barefoot-baltics.ee\/et\/toode\/barokkjalused-sevilla\/","title":{"rendered":"Barokkjalused &#8220;Sevilla&#8221;"},"content":{"rendered":"<p>\u201cSevillad\u201d on barokk-ajastule t\u00fc\u00fcpilise v\u00e4limusega hispaaniap\u00e4rased jalused, mis on valmistatud k\u00f5rgekvaliteedilisest roostevabast terasest, mis on lihvitud l\u00e4ikima. Jaluse aste on 12 cm lai ja sellel on sakid, mis takistavad jala libisemist. Raskuse poolest kuuluvad need keskmiste kilda.<\/p>\n<p>\u201cSevillale\u201d sobib 1-tolline jaluserihm. M\u00fc\u00fcgil on need jalused paarina.<\/p>\n","protected":false},"excerpt":{"rendered":"<ul>\n<li>Kenad, hispaaniap\u00e4rased, barokkstiilis jalused.<\/li>\n<li>Valmistatud s\u00e4rama l\u00f6\u00f6dud roostevabast terasest<\/li>\n<\/ul>\n","protected":false},"featured_media":858,"template":"","meta":[],"product_brand":[],"product_cat":[362],"product_tag":[311,348,349],"class_list":{"0":"post-7501","1":"product","2":"type-product","3":"status-publish","4":"has-post-thumbnail","6":"product_cat-jalused-ja-jaluserihmad","7":"product_tag-elegantne","8":"product_tag-hispaania","9":"product_tag-roostevabast-terasest","10":"product_shipping_class-pakiautomaat","12":"first","13":"instock","14":"shipping-taxable","15":"purchasable","16":"product-type-simple"},"_links":{"self":[{"href":"https:\/\/www.barefoot-baltics.ee\/et\/wp-json\/wp\/v2\/product\/7501","targetHints":{"allow":["GET"]}}],"collection":[{"href":"https:\/\/www.barefoot-baltics.ee\/et\/wp-json\/wp\/v2\/product"}],"about":[{"href":"https:\/\/www.barefoot-baltics.ee\/et\/wp-json\/wp\/v2\/types\/product"}],"wp:featuredmedia":[{"embeddable":true,"href":"https:\/\/www.barefoot-baltics.ee\/et\/wp-json\/wp\/v2\/media\/858"}],"wp:attachment":[{"href":"https:\/\/www.barefoot-baltics.ee\/et\/wp-json\/wp\/v2\/media?parent=7501"}],"wp:term":[{"taxonomy":"product_brand","embeddable":true,"href":"https:\/\/www.barefoot-baltics.ee\/et\/wp-json\/wp\/v2\/product_brand?post=7501"},{"taxonomy":"product_cat","embeddable":true,"href":"https:\/\/www.barefoot-baltics.ee\/et\/wp-json\/wp\/v2\/product_cat?post=7501"},{"taxonomy":"product_tag","embeddable":true,"href":"https:\/\/www.barefoot-baltics.ee\/et\/wp-json\/wp\/v2\/product_tag?post=7501"}],"curies":[{"name":"wp","href":"https:\/\/api.w.org\/{rel}","templated":true}]}}