{"id":7498,"date":"2018-10-13T14:17:17","date_gmt":"2018-10-13T11:17:17","guid":{"rendered":"https:\/\/www.barefoot-baltics.ee\/product\/jalusepoorajad-90\/"},"modified":"2026-02-06T15:14:07","modified_gmt":"2026-02-06T13:14:07","slug":"jalusepoorajad-90","status":"publish","type":"product","link":"https:\/\/www.barefoot-baltics.ee\/et\/toode\/jalusepoorajad-90\/","title":{"rendered":"Jalusep\u00f6\u00f6rajad, 90\u00b0"},"content":{"rendered":"<p>Jalusep\u00f6\u00f6raja p\u00f6\u00f6rab jaluse 90\u00b0, nii et see ripub ratsaniku jala suhtes \u00f5igesti ja seda on kerge jalaga leida. Samas pikendab see jaluserihma u. 5 cm.<\/p>\n<p>Jalusep\u00f6\u00f6rajad on valmistatud tugevast rakmenahast. Kinnitatakse see poldi ja mutriga, mis on kaasas. See sobib k\u00f5ikide vesternjaluste ja -vendritega.<\/p>\n","protected":false},"excerpt":{"rendered":"<ul>\n<li>P\u00f6\u00f6rab jaluse 90\u00b0, nii et see on kohe jalale \u00f5iges asendis<\/li>\n<li>Sobib k\u00f5ikidele 2-tollistele jaluserihmadele ja -vendritele<\/li>\n<li>Pikendab jaluserihma u. 5 cm<\/li>\n<\/ul>\n","protected":false},"featured_media":860,"template":"","meta":[],"product_brand":[],"product_cat":[362],"product_tag":[323,337],"class_list":{"0":"post-7498","1":"product","2":"type-product","3":"status-publish","4":"has-post-thumbnail","6":"product_cat-jalused-ja-jaluserihmad","7":"product_tag-eriti-mugav","8":"product_tag-nahast","9":"product_shipping_class-pakiautomaat","10":"pa_colour-black-et","11":"pa_colour-brown-et","13":"first","14":"onbackorder","15":"shipping-taxable","16":"purchasable","17":"product-type-variable"},"_links":{"self":[{"href":"https:\/\/www.barefoot-baltics.ee\/et\/wp-json\/wp\/v2\/product\/7498","targetHints":{"allow":["GET"]}}],"collection":[{"href":"https:\/\/www.barefoot-baltics.ee\/et\/wp-json\/wp\/v2\/product"}],"about":[{"href":"https:\/\/www.barefoot-baltics.ee\/et\/wp-json\/wp\/v2\/types\/product"}],"wp:featuredmedia":[{"embeddable":true,"href":"https:\/\/www.barefoot-baltics.ee\/et\/wp-json\/wp\/v2\/media\/860"}],"wp:attachment":[{"href":"https:\/\/www.barefoot-baltics.ee\/et\/wp-json\/wp\/v2\/media?parent=7498"}],"wp:term":[{"taxonomy":"product_brand","embeddable":true,"href":"https:\/\/www.barefoot-baltics.ee\/et\/wp-json\/wp\/v2\/product_brand?post=7498"},{"taxonomy":"product_cat","embeddable":true,"href":"https:\/\/www.barefoot-baltics.ee\/et\/wp-json\/wp\/v2\/product_cat?post=7498"},{"taxonomy":"product_tag","embeddable":true,"href":"https:\/\/www.barefoot-baltics.ee\/et\/wp-json\/wp\/v2\/product_tag?post=7498"}],"curies":[{"name":"wp","href":"https:\/\/api.w.org\/{rel}","templated":true}]}}