{"id":7492,"date":"2018-10-18T16:39:39","date_gmt":"2018-10-18T13:39:39","guid":{"rendered":"https:\/\/www.barefoot-baltics.ee\/product\/vesternjalused-lihtne\/"},"modified":"2025-01-20T08:12:42","modified_gmt":"2025-01-20T06:12:42","slug":"vesternjalused-lihtne","status":"publish","type":"product","link":"https:\/\/www.barefoot-baltics.ee\/et\/toode\/vesternjalused-lihtne\/","title":{"rendered":"Vesternjalused &#8220;Lihtne&#8221;"},"content":{"rendered":"<p>Need on tugevad, vastupidavad, soodsa hinnaga lihtsad vesternjalused, mis on kaetud nahaga. Jaluste sisemus on tehtud vastupidavast s\u00fcnteetilisest materjalist. Jaluste aste on pikemapoolne ja selle laius on 12,5 cm. Need jalused on m\u00f5eldud igap\u00e4evaseks ratsutamiseks.<\/p>\n<p>M\u00fc\u00fcgil on need jalused paarina.<\/p>\n","protected":false},"excerpt":{"rendered":"<ul>\n<li>Soodsaim valik meie vesternjaluste hulgas<\/li>\n<li>Kaetud nahaga<\/li>\n<li>V\u00e4ga vastupidavad!<\/li>\n<\/ul>\n","protected":false},"featured_media":867,"template":"","meta":[],"product_brand":[],"product_cat":[362],"product_tag":[337,354],"class_list":{"0":"post-7492","1":"product","2":"type-product","3":"status-publish","4":"has-post-thumbnail","6":"product_cat-jalused-ja-jaluserihmad","7":"product_tag-nahast","8":"product_tag-vestern","9":"product_shipping_class-pakiautomaat","10":"pa_colour-black-et","11":"pa_colour-brown-et","13":"first","14":"onbackorder","15":"shipping-taxable","16":"purchasable","17":"product-type-variable"},"_links":{"self":[{"href":"https:\/\/www.barefoot-baltics.ee\/et\/wp-json\/wp\/v2\/product\/7492","targetHints":{"allow":["GET"]}}],"collection":[{"href":"https:\/\/www.barefoot-baltics.ee\/et\/wp-json\/wp\/v2\/product"}],"about":[{"href":"https:\/\/www.barefoot-baltics.ee\/et\/wp-json\/wp\/v2\/types\/product"}],"wp:featuredmedia":[{"embeddable":true,"href":"https:\/\/www.barefoot-baltics.ee\/et\/wp-json\/wp\/v2\/media\/867"}],"wp:attachment":[{"href":"https:\/\/www.barefoot-baltics.ee\/et\/wp-json\/wp\/v2\/media?parent=7492"}],"wp:term":[{"taxonomy":"product_brand","embeddable":true,"href":"https:\/\/www.barefoot-baltics.ee\/et\/wp-json\/wp\/v2\/product_brand?post=7492"},{"taxonomy":"product_cat","embeddable":true,"href":"https:\/\/www.barefoot-baltics.ee\/et\/wp-json\/wp\/v2\/product_cat?post=7492"},{"taxonomy":"product_tag","embeddable":true,"href":"https:\/\/www.barefoot-baltics.ee\/et\/wp-json\/wp\/v2\/product_tag?post=7492"}],"curies":[{"name":"wp","href":"https:\/\/api.w.org\/{rel}","templated":true}]}}