{"id":7488,"date":"2018-10-18T16:43:35","date_gmt":"2018-10-18T13:43:35","guid":{"rendered":"https:\/\/www.barefoot-baltics.ee\/product\/vesternjalused-visaalia\/"},"modified":"2025-01-20T08:12:37","modified_gmt":"2025-01-20T06:12:37","slug":"vesternjalused-visaalia","status":"publish","type":"product","link":"https:\/\/www.barefoot-baltics.ee\/et\/toode\/vesternjalused-visaalia\/","title":{"rendered":"Vesternjalused &#8220;Visaalia&#8221;"},"content":{"rendered":"<p>Need on kaunid vesternjalused, mille kuju meenutab kirikukella. Nende sisu on tugevast kiudklaasist ja kaetud on see k\u00f5rgekvaliteedilise nahaga, mis on k\u00fclgedel nahkrihmadega s\u00f5lmitud. Kaalult on need jalused keskmised.<\/p>\n<p>\u201cVisaaliate\u201d astme laius on 13 cm ja m\u00fc\u00fcgil on need jalused paarina.<\/p>\n","protected":false},"excerpt":{"rendered":"<ul>\n<li>Sisu on kiudklaasist<\/li>\n<li>Pealt kaetud t\u00f5elise nubuknahaga<\/li>\n<li>Sobivad nahast jaluserihmadega kenasti kokku<\/li>\n<li>Raskus: keskmine<\/li>\n<\/ul>\n","protected":false},"featured_media":871,"template":"","meta":[],"product_brand":[],"product_cat":[362],"product_tag":[303,337,354],"class_list":{"0":"post-7488","1":"product","2":"type-product","3":"status-publish","4":"has-post-thumbnail","6":"product_cat-jalused-ja-jaluserihmad","7":"product_tag-2-tolline","8":"product_tag-nahast","9":"product_tag-vestern","10":"product_shipping_class-pakiautomaat","11":"pa_colour-hele","12":"pa_colour-black-et","13":"pa_colour-brown-et","15":"first","16":"onbackorder","17":"shipping-taxable","18":"purchasable","19":"product-type-variable"},"_links":{"self":[{"href":"https:\/\/www.barefoot-baltics.ee\/et\/wp-json\/wp\/v2\/product\/7488","targetHints":{"allow":["GET"]}}],"collection":[{"href":"https:\/\/www.barefoot-baltics.ee\/et\/wp-json\/wp\/v2\/product"}],"about":[{"href":"https:\/\/www.barefoot-baltics.ee\/et\/wp-json\/wp\/v2\/types\/product"}],"wp:featuredmedia":[{"embeddable":true,"href":"https:\/\/www.barefoot-baltics.ee\/et\/wp-json\/wp\/v2\/media\/871"}],"wp:attachment":[{"href":"https:\/\/www.barefoot-baltics.ee\/et\/wp-json\/wp\/v2\/media?parent=7488"}],"wp:term":[{"taxonomy":"product_brand","embeddable":true,"href":"https:\/\/www.barefoot-baltics.ee\/et\/wp-json\/wp\/v2\/product_brand?post=7488"},{"taxonomy":"product_cat","embeddable":true,"href":"https:\/\/www.barefoot-baltics.ee\/et\/wp-json\/wp\/v2\/product_cat?post=7488"},{"taxonomy":"product_tag","embeddable":true,"href":"https:\/\/www.barefoot-baltics.ee\/et\/wp-json\/wp\/v2\/product_tag?post=7488"}],"curies":[{"name":"wp","href":"https:\/\/api.w.org\/{rel}","templated":true}]}}