{"id":7484,"date":"2018-10-18T16:52:18","date_gmt":"2018-10-18T13:52:18","guid":{"rendered":"https:\/\/www.barefoot-baltics.ee\/product\/sabloonikomplekt-sadulakaare-valimiseks\/"},"modified":"2025-01-20T08:12:29","modified_gmt":"2025-01-20T06:12:29","slug":"sabloonikomplekt-sadulakaare-valimiseks","status":"publish","type":"product","link":"https:\/\/www.barefoot-baltics.ee\/et\/toode\/sabloonikomplekt-sadulakaare-valimiseks\/","title":{"rendered":"\u0160abloonikomplekt sadulakaare valimiseks"},"content":{"rendered":"<p>Barefooti sadul istub hobuse seljas k\u00f5ige paremini siis, kui selles on \u00f5ige suurusega sadulakaar. Sadulakaare suurust aitab valida see \u0161abloonikomplekt.<\/p>\n<p>Nii nagu sadulakaari, on ka \u0161abloone komplektis neli erinevat suurust: kitsas, keskmine, lai ja XXL. Segaduse v\u00e4ltimiseks vastavad \u0161abloonide v\u00e4rvused sadulakaarte v\u00e4rvustele.<\/p>\n<p>Kui Sinu hobuse turi juhtub olema kahe suuruse vahepealne, siis soovitame Sul valida pigem laiem sadulakaar. Nii sobib see sadulakaar Sinu hobusele ka siis, kui tema lihaskond areneb ja turi laieneb.<\/p>\n<p>Barefooti vahetatavate sadulakaarte materjal \u2013 kiudklaas \u2013 on iseenesest elastne, mist\u00f5ttu liigub sadulakaar mingil m\u00e4\u00e4ral hobuse turjaga koos. Seet\u00f5ttu ei ole probleemi ka sellest, kui \u0161abloon ja turi ei l\u00e4he t\u00e4pselt kokku: sadulakaare liikumine kompenseerib selle erinevuse.<\/p>\n<p>\u0160abloonid on valmistatud tugevast papist, mis on lakitud.<\/p>\n<p>Nende asemel v\u00f5id Sa kasutada ka meie allalaaditavat, prinditavat \u0161abloonikompleti. See on Sulle m\u00f5istagi tasuta. Leiad selle Kasutamise rubriigist.<\/p>\n","protected":false},"excerpt":{"rendered":"<ul>\n<li>Neljaosaline \u0161abloonide komplekt, mis vastab neljale sadulakaare suurusele<\/li>\n<li>Kerge ja mugav kasutada<\/li>\n<li>V\u00e4rvid on samad mis sadulakaartel<\/li>\n<\/ul>\n","protected":false},"featured_media":875,"template":"","meta":[],"product_brand":[],"product_cat":[360],"product_tag":[304],"class_list":{"0":"post-7484","1":"product","2":"type-product","3":"status-publish","4":"has-post-thumbnail","6":"product_cat-sadulatarvikud","7":"product_tag-reguleeritav","8":"product_shipping_class-pakiautomaat","10":"first","11":"onbackorder","12":"shipping-taxable","13":"purchasable","14":"product-type-simple"},"_links":{"self":[{"href":"https:\/\/www.barefoot-baltics.ee\/et\/wp-json\/wp\/v2\/product\/7484","targetHints":{"allow":["GET"]}}],"collection":[{"href":"https:\/\/www.barefoot-baltics.ee\/et\/wp-json\/wp\/v2\/product"}],"about":[{"href":"https:\/\/www.barefoot-baltics.ee\/et\/wp-json\/wp\/v2\/types\/product"}],"wp:featuredmedia":[{"embeddable":true,"href":"https:\/\/www.barefoot-baltics.ee\/et\/wp-json\/wp\/v2\/media\/875"}],"wp:attachment":[{"href":"https:\/\/www.barefoot-baltics.ee\/et\/wp-json\/wp\/v2\/media?parent=7484"}],"wp:term":[{"taxonomy":"product_brand","embeddable":true,"href":"https:\/\/www.barefoot-baltics.ee\/et\/wp-json\/wp\/v2\/product_brand?post=7484"},{"taxonomy":"product_cat","embeddable":true,"href":"https:\/\/www.barefoot-baltics.ee\/et\/wp-json\/wp\/v2\/product_cat?post=7484"},{"taxonomy":"product_tag","embeddable":true,"href":"https:\/\/www.barefoot-baltics.ee\/et\/wp-json\/wp\/v2\/product_tag?post=7484"}],"curies":[{"name":"wp","href":"https:\/\/api.w.org\/{rel}","templated":true}]}}