{"id":7479,"date":"2018-10-18T17:29:30","date_gmt":"2018-10-18T14:29:30","guid":{"rendered":"https:\/\/www.barefoot-baltics.ee\/product\/sadulakaar\/"},"modified":"2026-02-15T18:33:08","modified_gmt":"2026-02-15T16:33:08","slug":"sadulakaar","status":"publish","type":"product","link":"https:\/\/www.barefoot-baltics.ee\/et\/toode\/sadulakaar\/","title":{"rendered":"Sadulakaar"},"content":{"rendered":"<p>K\u00f5iki Barefooti sadulaid saab igale hobusele sobivaks muuta, kasutades sobiva laiusega sadulakaart, mis k\u00e4ib sadula sisse ja on kergesti vahetatav. Vahetamiseks tuleb avada vaid t\u00f5mbelukk, asendada sadulakaar ja sulgeda see t\u00f5mbelukk \u2013 see on v\u00e4ga lihtne.<\/p>\n<p>Sadulakaar on valmistatud materjalist, mis on pisut elastne, ja selle sees on metallarmatuur. Sadulakaar saab hobuse seljas ka pisut liikuda, mis teeb sadula hobusele v\u00e4ga mugavaks.<\/p>\n<p>Sadulakaared on m\u00fc\u00fcgil neljas erinevas suuruses.<\/p>\n<ul>\n<li>\u201cKitsas\u201d (kollast v\u00e4rvi) sobib k\u00f5rge turjaga k\u00f5hnadele hobustele.<\/li>\n<li>\u201cKeskmine\u201d (halli v\u00e4rvi) sobib enamusele hobustest.<\/li>\n<li>\u201cLai\u201d (punane) sobib madala turjaga laiadele hobustele.<\/li>\n<li>\u201cXXL\u201d (sinine) sobib t\u00f5elistele hiiglastele!<\/li>\n<\/ul>\n<p>Selleks, et leida Sinu hobusele sobiv sadulakaar, v\u00f5id tellida meilt \u0161abloonikomplekti v\u00f5i tr\u00fckkida \u0161abloonid ise.<\/p>\n","protected":false},"excerpt":{"rendered":"<ul>\n<li>Aitab kohandada iga Barefooti sadula Sinu hobuse turjale vastavaks<\/li>\n<li>Kasulik on omada neid mitu, sest see teeb sadula sobivaks paljudele hobustele<\/li>\n<li>Kerge vahetada: t\u00f5mbelukk lahti, vana kaar v\u00e4lja, uus sisse, lukk kinni<\/li>\n<\/ul>\n","protected":false},"featured_media":883,"template":"","meta":[],"product_brand":[],"product_cat":[360],"product_tag":[304],"class_list":{"0":"post-7479","1":"product","2":"type-product","3":"status-publish","4":"has-post-thumbnail","6":"product_cat-sadulatarvikud","7":"product_tag-reguleeritav","8":"product_shipping_class-pakiautomaat","9":"pa_width-keskmine","10":"pa_width-kitsas","11":"pa_width-lai","12":"pa_width-xxl-et","14":"first","15":"instock","16":"shipping-taxable","17":"purchasable","18":"product-type-variable"},"_links":{"self":[{"href":"https:\/\/www.barefoot-baltics.ee\/et\/wp-json\/wp\/v2\/product\/7479","targetHints":{"allow":["GET"]}}],"collection":[{"href":"https:\/\/www.barefoot-baltics.ee\/et\/wp-json\/wp\/v2\/product"}],"about":[{"href":"https:\/\/www.barefoot-baltics.ee\/et\/wp-json\/wp\/v2\/types\/product"}],"wp:featuredmedia":[{"embeddable":true,"href":"https:\/\/www.barefoot-baltics.ee\/et\/wp-json\/wp\/v2\/media\/883"}],"wp:attachment":[{"href":"https:\/\/www.barefoot-baltics.ee\/et\/wp-json\/wp\/v2\/media?parent=7479"}],"wp:term":[{"taxonomy":"product_brand","embeddable":true,"href":"https:\/\/www.barefoot-baltics.ee\/et\/wp-json\/wp\/v2\/product_brand?post=7479"},{"taxonomy":"product_cat","embeddable":true,"href":"https:\/\/www.barefoot-baltics.ee\/et\/wp-json\/wp\/v2\/product_cat?post=7479"},{"taxonomy":"product_tag","embeddable":true,"href":"https:\/\/www.barefoot-baltics.ee\/et\/wp-json\/wp\/v2\/product_tag?post=7479"}],"curies":[{"name":"wp","href":"https:\/\/api.w.org\/{rel}","templated":true}]}}