{"id":7475,"date":"2018-10-19T07:36:54","date_gmt":"2018-10-19T04:36:54","guid":{"rendered":"https:\/\/www.barefoot-baltics.ee\/product\/kaepidemetega-sadulakaar\/"},"modified":"2025-01-20T08:12:20","modified_gmt":"2025-01-20T06:12:20","slug":"kaepidemetega-sadulakaar","status":"publish","type":"product","link":"https:\/\/www.barefoot-baltics.ee\/et\/toode\/kaepidemetega-sadulakaar\/","title":{"rendered":"K\u00e4epidemetega sadulakaar"},"content":{"rendered":"<p>Meie k\u00e4epidemetega sadulakaar annab algajale ratsanikule mugava ja kindla toe ja suurendab enesekindlust sadulas. Seda saab kasutada k\u00f5ikide Barefooti sadulatega, millel on sarv, asendades sarvega sadulakaare k\u00e4epidemetega sadulakaarega. Sellega saab iga\u00fcks ise hakkama.<\/p>\n<p>Soovitame k\u00e4epidemetega sadulakaari:<\/p>\n<ul>\n<li>Ratsutamise alg\u00f5ppe tegemiseks.<\/li>\n<li>Hobuteraapia tegemiseks.<\/li>\n<li>N\u00e4rviliste hobustega ratsutamiseks.<\/li>\n<li>Ratsaniku enesekindluse taastamiseks.<\/li>\n<\/ul>\n<p>Lisaks vesternsadulatele saab k\u00e4epidemetega sadulakaare tellida ka \u201cT\u0161erokee\u201d ja \u201c\u0160aieeni\u201d erimudelitele, mille Sa saad kujundada ise. See lisab nende sadulate baashinnale 80 eurot.<\/p>\n<p>Selleks, et k\u00e4epidemetega sadulakaar Sinu hobusele paremini sobiks, saab kasutada ka valtrappi, kohendades seda t\u00e4idiste abil.<\/p>\n","protected":false},"excerpt":{"rendered":"<ul>\n<li>Kindel ja mugav k\u00e4epide<\/li>\n<li>Aitab kohandada sadulat hobuse turjale vastavaks<\/li>\n<li>Ergonoomilise kujuga k\u00e4epidemed<\/li>\n<li>Sobib h\u00e4sti algajatele ratsanikele ja hipoteraapiaks<\/li>\n<\/ul>\n","protected":false},"featured_media":888,"template":"","meta":[],"product_brand":[],"product_cat":[360],"product_tag":[327,323,304],"class_list":{"0":"post-7475","1":"product","2":"type-product","3":"status-publish","4":"has-post-thumbnail","6":"product_cat-sadulatarvikud","7":"product_tag-algajatele","8":"product_tag-eriti-mugav","9":"product_tag-reguleeritav","10":"product_shipping_class-pakiautomaat","11":"pa_width-keskmine","12":"pa_width-lai","13":"pa_width-xxl-et","15":"first","16":"onbackorder","17":"shipping-taxable","18":"purchasable","19":"product-type-variable"},"_links":{"self":[{"href":"https:\/\/www.barefoot-baltics.ee\/et\/wp-json\/wp\/v2\/product\/7475","targetHints":{"allow":["GET"]}}],"collection":[{"href":"https:\/\/www.barefoot-baltics.ee\/et\/wp-json\/wp\/v2\/product"}],"about":[{"href":"https:\/\/www.barefoot-baltics.ee\/et\/wp-json\/wp\/v2\/types\/product"}],"wp:featuredmedia":[{"embeddable":true,"href":"https:\/\/www.barefoot-baltics.ee\/et\/wp-json\/wp\/v2\/media\/888"}],"wp:attachment":[{"href":"https:\/\/www.barefoot-baltics.ee\/et\/wp-json\/wp\/v2\/media?parent=7475"}],"wp:term":[{"taxonomy":"product_brand","embeddable":true,"href":"https:\/\/www.barefoot-baltics.ee\/et\/wp-json\/wp\/v2\/product_brand?post=7475"},{"taxonomy":"product_cat","embeddable":true,"href":"https:\/\/www.barefoot-baltics.ee\/et\/wp-json\/wp\/v2\/product_cat?post=7475"},{"taxonomy":"product_tag","embeddable":true,"href":"https:\/\/www.barefoot-baltics.ee\/et\/wp-json\/wp\/v2\/product_tag?post=7475"}],"curies":[{"name":"wp","href":"https:\/\/api.w.org\/{rel}","templated":true}]}}