{"id":7464,"date":"2018-10-19T16:17:08","date_gmt":"2018-10-19T13:17:08","guid":{"rendered":"https:\/\/www.barefoot-baltics.ee\/product\/sarvega-sadulakaar\/"},"modified":"2025-04-02T15:48:50","modified_gmt":"2025-04-02T12:48:50","slug":"sarvega-sadulakaar","status":"publish","type":"product","link":"https:\/\/www.barefoot-baltics.ee\/et\/toode\/sarvega-sadulakaar\/","title":{"rendered":"Sarvega sadulakaar"},"content":{"rendered":"<p>Sarvega sadulakaar sobib k\u00f5ikidele Barefooti sarvega sadulatele. (NB! T\u00e4htis on seejuures, et sadulakaare lukk k\u00e4iks paremalt ja vasakult keskele kokku.) Seda on lihtne paigaldada: vaja on ainult t\u00f5mbelukk avada, sadulakaar vahetada ja t\u00f5mbelukk sulgeda.<\/p>\n<p>Sarvega sadulakaared on m\u00fc\u00fcgil kolmes erinevas suuruses. Selleks, et leida Sinu hobusele sobiv sadulakaar, v\u00f5id tellida meilt \u0161abloonikomplekti v\u00f5i tr\u00fckkida \u0161abloonid ise.<\/p>\n","protected":false},"excerpt":{"rendered":"<ul>\n<li>Kerge vahetada<\/li>\n<li>Saadaval on erinevad suurused ja v\u00e4rvid<\/li>\n<li>Erinevad suurused aitavad mugandada sadulat erinevatele hobustele ja hobuste seljakuju muutumisele aasta jooksul<\/li>\n<\/ul>\n","protected":false},"featured_media":909,"template":"","meta":[],"product_brand":[],"product_cat":[360],"product_tag":[304,354],"class_list":{"0":"post-7464","1":"product","2":"type-product","3":"status-publish","4":"has-post-thumbnail","6":"product_cat-sadulatarvikud","7":"product_tag-reguleeritav","8":"product_tag-vestern","9":"product_shipping_class-pakiautomaat","10":"pa_colour-hele","11":"pa_colour-black-et","12":"pa_colour-brown-et","13":"pa_colour-sokolaad","14":"pa_width-keskmine","15":"pa_width-lai","16":"pa_width-xxl-et","18":"first","19":"onbackorder","20":"shipping-taxable","21":"purchasable","22":"product-type-variable"},"_links":{"self":[{"href":"https:\/\/www.barefoot-baltics.ee\/et\/wp-json\/wp\/v2\/product\/7464","targetHints":{"allow":["GET"]}}],"collection":[{"href":"https:\/\/www.barefoot-baltics.ee\/et\/wp-json\/wp\/v2\/product"}],"about":[{"href":"https:\/\/www.barefoot-baltics.ee\/et\/wp-json\/wp\/v2\/types\/product"}],"wp:featuredmedia":[{"embeddable":true,"href":"https:\/\/www.barefoot-baltics.ee\/et\/wp-json\/wp\/v2\/media\/909"}],"wp:attachment":[{"href":"https:\/\/www.barefoot-baltics.ee\/et\/wp-json\/wp\/v2\/media?parent=7464"}],"wp:term":[{"taxonomy":"product_brand","embeddable":true,"href":"https:\/\/www.barefoot-baltics.ee\/et\/wp-json\/wp\/v2\/product_brand?post=7464"},{"taxonomy":"product_cat","embeddable":true,"href":"https:\/\/www.barefoot-baltics.ee\/et\/wp-json\/wp\/v2\/product_cat?post=7464"},{"taxonomy":"product_tag","embeddable":true,"href":"https:\/\/www.barefoot-baltics.ee\/et\/wp-json\/wp\/v2\/product_tag?post=7464"}],"curies":[{"name":"wp","href":"https:\/\/api.w.org\/{rel}","templated":true}]}}