{"id":7461,"date":"2018-10-20T11:11:21","date_gmt":"2018-10-20T08:11:21","guid":{"rendered":"https:\/\/www.barefoot-baltics.ee\/product\/dekoratiivne-sarv\/"},"modified":"2025-01-20T08:11:42","modified_gmt":"2025-01-20T06:11:42","slug":"dekoratiivne-sarv","status":"publish","type":"product","link":"https:\/\/www.barefoot-baltics.ee\/et\/toode\/dekoratiivne-sarv\/","title":{"rendered":"Dekoratiivne sarv"},"content":{"rendered":"<p>See kr\u00f5psuga kinnitatav dekoratiivne sarv k\u00e4ib kokku pehme sadulakaarega. Nii saab sarvega sadulale paigaldada pehme sadulakaare, mis teeb selle hobusele veel mugavamaks, ilma et selle v\u00e4limus muutuks. See lahendus sobib v\u00e4ga h\u00e4sti hobuste puhul, kes on v\u00e4ga tundlikud v\u00f5i kelle turi on v\u00e4ga lai.<\/p>\n<p>Dekoratiivne sarv sobib k\u00f5ikidele meie vesternsadulatele. Sellega sobiv pehme sadulakaar on m\u00fc\u00fcgil eraldi.<\/p>\n<p>NB! See sarv ei ole piisavalt tugev, et selle k\u00fclge midagi kinnitada.<\/p>\n","protected":false},"excerpt":{"rendered":"<ul>\n<li>Dekoratiivne sadulasarv, mille k\u00fclge midagi kinnitada ei saa<\/li>\n<li>Kinnitub kr\u00f5psuga<\/li>\n<li>Sobib kokku pehme sadulakaarega<\/li>\n<\/ul>\n","protected":false},"featured_media":914,"template":"","meta":[],"product_brand":[],"product_cat":[360],"product_tag":[337,354],"class_list":{"0":"post-7461","1":"product","2":"type-product","3":"status-publish","4":"has-post-thumbnail","6":"product_cat-sadulatarvikud","7":"product_tag-nahast","8":"product_tag-vestern","9":"product_shipping_class-pakiautomaat","10":"pa_colour-black-et","11":"pa_colour-brown-et","13":"first","14":"onbackorder","15":"shipping-taxable","16":"purchasable","17":"product-type-variable"},"_links":{"self":[{"href":"https:\/\/www.barefoot-baltics.ee\/et\/wp-json\/wp\/v2\/product\/7461","targetHints":{"allow":["GET"]}}],"collection":[{"href":"https:\/\/www.barefoot-baltics.ee\/et\/wp-json\/wp\/v2\/product"}],"about":[{"href":"https:\/\/www.barefoot-baltics.ee\/et\/wp-json\/wp\/v2\/types\/product"}],"wp:featuredmedia":[{"embeddable":true,"href":"https:\/\/www.barefoot-baltics.ee\/et\/wp-json\/wp\/v2\/media\/914"}],"wp:attachment":[{"href":"https:\/\/www.barefoot-baltics.ee\/et\/wp-json\/wp\/v2\/media?parent=7461"}],"wp:term":[{"taxonomy":"product_brand","embeddable":true,"href":"https:\/\/www.barefoot-baltics.ee\/et\/wp-json\/wp\/v2\/product_brand?post=7461"},{"taxonomy":"product_cat","embeddable":true,"href":"https:\/\/www.barefoot-baltics.ee\/et\/wp-json\/wp\/v2\/product_cat?post=7461"},{"taxonomy":"product_tag","embeddable":true,"href":"https:\/\/www.barefoot-baltics.ee\/et\/wp-json\/wp\/v2\/product_tag?post=7461"}],"curies":[{"name":"wp","href":"https:\/\/api.w.org\/{rel}","templated":true}]}}