{"id":7458,"date":"2018-10-20T11:24:04","date_gmt":"2018-10-20T08:24:04","guid":{"rendered":"https:\/\/www.barefoot-baltics.ee\/product\/pehme-sadulakaar\/"},"modified":"2025-01-20T08:11:35","modified_gmt":"2025-01-20T06:11:35","slug":"pehme-sadulakaar","status":"publish","type":"product","link":"https:\/\/www.barefoot-baltics.ee\/et\/toode\/pehme-sadulakaar\/","title":{"rendered":"Pehme sadulakaar"},"content":{"rendered":"<p>Kiudklaasist k\u00f5va sadulakaare v\u00f5ib asendada ka pehme sadulakaarega, mis on valmistatud puuvillast. See sadulakaar on painduv nagu kaisukaru ja seda igas suunas. Soovitame pehmet sadulakaart juhul, kui Sinu hobuse turjapiirkond on erakordselt tundlik.<\/p>\n<p>Paigaldada on seda v\u00e4ga lihtne: ava t\u00f5mbelukk, vaheta sadulakaar ja sulge t\u00f5mbelukk.<\/p>\n<p>Suurus 0\/1\/2 sobib sadulatele suurustega 0, 1 ja 2. Sadulakaar suurusega XO sobib ainult lastesadulatele.<\/p>\n","protected":false},"excerpt":{"rendered":"<ul>\n<li>Pehme nagu laste m\u00e4ngukaru<\/li>\n<li>Kerge paigaldada<\/li>\n<li>Sobib h\u00e4sti tundlikele hobustele<\/li>\n<li>Sobib h\u00e4sti ka v\u00e4ga laia turjaga hobustele<\/li>\n<\/ul>\n","protected":false},"featured_media":920,"template":"","meta":[],"product_brand":[],"product_cat":[360],"product_tag":[323,313],"class_list":{"0":"post-7458","1":"product","2":"type-product","3":"status-publish","4":"has-post-thumbnail","6":"product_cat-sadulatarvikud","7":"product_tag-eriti-mugav","8":"product_tag-puuvillast","9":"product_shipping_class-pakiautomaat","10":"pa_size-0-1-2-et","11":"pa_size-x0-et","13":"first","14":"onbackorder","15":"shipping-taxable","16":"purchasable","17":"product-type-variable"},"_links":{"self":[{"href":"https:\/\/www.barefoot-baltics.ee\/et\/wp-json\/wp\/v2\/product\/7458","targetHints":{"allow":["GET"]}}],"collection":[{"href":"https:\/\/www.barefoot-baltics.ee\/et\/wp-json\/wp\/v2\/product"}],"about":[{"href":"https:\/\/www.barefoot-baltics.ee\/et\/wp-json\/wp\/v2\/types\/product"}],"wp:featuredmedia":[{"embeddable":true,"href":"https:\/\/www.barefoot-baltics.ee\/et\/wp-json\/wp\/v2\/media\/920"}],"wp:attachment":[{"href":"https:\/\/www.barefoot-baltics.ee\/et\/wp-json\/wp\/v2\/media?parent=7458"}],"wp:term":[{"taxonomy":"product_brand","embeddable":true,"href":"https:\/\/www.barefoot-baltics.ee\/et\/wp-json\/wp\/v2\/product_brand?post=7458"},{"taxonomy":"product_cat","embeddable":true,"href":"https:\/\/www.barefoot-baltics.ee\/et\/wp-json\/wp\/v2\/product_cat?post=7458"},{"taxonomy":"product_tag","embeddable":true,"href":"https:\/\/www.barefoot-baltics.ee\/et\/wp-json\/wp\/v2\/product_tag?post=7458"}],"curies":[{"name":"wp","href":"https:\/\/api.w.org\/{rel}","templated":true}]}}